{"id":1114,"date":"2024-06-14T10:59:58","date_gmt":"2024-06-14T10:59:58","guid":{"rendered":"https:\/\/ibutamorenmk677.com\/erstattungspolitik\/"},"modified":"2025-04-10T15:08:45","modified_gmt":"2025-04-10T15:08:45","slug":"erstattungspolitik","status":"publish","type":"page","link":"https:\/\/ibutamorenmk677.com\/de\/erstattungspolitik\/","title":{"rendered":"Erstattungspolitik"},"content":{"rendered":"\n<p><strong>Zufriedenheitsgarantie<\/strong><br\/>Bei BIAXOL hat Ihre Zufriedenheit h\u00f6chste Priorit\u00e4t. Wir stehen hinter der Qualit\u00e4t unserer Produkte und sind bestrebt, Ihnen ein reibungsloses Erlebnis zu bieten. Bitte lesen Sie unsere detaillierten Erstattungsrichtlinien unten:<\/p>\n\n<p><strong>R\u00fcckerstattungsrichtlinie<\/strong><br\/>Keine R\u00fcckerstattung: BIAXOL bietet keine R\u00fcckerstattungen f\u00fcr K\u00e4ufe, die \u00fcber Biaxol.com get\u00e4tigt wurden, es sei denn, es liegt ein Fehler bei der Lieferung vor oder es wurde nachgewiesen, dass die Reinheit des Produkts nicht den auf unserer Website angegebenen Spezifikationen entspricht.<br\/>R\u00fcckgabebedingungen: R\u00fcckerstattungen werden nur gew\u00e4hrt, nachdem die Artikel auf Kosten des K\u00e4ufers an uns zur\u00fcckgeschickt wurden. Aufgrund der Beschaffenheit unserer Forschungsprodukte k\u00f6nnen wir nicht feststellen, welchen Bedingungen sie ausgesetzt waren, nachdem sie unsere Einrichtung verlassen haben.<br\/>Fehlende Produkte: Sollte ein Produkt in Ihrer Bestellung fehlen, kontaktieren Sie uns bitte umgehend.  Nachdem wir Ihren Anspruch \u00fcberpr\u00fcft haben, schicken wir Ihnen das\/die fehlende(n) Produkt(e) zu.<\/p>\n\n<p><strong>Unzustellbare Bestellungen<\/strong><br\/>Auf dem Transportweg verloren gegangen: Wenn Ihre Bestellung w\u00e4hrend des Transports verloren geht, senden wir Ihnen einen Ersatz, basierend auf den Kriterien des Kurierdienstes f\u00fcr verloren gegangene Sendungen, wie in Ihren Tracking-Informationen angegeben.<br\/>Als zugestellt markiert: Wenn auf Ihrer Sendungsverfolgung &#8216;zugestellt&#8217; steht, Sie Ihre Bestellung aber nicht erhalten haben, fragen Sie zun\u00e4chst bei Ihrem \u00f6rtlichen Postamt nach. Wenn Sie sie noch nicht erhalten haben, kontaktieren Sie uns unter biaxol.com.<br\/><strong><br\/><\/strong><strong>R\u00fccklieferungsgeb\u00fchr f\u00fcr zur\u00fcckgesendete Bestellungen<\/strong><br\/>Falsche Informationen: Wenn Ihre Bestellung aufgrund falscher oder unzureichender Lieferinformationen zur\u00fcckgeschickt wird oder wenn die Ware ohne Verschulden von Biaxol.com unzustellbar ist, k\u00f6nnen wir eine Geb\u00fchr f\u00fcr die erneute Zustellung in H\u00f6he der Kosten f\u00fcr die erneute Zustellung erheben.<br\/>Rechtzeitige Abholung: Vergewissern Sie sich, dass Sie korrekte postalische Angaben machen und Ihre Artikel rechtzeitig bei Ihrem \u00f6rtlichen Postamt abholen, um Kosten f\u00fcr eine erneute Zustellung zu vermeiden.<br\/>Zustellung durch Dritte: Alle Lieferungen werden von Drittanbietern durchgef\u00fchrt und unterliegen deren Allgemeinen Gesch\u00e4ftsbedingungen. Obwohl wir uns bem\u00fchen, Ihre Bestellung umgehend zu liefern, k\u00f6nnen wir keine bestimmten Lieferzeiten oder Servicelevel garantieren.<\/p>\n\n<p><strong>Verlorene oder gestohlene Pakete<\/strong><br\/>Verantwortung: Wir sind nicht verantwortlich f\u00fcr Pakete, die verloren gehen oder gestohlen werden, nachdem die Tracking-Informationen die erfolgreiche Zustellung best\u00e4tigt haben. Die Mitglieder sind f\u00fcr ihre Bestellungen ab dem Zeitpunkt verantwortlich, an dem das Paket als &#8216;zugestellt&#8217; markiert wird, bis es geliefert wird.<\/p>\n\n<p><strong>Haftungsausschluss<\/strong><br\/>Nur f\u00fcr Forschungszwecke: Alle BIAXOL-Produkte sind nur f\u00fcr Forschungszwecke bestimmt und dienen nicht der Behandlung, Heilung oder Vorbeugung von Krankheiten. Sie sind ausschlie\u00dflich f\u00fcr den Gebrauch im Labor und f\u00fcr die pers\u00f6nliche Forschung bestimmt. K\u00e4ufer m\u00fcssen mindestens 18 Jahre alt sein, um BIAXOL-Produkte kaufen zu k\u00f6nnen.<br\/>Information Zweck: Alle Informationen \u00fcber BIAXOL-Produkte, die Website und Mitteilungen dienen ausschlie\u00dflich Informations- und Bildungszwecken und sind kein Ersatz f\u00fcr medizinische Beratung durch Fachleute.<\/p>\n\n<p><strong>Beschlagnahmte Sendungen &amp; Zoll (Internationale Bestellungen)<\/strong><br\/>Beschlagnahmte Sendungen: Wenn eine Sendung beschlagnahmt wird, bieten wir eine einmalige kostenlose R\u00fccksendung an. Wenn der Artikel erneut beschlagnahmt wird, erstatten wir die Bestellung nicht, k\u00f6nnen aber eine erneute Lieferung oder eine Gutschrift anbieten.<br\/>Zollgeb\u00fchren: Einfuhrsteuern, Z\u00f6lle und damit verbundene Zollgeb\u00fchren k\u00f6nnen bei der Ankunft am endg\u00fcltigen Bestimmungsort erhoben werden. Diese Geb\u00fchren liegen in der Verantwortung des K\u00e4ufers und werden nicht von BIAXOL \u00fcbernommen.<br\/>Zollverz\u00f6gerungen: Wir sind nicht verantwortlich f\u00fcr Verz\u00f6gerungen, die durch den Zoll in Ihrem Land verursacht werden.   N\u00e4here Informationen zu den Geb\u00fchren erhalten Sie von Ihrem \u00f6rtlichen Zollamt.<\/p>\n\n<p><strong>Stornieren oder \u00c4ndern einer Bestellung<\/strong><br\/>\u00c4nderung: Um Ihre Bestellung zu \u00e4ndern, senden Sie uns bitte so schnell wie m\u00f6glich nach der Bestellung eine E-Mail. Wir k\u00f6nnen Ihre Bestellung nur \u00e4ndern, wenn sie noch nicht versandt wurde.<br\/>Stornierung: Unser Team ist Ihnen bei der Stornierung Ihrer Bestellung behilflich und erstattet Ihnen den Betrag in Form von Gutschriften f\u00fcr zuk\u00fcnftige Eink\u00e4ufe. <\/p>\n\n<p>\n          <strong>Bitte beachten Sie, dass wir nach dem Versand Ihrer Bestellung keine Kontrolle \u00fcber Verz\u00f6gerungen jeglicher Art haben und daher nicht in der Lage sind, den genauen Zeitpunkt der Ankunft zu garantieren.<\/strong>\n        <\/p>\n","protected":false},"excerpt":{"rendered":"<p>ZufriedenheitsgarantieBei BIAXOL hat Ihre Zufriedenheit h\u00f6chste Priorit\u00e4t. Wir stehen hinter der Qualit\u00e4t unserer Produkte und sind bestrebt, Ihnen ein reibungsloses Erlebnis zu bieten. Bitte lesen Sie unsere detaillierten Erstattungsrichtlinien unten: R\u00fcckerstattungsrichtlinieKeine R\u00fcckerstattung: BIAXOL bietet keine R\u00fcckerstattungen f\u00fcr K\u00e4ufe, die \u00fcber Biaxol.com get\u00e4tigt wurden, es sei denn, es liegt ein Fehler bei der Lieferung vor oder [&hellip;]<\/p>\n","protected":false},"author":1,"featured_media":0,"parent":0,"menu_order":0,"comment_status":"closed","ping_status":"closed","template":"","meta":{"_acf_changed":false,"footnotes":""},"class_list":["post-1114","page","type-page","status-publish","hentry"],"acf":[],"yoast_head":"<!-- This site is optimized with the Yoast SEO plugin v23.9 - https:\/\/yoast.com\/wordpress\/plugins\/seo\/ -->\n<title>Erstattungspolitik - Biaxol Supplements<\/title>\n<meta name=\"robots\" content=\"index, follow, max-snippet:-1, max-image-preview:large, max-video-preview:-1\" \/>\n<link rel=\"canonical\" href=\"https:\/\/ibutamorenmk677.com\/de\/erstattungspolitik\/\" \/>\n<meta property=\"og:locale\" content=\"de_DE\" \/>\n<meta property=\"og:type\" content=\"article\" \/>\n<meta property=\"og:title\" content=\"Erstattungspolitik - Biaxol Supplements\" \/>\n<meta property=\"og:description\" content=\"ZufriedenheitsgarantieBei BIAXOL hat Ihre Zufriedenheit h\u00f6chste Priorit\u00e4t. Wir stehen hinter der Qualit\u00e4t unserer Produkte und sind bestrebt, Ihnen ein reibungsloses Erlebnis zu bieten. Bitte lesen Sie unsere detaillierten Erstattungsrichtlinien unten: R\u00fcckerstattungsrichtlinieKeine R\u00fcckerstattung: BIAXOL bietet keine R\u00fcckerstattungen f\u00fcr K\u00e4ufe, die \u00fcber Biaxol.com get\u00e4tigt wurden, es sei denn, es liegt ein Fehler bei der Lieferung vor oder [&hellip;]\" \/>\n<meta property=\"og:url\" content=\"https:\/\/ibutamorenmk677.com\/de\/erstattungspolitik\/\" \/>\n<meta property=\"og:site_name\" content=\"Biaxol Supplements\" \/>\n<meta property=\"article:modified_time\" content=\"2025-04-10T15:08:45+00:00\" \/>\n<meta name=\"twitter:card\" content=\"summary_large_image\" \/>\n<meta name=\"twitter:label1\" content=\"Est. reading time\" \/>\n\t<meta name=\"twitter:data1\" content=\"3 minutes\" \/>\n<script type=\"application\/ld+json\" class=\"yoast-schema-graph\">{\"@context\":\"https:\/\/schema.org\",\"@graph\":[{\"@type\":\"WebPage\",\"@id\":\"https:\/\/ibutamorenmk677.com\/de\/erstattungspolitik\/\",\"url\":\"https:\/\/ibutamorenmk677.com\/de\/erstattungspolitik\/\",\"name\":\"Erstattungspolitik - Biaxol Supplements\",\"isPartOf\":{\"@id\":\"https:\/\/ibutamorenmk677.com\/de\/#website\"},\"datePublished\":\"2024-06-14T10:59:58+00:00\",\"dateModified\":\"2025-04-10T15:08:45+00:00\",\"breadcrumb\":{\"@id\":\"https:\/\/ibutamorenmk677.com\/de\/erstattungspolitik\/#breadcrumb\"},\"inLanguage\":\"de-DE\",\"potentialAction\":[{\"@type\":\"ReadAction\",\"target\":[\"https:\/\/ibutamorenmk677.com\/de\/erstattungspolitik\/\"]}]},{\"@type\":\"BreadcrumbList\",\"@id\":\"https:\/\/ibutamorenmk677.com\/de\/erstattungspolitik\/#breadcrumb\",\"itemListElement\":[{\"@type\":\"ListItem\",\"position\":1,\"name\":\"Home\",\"item\":\"https:\/\/ibutamorenmk677.com\/de\/\"},{\"@type\":\"ListItem\",\"position\":2,\"name\":\"Erstattungspolitik\"}]},{\"@type\":\"WebSite\",\"@id\":\"https:\/\/ibutamorenmk677.com\/de\/#website\",\"url\":\"https:\/\/ibutamorenmk677.com\/de\/\",\"name\":\"Biaxol Supplements\",\"description\":\"\",\"potentialAction\":[{\"@type\":\"SearchAction\",\"target\":{\"@type\":\"EntryPoint\",\"urlTemplate\":\"https:\/\/ibutamorenmk677.com\/de\/?s={search_term_string}\"},\"query-input\":{\"@type\":\"PropertyValueSpecification\",\"valueRequired\":true,\"valueName\":\"search_term_string\"}}],\"inLanguage\":\"de-DE\"}]}<\/script>\n<!-- \/ Yoast SEO plugin. -->","yoast_head_json":{"title":"Erstattungspolitik - Biaxol Supplements","robots":{"index":"index","follow":"follow","max-snippet":"max-snippet:-1","max-image-preview":"max-image-preview:large","max-video-preview":"max-video-preview:-1"},"canonical":"https:\/\/ibutamorenmk677.com\/de\/erstattungspolitik\/","og_locale":"de_DE","og_type":"article","og_title":"Erstattungspolitik - Biaxol Supplements","og_description":"ZufriedenheitsgarantieBei BIAXOL hat Ihre Zufriedenheit h\u00f6chste Priorit\u00e4t. Wir stehen hinter der Qualit\u00e4t unserer Produkte und sind bestrebt, Ihnen ein reibungsloses Erlebnis zu bieten. Bitte lesen Sie unsere detaillierten Erstattungsrichtlinien unten: R\u00fcckerstattungsrichtlinieKeine R\u00fcckerstattung: BIAXOL bietet keine R\u00fcckerstattungen f\u00fcr K\u00e4ufe, die \u00fcber Biaxol.com get\u00e4tigt wurden, es sei denn, es liegt ein Fehler bei der Lieferung vor oder [&hellip;]","og_url":"https:\/\/ibutamorenmk677.com\/de\/erstattungspolitik\/","og_site_name":"Biaxol Supplements","article_modified_time":"2025-04-10T15:08:45+00:00","twitter_card":"summary_large_image","twitter_misc":{"Est. reading time":"3 minutes"},"schema":{"@context":"https:\/\/schema.org","@graph":[{"@type":"WebPage","@id":"https:\/\/ibutamorenmk677.com\/de\/erstattungspolitik\/","url":"https:\/\/ibutamorenmk677.com\/de\/erstattungspolitik\/","name":"Erstattungspolitik - Biaxol Supplements","isPartOf":{"@id":"https:\/\/ibutamorenmk677.com\/de\/#website"},"datePublished":"2024-06-14T10:59:58+00:00","dateModified":"2025-04-10T15:08:45+00:00","breadcrumb":{"@id":"https:\/\/ibutamorenmk677.com\/de\/erstattungspolitik\/#breadcrumb"},"inLanguage":"de-DE","potentialAction":[{"@type":"ReadAction","target":["https:\/\/ibutamorenmk677.com\/de\/erstattungspolitik\/"]}]},{"@type":"BreadcrumbList","@id":"https:\/\/ibutamorenmk677.com\/de\/erstattungspolitik\/#breadcrumb","itemListElement":[{"@type":"ListItem","position":1,"name":"Home","item":"https:\/\/ibutamorenmk677.com\/de\/"},{"@type":"ListItem","position":2,"name":"Erstattungspolitik"}]},{"@type":"WebSite","@id":"https:\/\/ibutamorenmk677.com\/de\/#website","url":"https:\/\/ibutamorenmk677.com\/de\/","name":"Biaxol Supplements","description":"","potentialAction":[{"@type":"SearchAction","target":{"@type":"EntryPoint","urlTemplate":"https:\/\/ibutamorenmk677.com\/de\/?s={search_term_string}"},"query-input":{"@type":"PropertyValueSpecification","valueRequired":true,"valueName":"search_term_string"}}],"inLanguage":"de-DE"}]}},"_links":{"self":[{"href":"https:\/\/ibutamorenmk677.com\/de\/wp-json\/wp\/v2\/pages\/1114","targetHints":{"allow":["GET"]}}],"collection":[{"href":"https:\/\/ibutamorenmk677.com\/de\/wp-json\/wp\/v2\/pages"}],"about":[{"href":"https:\/\/ibutamorenmk677.com\/de\/wp-json\/wp\/v2\/types\/page"}],"author":[{"embeddable":true,"href":"https:\/\/ibutamorenmk677.com\/de\/wp-json\/wp\/v2\/users\/1"}],"replies":[{"embeddable":true,"href":"https:\/\/ibutamorenmk677.com\/de\/wp-json\/wp\/v2\/comments?post=1114"}],"version-history":[{"count":4,"href":"https:\/\/ibutamorenmk677.com\/de\/wp-json\/wp\/v2\/pages\/1114\/revisions"}],"predecessor-version":[{"id":2056,"href":"https:\/\/ibutamorenmk677.com\/de\/wp-json\/wp\/v2\/pages\/1114\/revisions\/2056"}],"wp:attachment":[{"href":"https:\/\/ibutamorenmk677.com\/de\/wp-json\/wp\/v2\/media?parent=1114"}],"curies":[{"name":"wp","href":"https:\/\/api.w.org\/{rel}","templated":true}]}}