{"id":1158,"date":"2024-06-26T12:22:15","date_gmt":"2024-06-26T12:22:15","guid":{"rendered":"https:\/\/ibutamorenmk677.com\/lieferpolitik\/"},"modified":"2024-07-23T12:13:23","modified_gmt":"2024-07-23T12:13:23","slug":"lieferpolitik","status":"publish","type":"page","link":"https:\/\/ibutamorenmk677.com\/de\/lieferpolitik\/","title":{"rendered":"Lieferpolitik"},"content":{"rendered":"\n<ol class=\"wp-block-list\">\n<li>Versand innerhalb der EU &#8211; 8 EUR. Versand au\u00dferhalb der EU &#8211; 15 EUR.<\/li>\n\n\n\n<li>Alle Bestellungen werden innerhalb von 24 Stunden versandt, wenn sie vor unserer Annahmeschlusszeit aufgegeben werden (au\u00dfer an Wochenenden und Feiertagen).<\/li>\n\n\n\n<li>F\u00fcr Bestellungen, die nach diesem Termin aufgegeben werden, k\u00f6nnen wir keinen Versand am selben Tag garantieren.<\/li>\n\n\n\n<li>Bestellungen aus der EU werden in der Regel innerhalb von 2-5 Werktagen geliefert. Die internationalen Lieferzeiten variieren stark zwischen 5-14 Werktagen, je nach Zielort.<\/li>\n\n\n\n<li>Bitte beachten Sie, dass wir nach dem Versand Ihrer Bestellung keine Kontrolle \u00fcber Verz\u00f6gerungen jeglicher Art haben und daher nicht in der Lage sind, den genauen Zeitpunkt der Ankunft zu garantieren.<\/li>\n\n\n\n<li>Unser Support-Team steht Ihnen rund um die Uhr per Chat oder E-Mail zur Verf\u00fcgung, wenn Sie Fragen oder Bedenken bez\u00fcglich Ihrer Lieferung haben.<\/li>\n\n\n\n<li>Auf der Seite Kasse k\u00f6nnen Sie die Funktion Paketschutz (f\u00fcr zus\u00e4tzliche 10 EUR) w\u00e4hlen, die den kostenlosen R\u00fcckversand Ihres Pakets garantiert, wenn es w\u00e4hrend des Transports besch\u00e4digt wird, gestohlen wird oder verloren geht.<\/li>\n<\/ol>\n","protected":false},"excerpt":{"rendered":"","protected":false},"author":1,"featured_media":0,"parent":0,"menu_order":0,"comment_status":"closed","ping_status":"closed","template":"","meta":{"_acf_changed":false,"footnotes":""},"class_list":["post-1158","page","type-page","status-publish","hentry"],"acf":[],"yoast_head":"<!-- This site is optimized with the Yoast SEO plugin v23.9 - https:\/\/yoast.com\/wordpress\/plugins\/seo\/ -->\n<title>Lieferpolitik - Biaxol Supplements<\/title>\n<meta name=\"robots\" content=\"index, follow, max-snippet:-1, max-image-preview:large, max-video-preview:-1\" \/>\n<link rel=\"canonical\" href=\"https:\/\/ibutamorenmk677.com\/de\/lieferpolitik\/\" \/>\n<meta property=\"og:locale\" content=\"de_DE\" \/>\n<meta property=\"og:type\" content=\"article\" \/>\n<meta property=\"og:title\" content=\"Lieferpolitik - Biaxol Supplements\" \/>\n<meta property=\"og:url\" content=\"https:\/\/ibutamorenmk677.com\/de\/lieferpolitik\/\" \/>\n<meta property=\"og:site_name\" content=\"Biaxol Supplements\" \/>\n<meta property=\"article:modified_time\" content=\"2024-07-23T12:13:23+00:00\" \/>\n<meta name=\"twitter:card\" content=\"summary_large_image\" \/>\n<meta name=\"twitter:label1\" content=\"Est. reading time\" \/>\n\t<meta name=\"twitter:data1\" content=\"1 minute\" \/>\n<script type=\"application\/ld+json\" class=\"yoast-schema-graph\">{\"@context\":\"https:\/\/schema.org\",\"@graph\":[{\"@type\":\"WebPage\",\"@id\":\"https:\/\/ibutamorenmk677.com\/de\/lieferpolitik\/\",\"url\":\"https:\/\/ibutamorenmk677.com\/de\/lieferpolitik\/\",\"name\":\"Lieferpolitik - Biaxol Supplements\",\"isPartOf\":{\"@id\":\"https:\/\/ibutamorenmk677.com\/de\/#website\"},\"datePublished\":\"2024-06-26T12:22:15+00:00\",\"dateModified\":\"2024-07-23T12:13:23+00:00\",\"breadcrumb\":{\"@id\":\"https:\/\/ibutamorenmk677.com\/de\/lieferpolitik\/#breadcrumb\"},\"inLanguage\":\"de-DE\",\"potentialAction\":[{\"@type\":\"ReadAction\",\"target\":[\"https:\/\/ibutamorenmk677.com\/de\/lieferpolitik\/\"]}]},{\"@type\":\"BreadcrumbList\",\"@id\":\"https:\/\/ibutamorenmk677.com\/de\/lieferpolitik\/#breadcrumb\",\"itemListElement\":[{\"@type\":\"ListItem\",\"position\":1,\"name\":\"Home\",\"item\":\"https:\/\/ibutamorenmk677.com\/de\/\"},{\"@type\":\"ListItem\",\"position\":2,\"name\":\"Lieferpolitik\"}]},{\"@type\":\"WebSite\",\"@id\":\"https:\/\/ibutamorenmk677.com\/de\/#website\",\"url\":\"https:\/\/ibutamorenmk677.com\/de\/\",\"name\":\"Biaxol Supplements\",\"description\":\"\",\"potentialAction\":[{\"@type\":\"SearchAction\",\"target\":{\"@type\":\"EntryPoint\",\"urlTemplate\":\"https:\/\/ibutamorenmk677.com\/de\/?s={search_term_string}\"},\"query-input\":{\"@type\":\"PropertyValueSpecification\",\"valueRequired\":true,\"valueName\":\"search_term_string\"}}],\"inLanguage\":\"de-DE\"}]}<\/script>\n<!-- \/ Yoast SEO plugin. -->","yoast_head_json":{"title":"Lieferpolitik - Biaxol Supplements","robots":{"index":"index","follow":"follow","max-snippet":"max-snippet:-1","max-image-preview":"max-image-preview:large","max-video-preview":"max-video-preview:-1"},"canonical":"https:\/\/ibutamorenmk677.com\/de\/lieferpolitik\/","og_locale":"de_DE","og_type":"article","og_title":"Lieferpolitik - Biaxol Supplements","og_url":"https:\/\/ibutamorenmk677.com\/de\/lieferpolitik\/","og_site_name":"Biaxol Supplements","article_modified_time":"2024-07-23T12:13:23+00:00","twitter_card":"summary_large_image","twitter_misc":{"Est. reading time":"1 minute"},"schema":{"@context":"https:\/\/schema.org","@graph":[{"@type":"WebPage","@id":"https:\/\/ibutamorenmk677.com\/de\/lieferpolitik\/","url":"https:\/\/ibutamorenmk677.com\/de\/lieferpolitik\/","name":"Lieferpolitik - Biaxol Supplements","isPartOf":{"@id":"https:\/\/ibutamorenmk677.com\/de\/#website"},"datePublished":"2024-06-26T12:22:15+00:00","dateModified":"2024-07-23T12:13:23+00:00","breadcrumb":{"@id":"https:\/\/ibutamorenmk677.com\/de\/lieferpolitik\/#breadcrumb"},"inLanguage":"de-DE","potentialAction":[{"@type":"ReadAction","target":["https:\/\/ibutamorenmk677.com\/de\/lieferpolitik\/"]}]},{"@type":"BreadcrumbList","@id":"https:\/\/ibutamorenmk677.com\/de\/lieferpolitik\/#breadcrumb","itemListElement":[{"@type":"ListItem","position":1,"name":"Home","item":"https:\/\/ibutamorenmk677.com\/de\/"},{"@type":"ListItem","position":2,"name":"Lieferpolitik"}]},{"@type":"WebSite","@id":"https:\/\/ibutamorenmk677.com\/de\/#website","url":"https:\/\/ibutamorenmk677.com\/de\/","name":"Biaxol Supplements","description":"","potentialAction":[{"@type":"SearchAction","target":{"@type":"EntryPoint","urlTemplate":"https:\/\/ibutamorenmk677.com\/de\/?s={search_term_string}"},"query-input":{"@type":"PropertyValueSpecification","valueRequired":true,"valueName":"search_term_string"}}],"inLanguage":"de-DE"}]}},"_links":{"self":[{"href":"https:\/\/ibutamorenmk677.com\/de\/wp-json\/wp\/v2\/pages\/1158","targetHints":{"allow":["GET"]}}],"collection":[{"href":"https:\/\/ibutamorenmk677.com\/de\/wp-json\/wp\/v2\/pages"}],"about":[{"href":"https:\/\/ibutamorenmk677.com\/de\/wp-json\/wp\/v2\/types\/page"}],"author":[{"embeddable":true,"href":"https:\/\/ibutamorenmk677.com\/de\/wp-json\/wp\/v2\/users\/1"}],"replies":[{"embeddable":true,"href":"https:\/\/ibutamorenmk677.com\/de\/wp-json\/wp\/v2\/comments?post=1158"}],"version-history":[{"count":4,"href":"https:\/\/ibutamorenmk677.com\/de\/wp-json\/wp\/v2\/pages\/1158\/revisions"}],"predecessor-version":[{"id":1229,"href":"https:\/\/ibutamorenmk677.com\/de\/wp-json\/wp\/v2\/pages\/1158\/revisions\/1229"}],"wp:attachment":[{"href":"https:\/\/ibutamorenmk677.com\/de\/wp-json\/wp\/v2\/media?parent=1158"}],"curies":[{"name":"wp","href":"https:\/\/api.w.org\/{rel}","templated":true}]}}