{"id":904,"date":"2024-05-14T11:52:30","date_gmt":"2024-05-14T11:52:30","guid":{"rendered":"https:\/\/ibutamorenmk677.com\/datenschutzbestimmungen\/"},"modified":"2024-06-19T12:25:23","modified_gmt":"2024-06-19T12:25:23","slug":"datenschutzbestimmungen","status":"publish","type":"page","link":"https:\/\/ibutamorenmk677.com\/de\/datenschutzbestimmungen\/","title":{"rendered":"Datenschutzbestimmungen"},"content":{"rendered":"<p>Bei jeder Bestellung, die Sie bei uns aufgeben, verarbeiten wir die folgenden pers\u00f6nlichen Daten.<\/p>\n<p>&#8211; Vorname und Nachname<\/p>\n<p>&#8211; Lieferadresse (Stra\u00dfe, Hausnummer, Postleitzahl und Ort)<\/p>\n<p>&#8211; [Optional] Rechnungsadresse (Stra\u00dfe, Hausnummer, Postleitzahl und Ort)<\/p>\n<p>&#8211; Telefon Nummer<\/p>\n<p>&#8211; [Optional] Geburtsdatum<\/p>\n<p>-E-Mail-Adresse<\/p>\n<p>Wir verarbeiten diese pers\u00f6nlichen Informationen, um Ihre Bestellung zu bearbeiten und um eventuelle R\u00fcckfragen zu Ihrer Bestellung beantworten zu k\u00f6nnen. Die Gr\u00fcnde f\u00fcr die Verarbeitung sind der Vertrag, den wir mit Ihnen geschlossen haben, und die Erf\u00fcllung unserer gesetzlichen Verpflichtungen. Dies sind unsere gesetzlichen Verwaltungspflichten.<\/p>\n<h2 class=\"wp-block-heading\">ABSCHNITT 2 &#8211; WELCHE PERSONENBEZOGENEN DATEN VERARBEITEN WIR, WENN SIE EIN KONTO ERSTELLEN?<\/h2>\n<p>Um die Bestellung zu vereinfachen, k\u00f6nnen Sie auch ein Konto anlegen. Wenn Sie ein Konto erstellen und die entsprechenden Daten eingeben, verarbeiten wir die folgenden personenbezogenen Daten:<\/p>\n<p>&#8211; Vorname und Nachname<br \/>\n-[Optional] Geburtsdatum<br \/>\n-Eingetragene Adressen im Adressbuch<br \/>\n&#8211; \u00dcbersicht \u00fcber Ihre Bestellungen<br \/>\n&#8211; Rezensionen<br \/>\n&#8211; Ihre Favoriten<br \/>\n&#8211; Telefon Nummer<br \/>\n&#8211; E-Mail Adresse<\/p>\n<p>Wir verwenden diese pers\u00f6nlichen Informationen, um Ihre Bestellungen zu bearbeiten und um Anfragen zu Ihrer Bestellung zu beantworten. Wir verwenden Ihre Favoriten, die \u00dcbersicht Ihrer Bestellungen und Ihre Bewertungen, um einen Einblick in die von Ihnen bevorzugten Produkte zu erhalten. Die Gr\u00fcnde f\u00fcr die Verarbeitung, die wir verwenden, sind die Umsetzung der Vereinbarung, die wir mit Ihnen getroffen haben, die Erf\u00fcllung unserer gesetzlichen Verpflichtungen und unser berechtigtes Interesse, Einblick in die Produktpr\u00e4ferenzen unserer Kunden zu erhalten. So k\u00f6nnen wir das Angebot an Produkten, die wir verkaufen, an die Vorlieben unserer Kunden anpassen.<\/p>\n<h2 class=\"wp-block-heading\">ABSCHNITT 3 &#8211; WELCHE PERSONENBEZOGENEN DATEN VERARBEITEN WIR, WENN SIE DIE WEBSITE BESUCHEN?<\/h2>\n<p>Wenn Sie unsere Website besuchen und browsen, verarbeiten wir die folgenden Informationen:<\/p>\n<p>&#8211; Ihr ungef\u00e4hrer Standort basierend auf einem Teil Ihrer IP-Adresse<\/p>\n<p>&#8211; Was Sie auf unserer Website tun, zum Beispiel, was Sie anklicken<\/p>\n<p>&#8211; Aggregierte Informationen wie z.B. &#8220;Clickstream&#8221;-Informationen, d.h. Ein- und Ausstiegspunkte (einschlie\u00dflich verweisender URLs oder Domains)<\/p>\n<p>&#8211; Ihre Art des Internetbrowsers und die Art des Ger\u00e4ts, das Sie f\u00fcr den Besuch unserer Website verwenden.<\/p>\n<p>Wir verarbeiten diese Daten auf der Grundlage unseres berechtigten Interesses, unsere Website zu verbessern und einen Einblick in die Produktpr\u00e4ferenzen unserer Kunden zu erhalten.<\/p>\n<h2 class=\"wp-block-heading\">ABSCHNITT 4 &#8211; WELCHE PERSONENBEZOGENEN DATEN VERARBEITEN WIR, WENN WIR IHNEN UNSERE NEWSLETTER SCHICKEN?<\/h2>\n<p>Wir m\u00f6chten den Newsletter nutzen, um Sie \u00fcber Neuigkeiten, Aktionen und Sonderangebote zu informieren. Wenn Sie unseren Newsletter abonnieren, verarbeiten wir die folgenden Informationen:<\/p>\n<p>&#8211; E-Mail Adresse<\/p>\n<p>&#8211; Wo Sie im Newsletter klicken<\/p>\n<p>Wir verwenden Ihre E-Mail-Adresse f\u00fcr den Versand des Newsletters, wenn Sie Ihre ausdr\u00fcckliche Zustimmung dazu erteilt haben. Sie k\u00f6nnen den Newsletter jederzeit wieder abbestellen, indem Sie auf den Abmeldelink im Newsletter klicken oder die Erlaubnis in Ihrem Konto widerrufen. Wir verwenden Ihr Klickverhalten, um festzustellen, welche Teile des Newsletters Sie interessieren. Wir verwenden diese Informationen, um unser Produktangebot auf der Website zusammenzustellen. Wir verarbeiten Ihr Klickverhalten auf der Grundlage unseres berechtigten Interesses, Einblick in die Produktpr\u00e4ferenzen unserer Kunden zu erhalten.<\/p>\n<h2 class=\"wp-block-heading\">ABSCHNITT 5 &#8211; WELCHE PERSONENBEZOGENEN DATEN VERARBEITEN WIR, WENN SIE UNSEREN KUNDENDIENST KONTAKTIEREN?<\/h2>\n<p>Unser Kundenservice ist f\u00fcr Sie da, um Ihre Fragen zu beantworten und Ihre Probleme zu l\u00f6sen. Sie k\u00f6nnen uns per E-Mail oder Webformular kontaktieren. Durch die Speicherung Ihrer Daten k\u00f6nnen wir Sie noch effizienter unterst\u00fctzen. Zu diesem Zweck verarbeiten wir die folgenden pers\u00f6nlichen Daten:<\/p>\n<p>&#8211; Name<\/p>\n<p>&#8211; E-Mail Adresse<\/p>\n<p>&#8211; Telefon Nummer<\/p>\n<p>&#8211; IP-Adresse<\/p>\n<p>&#8211; Bewertungen von Produkten<\/p>\n<p>Wir sammeln gerne Bewertungen \u00fcber unsere Produkte oder Dienstleistungen. Aus diesem Grund verarbeiten wir mindestens die folgenden pers\u00f6nlichen Daten:<\/p>\n<p>&#8211; Name<\/p>\n<p>&#8211; E-Mail Adresse<\/p>\n<h2 class=\"wp-block-heading\">ABSCHNITT 6 &#8211; WEITERGABE VON PERS\u00d6NLICHEN INFORMATIONEN AN DRITTPARTEIEN<\/h2>\n<p>Biaxol Supplements verkauft Ihre pers\u00f6nlichen Daten nicht an Dritte und stellt diese Daten nur Dritten zur Verf\u00fcgung, die aktiv an der Ausf\u00fchrung Ihrer Bestellung beteiligt sind oder f\u00fcr einen gesch\u00e4ftlichen Zweck im Zusammenhang mit der Vermarktung unserer Produkte. Unsere Mitarbeiter und von uns beauftragte Dritte sind verpflichtet, die Vertraulichkeit Ihrer Daten zu wahren.<\/p>\n<p>Insbesondere k\u00f6nnen wir Ihre pers\u00f6nlichen Daten auf die folgende Weise weitergeben:<\/p>\n<p>Zur Bereitstellung von Dienstleistungen oder Informationen f\u00fcr Sie<\/p>\n<p>Wir k\u00f6nnen Ihre pers\u00f6nlichen Daten an Drittdienstleister weitergeben, damit diese uns Dienstleistungen wie Zahlungsabwicklung, Website-Hosting, professionelle Dienstleistungen, einschlie\u00dflich informationstechnologischer Dienstleistungen und damit verbundener Infrastruktur, Kundendienst, E-Mail-Zustellung, Rechnungspr\u00fcfung und andere \u00e4hnliche Dienstleistungen, die f\u00fcr die Website und die von Ihnen angeforderten Dienstleistungen erforderlich sind, erbringen k\u00f6nnen. Wir k\u00f6nnen auch pers\u00f6nliche Daten weitergeben, die \u00fcber in die Website eingebettete Cookies von Drittanbietern gesammelt wurden, wenn Sie der Verwendung dieser Cookies zustimmen.<\/p>\n<p>Einhaltung von Gesetzen<\/p>\n<p>Wir k\u00f6nnen Ihre pers\u00f6nlichen Daten verwenden oder offenlegen, wenn wir dies f\u00fcr notwendig oder angemessen halten: (1) gem\u00e4\u00df geltendem Recht, einschlie\u00dflich Gesetzen au\u00dferhalb Ihres Wohnsitzlandes; (2) zur Beantwortung von Anfragen \u00f6ffentlicher und staatlicher Beh\u00f6rden, einschlie\u00dflich \u00f6ffentlicher und staatlicher Beh\u00f6rden au\u00dferhalb Ihres Wohnsitzlandes; (3) zur Befolgung von Vorladungen und anderen rechtlichen Verfahren; (4) zur Verfolgung verf\u00fcgbarer Rechtsmittel oder zur Begrenzung von Sch\u00e4den, die wir erleiden k\u00f6nnten; (5) zum Schutz unserer Gesch\u00e4fte oder der Gesch\u00e4fte eines unserer verbundenen Unternehmen; (6) zum Schutz der Rechte, der Privatsph\u00e4re, der Sicherheit oder des Eigentums des Unternehmens oder anderer; und (7) zur Durchsetzung unserer Gesch\u00e4ftsbedingungen.<br \/>\nUnternehmenstransaktionen oder Ereignisse<br \/>\nWir k\u00f6nnen Ihre Daten im Zusammenhang mit einer Unternehmensumstrukturierung, einer Fusion, einem Verkauf, einem Joint Venture, einer Abtretung, einer \u00dcbertragung oder einer sonstigen Verf\u00fcgung \u00fcber unser gesamtes Gesch\u00e4ft, unsere Verm\u00f6genswerte oder unsere Aktien an Dritte weitergeben, auch im Zusammenhang mit einem Konkurs- oder \u00e4hnlichen Verfahren.<\/p>\n<h2 class=\"wp-block-heading\">ABSCHNITT 7 &#8211; COOKIES<\/h2>\n<p>Was sind Cookies?<\/p>\n<p>Cookies sind kleine Textdateien, die eine Zeichenfolge enthalten, die auf Ihrem Computer oder mobilen Ger\u00e4t abgelegt werden kann und Ihren Browser oder Ihr Ger\u00e4t eindeutig identifiziert. Wof\u00fcr werden Cookies verwendet?<\/p>\n<p>Cookies erm\u00f6glichen es einer Website oder einem Dienst zu erkennen, ob Ihr Computer oder Ger\u00e4t diese Website oder diesen Dienst bereits besucht hat. Cookies k\u00f6nnen verwendet werden, um zu verstehen, wie die Website oder der Dienst genutzt wird, um Ihnen zu helfen, effizient zwischen den Seiten zu navigieren, um sich an Ihre Pr\u00e4ferenzen zu erinnern und um Ihr Surferlebnis allgemein zu verbessern. Cookies k\u00f6nnen auch dazu beitragen, dass die Werbung, die Sie online sehen, besser auf Sie und Ihre Interessen zugeschnitten ist.<\/p>\n<p>Welche Arten von Cookies verwendet die Website?<\/p>\n<p>Es gibt im Allgemeinen vier Kategorien von Cookies: &#8220;Streng Notwendig&#8221;, &#8220;Leistung&#8221;, &#8220;Funktionalit\u00e4t&#8221; und &#8220;Targeting&#8221;. Die Website verwendet routinem\u00e4\u00dfig alle vier Kategorien von Cookies f\u00fcr den Service. Im Folgenden erfahren Sie mehr \u00fcber die einzelnen Cookie-Kategorien.<\/p>\n<p>&#8211; Streng notwendige Cookies. Diese Cookies sind unerl\u00e4sslich, da sie es Ihnen erm\u00f6glichen, sich im Service zu bewegen und seine Funktionen zu nutzen, wie z.B. den Zugriff auf eingeloggte oder sichere Bereiche.<\/p>\n<p>&#8211; Performance Cookies. Diese Cookies sammeln Informationen dar\u00fcber, wie Sie den Service genutzt haben, z.B. Informationen in Bezug auf den eindeutigen Benutzernamen, den Sie angegeben haben, so dass unsere Backend-Infrastruktur weniger belastet wird. Diese Cookies k\u00f6nnen auch verwendet werden, damit wir wissen, dass Sie sich angemeldet haben, so dass wir Ihnen frischere Inhalte anbieten k\u00f6nnen als einem Nutzer, der sich nie angemeldet hat. Wir verwenden Cookies auch, um die Gesamtnutzung des Dienstes zu verfolgen und mit neuen Funktionen und \u00c4nderungen des Dienstes zu experimentieren. Die gesammelten Informationen werden verwendet, um die Funktionsweise des Dienstes zu verbessern.<\/p>\n<p>&#8211; Funktionalit\u00e4ts-Cookies. Diese Cookies erm\u00f6glichen es uns, uns zu merken, wie Sie eingeloggt sind, ob Sie sich entschieden haben, keine Werbung mehr zu sehen, ob Sie einen Artikel im Service bearbeitet haben, w\u00e4hrend Sie ausgeloggt waren, wann Sie sich ein- oder ausgeloggt haben, den Status oder die Historie der Service-Tools, die Sie verwendet haben. Diese Cookies erm\u00f6glichen es uns auch, den Service so anzupassen, dass er Ihnen verbesserte Funktionen und Inhalte bietet, und uns zu merken, wie Sie den Service auf andere Weise angepasst haben, z. B. durch die Anpassung der Symbolleisten, die wir in der rechten Spalte jeder Seite anbieten. Die Informationen, die diese Cookies sammeln, k\u00f6nnen anonym sein und werden nicht dazu verwendet, Ihre Surfaktivit\u00e4ten auf anderen Websites oder Diensten zu verfolgen.<\/p>\n<p>&#8211; Zielgerichtete Cookies. Website, unsere Werbepartner oder andere Drittparteien k\u00f6nnen diese Art von Cookies verwenden, um Werbung zu liefern, die f\u00fcr Ihre Interessen relevant ist. Diese Cookies k\u00f6nnen sich daran erinnern, dass Ihr Ger\u00e4t eine Website oder einen Dienst besucht hat, und k\u00f6nnen auch die Surfaktivit\u00e4ten Ihres Ger\u00e4ts auf anderen Websites oder Diensten als der Website verfolgen. Diese Informationen k\u00f6nnen an Organisationen au\u00dferhalb der Website weitergegeben werden, wie z.B. an Werbetreibende und\/oder Werbenetzwerke, um die Werbung auszuliefern und die Effektivit\u00e4t einer Werbekampagne zu messen, oder an andere Gesch\u00e4ftspartner, um aggregierte Statistiken \u00fcber die Nutzung des Dienstes und aggregierte Tests des Dienstes zu erstellen.<\/p>\n<p>Wie lange bleiben die Cookies auf meinem Ger\u00e4t?<\/p>\n<p>Wie lange ein Cookie auf Ihrem Computer oder Mobilger\u00e4t verbleibt, h\u00e4ngt davon ab, ob es sich um ein &#8220;persistentes&#8221; oder ein &#8220;Session&#8221;-Cookie handelt. Session-Cookies verbleiben nur so lange auf Ihrem Ger\u00e4t, bis Sie das Surfen beenden. Dauerhafte Cookies bleiben auf Ihrem Computer oder Mobilger\u00e4t, bis sie ablaufen oder gel\u00f6scht werden.<\/p>\n<p>Erst- und Drittanbieter-Cookies<\/p>\n<p>Erstanbieter-Cookies sind Cookies, die der Site geh\u00f6ren, Drittanbieter-Cookies sind Cookies, die eine andere Partei \u00fcber unseren Service auf Ihrem Ger\u00e4t platziert. Cookies von Drittanbietern k\u00f6nnen auf Ihrem Ger\u00e4t von jemandem platziert werden, der eine Dienstleistung f\u00fcr Site erbringt, z. B. um uns zu helfen, zu verstehen, wie unsere Dienstleistung genutzt wird. Cookies von Drittanbietern k\u00f6nnen auch von unseren Gesch\u00e4ftspartnern auf Ihrem Ger\u00e4t platziert werden, damit diese sie nutzen k\u00f6nnen, um Ihnen Produkte und Dienstleistungen an anderer Stelle im Internet zu bewerben.<\/p>\n<h2 class=\"wp-block-heading\">ABSCHNITT 8 &#8211; ALTER DER M\u00dcNDIGKEIT<\/h2>\n<p>Durch die Nutzung dieser Website erkl\u00e4ren Sie, dass Sie in dem Land, in dem Sie Ihren Wohnsitz haben, mindestens vollj\u00e4hrig sind, oder dass Sie in dem Land, in dem Sie Ihren Wohnsitz haben, vollj\u00e4hrig sind und uns Ihr Einverst\u00e4ndnis gegeben haben, dass Ihre minderj\u00e4hrigen Angeh\u00f6rigen diese Website nutzen d\u00fcrfen.<\/p>\n<h2 class=\"wp-block-heading\">ABSCHNITT 9 &#8211; \u00c4NDERUNGEN AN DIESER DATENSCHUTZRICHTLINIE<\/h2>\n<p>Wir behalten uns das Recht vor, diese Datenschutzrichtlinie jederzeit zu \u00e4ndern, daher sollten Sie sie regelm\u00e4\u00dfig \u00fcberpr\u00fcfen. \u00c4nderungen und Klarstellungen treten unmittelbar nach ihrer Ver\u00f6ffentlichung auf der Website in Kraft. Wenn wir wesentliche \u00c4nderungen an dieser Richtlinie vornehmen, werden wir Sie an dieser Stelle \u00fcber die Aktualisierung informieren, damit Sie wissen, welche Informationen wir sammeln, wie wir sie verwenden und unter welchen Umst\u00e4nden wir sie gegebenenfalls verwenden und\/oder weitergeben. Wenn unser Shop von einem anderen Unternehmen \u00fcbernommen oder mit diesem fusioniert wird, k\u00f6nnen Ihre Daten an den neuen Eigent\u00fcmer \u00fcbertragen werden, damit wir Ihnen weiterhin Produkte verkaufen k\u00f6nnen.<\/p>\n<h2 class=\"wp-block-heading\">ABSCHNITT 10 &#8211; SICHERHEIT<\/h2>\n<p>Um Ihre pers\u00f6nlichen Daten zu sch\u00fctzen, ergreifen wir angemessene Vorsichtsma\u00dfnahmen und befolgen die besten Praktiken der Branche, um sicherzustellen, dass sie nicht in unangemessener Weise verloren gehen, missbraucht, aufgerufen, weitergegeben, ver\u00e4ndert oder zerst\u00f6rt werden. Wenn Sie uns Ihre Kreditkartendaten zur Verf\u00fcgung stellen, werden die Daten mit der Secure Socket Layer-Technologie (SSL) verschl\u00fcsselt und mit einer AES-256-Verschl\u00fcsselung gespeichert. Obwohl keine Methode der \u00dcbertragung \u00fcber das Internet oder der elektronischen Speicherung 100% sicher ist, befolgen wir alle PCI-DSS-Anforderungen und setzen weitere allgemein anerkannte Industriestandards um.<\/p>\n<h2 class=\"wp-block-heading\">FRAGEN UND KONTAKTINFORMATIONEN<\/h2>\n<p>Wenn Sie: auf Ihre pers\u00f6nlichen Daten zugreifen, sie korrigieren, \u00e4ndern oder l\u00f6schen m\u00f6chten, eine Beschwerde einreichen oder einfach nur weitere Informationen w\u00fcnschen, wenden Sie sich bitte an unseren Datenschutzbeauftragten unter oder per E-Mail an office@biaxol.com<\/p>\n","protected":false},"excerpt":{"rendered":"<p>Bei jeder Bestellung, die Sie bei uns aufgeben, verarbeiten wir die folgenden pers\u00f6nlichen Daten. &#8211; Vorname und Nachname &#8211; Lieferadresse (Stra\u00dfe, Hausnummer, Postleitzahl und Ort) &#8211; [Optional] Rechnungsadresse (Stra\u00dfe, Hausnummer, Postleitzahl und Ort) &#8211; Telefon Nummer &#8211; [Optional] Geburtsdatum -E-Mail-Adresse Wir verarbeiten diese pers\u00f6nlichen Informationen, um Ihre Bestellung zu bearbeiten und um eventuelle R\u00fcckfragen zu [&hellip;]<\/p>\n","protected":false},"author":1,"featured_media":0,"parent":0,"menu_order":0,"comment_status":"closed","ping_status":"closed","template":"","meta":{"_acf_changed":false,"footnotes":""},"class_list":["post-904","page","type-page","status-publish","hentry"],"acf":[],"yoast_head":"<!-- This site is optimized with the Yoast SEO plugin v23.9 - https:\/\/yoast.com\/wordpress\/plugins\/seo\/ -->\n<title>Datenschutzbestimmungen - Biaxol Supplements<\/title>\n<meta name=\"robots\" content=\"index, follow, max-snippet:-1, max-image-preview:large, max-video-preview:-1\" \/>\n<link rel=\"canonical\" href=\"https:\/\/ibutamorenmk677.com\/de\/datenschutzbestimmungen\/\" \/>\n<meta property=\"og:locale\" content=\"de_DE\" \/>\n<meta property=\"og:type\" content=\"article\" \/>\n<meta property=\"og:title\" content=\"Datenschutzbestimmungen - Biaxol Supplements\" \/>\n<meta property=\"og:description\" content=\"Bei jeder Bestellung, die Sie bei uns aufgeben, verarbeiten wir die folgenden pers\u00f6nlichen Daten. &#8211; Vorname und Nachname &#8211; Lieferadresse (Stra\u00dfe, Hausnummer, Postleitzahl und Ort) &#8211; [Optional] Rechnungsadresse (Stra\u00dfe, Hausnummer, Postleitzahl und Ort) &#8211; Telefon Nummer &#8211; [Optional] Geburtsdatum -E-Mail-Adresse Wir verarbeiten diese pers\u00f6nlichen Informationen, um Ihre Bestellung zu bearbeiten und um eventuelle R\u00fcckfragen zu [&hellip;]\" \/>\n<meta property=\"og:url\" content=\"https:\/\/ibutamorenmk677.com\/de\/datenschutzbestimmungen\/\" \/>\n<meta property=\"og:site_name\" content=\"Biaxol Supplements\" \/>\n<meta property=\"article:modified_time\" content=\"2024-06-19T12:25:23+00:00\" \/>\n<meta name=\"twitter:card\" content=\"summary_large_image\" \/>\n<meta name=\"twitter:label1\" content=\"Est. reading time\" \/>\n\t<meta name=\"twitter:data1\" content=\"10 minutes\" \/>\n<script type=\"application\/ld+json\" class=\"yoast-schema-graph\">{\"@context\":\"https:\/\/schema.org\",\"@graph\":[{\"@type\":\"WebPage\",\"@id\":\"https:\/\/ibutamorenmk677.com\/de\/datenschutzbestimmungen\/\",\"url\":\"https:\/\/ibutamorenmk677.com\/de\/datenschutzbestimmungen\/\",\"name\":\"Datenschutzbestimmungen - Biaxol Supplements\",\"isPartOf\":{\"@id\":\"https:\/\/ibutamorenmk677.com\/de\/#website\"},\"datePublished\":\"2024-05-14T11:52:30+00:00\",\"dateModified\":\"2024-06-19T12:25:23+00:00\",\"breadcrumb\":{\"@id\":\"https:\/\/ibutamorenmk677.com\/de\/datenschutzbestimmungen\/#breadcrumb\"},\"inLanguage\":\"de-DE\",\"potentialAction\":[{\"@type\":\"ReadAction\",\"target\":[\"https:\/\/ibutamorenmk677.com\/de\/datenschutzbestimmungen\/\"]}]},{\"@type\":\"BreadcrumbList\",\"@id\":\"https:\/\/ibutamorenmk677.com\/de\/datenschutzbestimmungen\/#breadcrumb\",\"itemListElement\":[{\"@type\":\"ListItem\",\"position\":1,\"name\":\"Home\",\"item\":\"https:\/\/ibutamorenmk677.com\/de\/\"},{\"@type\":\"ListItem\",\"position\":2,\"name\":\"Datenschutzbestimmungen\"}]},{\"@type\":\"WebSite\",\"@id\":\"https:\/\/ibutamorenmk677.com\/de\/#website\",\"url\":\"https:\/\/ibutamorenmk677.com\/de\/\",\"name\":\"Biaxol Supplements\",\"description\":\"\",\"potentialAction\":[{\"@type\":\"SearchAction\",\"target\":{\"@type\":\"EntryPoint\",\"urlTemplate\":\"https:\/\/ibutamorenmk677.com\/de\/?s={search_term_string}\"},\"query-input\":{\"@type\":\"PropertyValueSpecification\",\"valueRequired\":true,\"valueName\":\"search_term_string\"}}],\"inLanguage\":\"de-DE\"}]}<\/script>\n<!-- \/ Yoast SEO plugin. -->","yoast_head_json":{"title":"Datenschutzbestimmungen - Biaxol Supplements","robots":{"index":"index","follow":"follow","max-snippet":"max-snippet:-1","max-image-preview":"max-image-preview:large","max-video-preview":"max-video-preview:-1"},"canonical":"https:\/\/ibutamorenmk677.com\/de\/datenschutzbestimmungen\/","og_locale":"de_DE","og_type":"article","og_title":"Datenschutzbestimmungen - Biaxol Supplements","og_description":"Bei jeder Bestellung, die Sie bei uns aufgeben, verarbeiten wir die folgenden pers\u00f6nlichen Daten. &#8211; Vorname und Nachname &#8211; Lieferadresse (Stra\u00dfe, Hausnummer, Postleitzahl und Ort) &#8211; [Optional] Rechnungsadresse (Stra\u00dfe, Hausnummer, Postleitzahl und Ort) &#8211; Telefon Nummer &#8211; [Optional] Geburtsdatum -E-Mail-Adresse Wir verarbeiten diese pers\u00f6nlichen Informationen, um Ihre Bestellung zu bearbeiten und um eventuelle R\u00fcckfragen zu [&hellip;]","og_url":"https:\/\/ibutamorenmk677.com\/de\/datenschutzbestimmungen\/","og_site_name":"Biaxol Supplements","article_modified_time":"2024-06-19T12:25:23+00:00","twitter_card":"summary_large_image","twitter_misc":{"Est. reading time":"10 minutes"},"schema":{"@context":"https:\/\/schema.org","@graph":[{"@type":"WebPage","@id":"https:\/\/ibutamorenmk677.com\/de\/datenschutzbestimmungen\/","url":"https:\/\/ibutamorenmk677.com\/de\/datenschutzbestimmungen\/","name":"Datenschutzbestimmungen - Biaxol Supplements","isPartOf":{"@id":"https:\/\/ibutamorenmk677.com\/de\/#website"},"datePublished":"2024-05-14T11:52:30+00:00","dateModified":"2024-06-19T12:25:23+00:00","breadcrumb":{"@id":"https:\/\/ibutamorenmk677.com\/de\/datenschutzbestimmungen\/#breadcrumb"},"inLanguage":"de-DE","potentialAction":[{"@type":"ReadAction","target":["https:\/\/ibutamorenmk677.com\/de\/datenschutzbestimmungen\/"]}]},{"@type":"BreadcrumbList","@id":"https:\/\/ibutamorenmk677.com\/de\/datenschutzbestimmungen\/#breadcrumb","itemListElement":[{"@type":"ListItem","position":1,"name":"Home","item":"https:\/\/ibutamorenmk677.com\/de\/"},{"@type":"ListItem","position":2,"name":"Datenschutzbestimmungen"}]},{"@type":"WebSite","@id":"https:\/\/ibutamorenmk677.com\/de\/#website","url":"https:\/\/ibutamorenmk677.com\/de\/","name":"Biaxol Supplements","description":"","potentialAction":[{"@type":"SearchAction","target":{"@type":"EntryPoint","urlTemplate":"https:\/\/ibutamorenmk677.com\/de\/?s={search_term_string}"},"query-input":{"@type":"PropertyValueSpecification","valueRequired":true,"valueName":"search_term_string"}}],"inLanguage":"de-DE"}]}},"_links":{"self":[{"href":"https:\/\/ibutamorenmk677.com\/de\/wp-json\/wp\/v2\/pages\/904","targetHints":{"allow":["GET"]}}],"collection":[{"href":"https:\/\/ibutamorenmk677.com\/de\/wp-json\/wp\/v2\/pages"}],"about":[{"href":"https:\/\/ibutamorenmk677.com\/de\/wp-json\/wp\/v2\/types\/page"}],"author":[{"embeddable":true,"href":"https:\/\/ibutamorenmk677.com\/de\/wp-json\/wp\/v2\/users\/1"}],"replies":[{"embeddable":true,"href":"https:\/\/ibutamorenmk677.com\/de\/wp-json\/wp\/v2\/comments?post=904"}],"version-history":[{"count":2,"href":"https:\/\/ibutamorenmk677.com\/de\/wp-json\/wp\/v2\/pages\/904\/revisions"}],"predecessor-version":[{"id":1129,"href":"https:\/\/ibutamorenmk677.com\/de\/wp-json\/wp\/v2\/pages\/904\/revisions\/1129"}],"wp:attachment":[{"href":"https:\/\/ibutamorenmk677.com\/de\/wp-json\/wp\/v2\/media?parent=904"}],"curies":[{"name":"wp","href":"https:\/\/api.w.org\/{rel}","templated":true}]}}