{"id":958,"date":"2024-05-10T13:39:31","date_gmt":"2024-05-10T13:39:31","guid":{"rendered":"https:\/\/ibutamorenmk677.com\/product\/ibutamoren-mk677-a\/"},"modified":"2024-10-02T11:01:23","modified_gmt":"2024-10-02T11:01:23","slug":"ibutamoren-mk677-a","status":"publish","type":"product","link":"https:\/\/ibutamorenmk677.com\/de\/product\/ibutamoren-mk677-a\/","title":{"rendered":"IBUTAMOREN MK677"},"content":{"rendered":"<p>Ibutamoren (MK677) ist ein starker Wachstumshormon-Sekretagog und ein Mitglied der Familie der Selektiven Androgenrezeptor-Modulatoren (SARMs). SARMs sind daf\u00fcr bekannt, dass sie selektiv auf Androgenrezeptoren in bestimmten Geweben, wie Muskeln und Knochen, abzielen und an diese binden, w\u00e4hrend sie unerw\u00fcnschte Nebenwirkungen in anderen Geweben vermeiden. Durch die Erh\u00f6hung des k\u00f6rpereigenen Wachstumshormon- und IGF-1-Spiegels bietet Ibutamoren viele Vorteile, darunter beschleunigtes Muskelwachstum, verst\u00e4rkter Fettabbau, verbesserter Stoffwechsel und Erholung, st\u00e4rkere Knochen und Gelenke, ges\u00fcndere Haare und N\u00e4gel und ein gest\u00e4rktes Immunsystem. Mit Ibutamoren k\u00f6nnen Sie Ihr Muskelwachstum ankurbeln, Ihren Pump im Fitnessstudio maximieren und eine schnellere Regenerationszeit erleben, selbst nach den intensivsten Trainingseinheiten. Erwarten Sie eine verbesserte Vaskularit\u00e4t und mehr Kraft im gesamten K\u00f6rper<\/p>\n","protected":false},"excerpt":{"rendered":"<p>Ibutamoren (MK677) steigert das Wachstumshormon, was zu mehr Muskelmasse, st\u00e4rkeren Knochen, besserem Schlaf, ges\u00fcnderen Haaren und N\u00e4geln und schnellerer Erholung f\u00fchrt.<\/p>\n","protected":false},"featured_media":812,"comment_status":"open","ping_status":"closed","template":"","meta":{"_acf_changed":false},"product_cat":[44],"product_tag":[],"class_list":{"0":"post-958","1":"product","2":"type-product","3":"status-publish","4":"has-post-thumbnail","6":"product_cat-unkategorisiert","8":"first","9":"instock","10":"sale","11":"shipping-taxable","12":"purchasable","13":"product-type-variable"},"acf":[],"yoast_head":"<!-- This site is optimized with the Yoast SEO plugin v23.9 - https:\/\/yoast.com\/wordpress\/plugins\/seo\/ -->\n<title>IBUTAMOREN MK677 - Biaxol Supplements<\/title>\n<meta name=\"robots\" content=\"index, follow, max-snippet:-1, max-image-preview:large, max-video-preview:-1\" \/>\n<link rel=\"canonical\" href=\"https:\/\/ibutamorenmk677.com\/de\/product\/ibutamoren-mk677-a\/\" \/>\n<meta property=\"og:locale\" content=\"de_DE\" \/>\n<meta property=\"og:type\" content=\"article\" \/>\n<meta property=\"og:title\" content=\"IBUTAMOREN MK677 - Biaxol Supplements\" \/>\n<meta property=\"og:description\" content=\"Ibutamoren (MK677) steigert das Wachstumshormon, was zu mehr Muskelmasse, st\u00e4rkeren Knochen, besserem Schlaf, ges\u00fcnderen Haaren und N\u00e4geln und schnellerer Erholung f\u00fchrt.\" \/>\n<meta property=\"og:url\" content=\"https:\/\/ibutamorenmk677.com\/de\/product\/ibutamoren-mk677-a\/\" \/>\n<meta property=\"og:site_name\" content=\"Biaxol Supplements\" \/>\n<meta property=\"article:modified_time\" content=\"2024-10-02T11:01:23+00:00\" \/>\n<meta property=\"og:image\" content=\"https:\/\/dnz6u1dpzfvwo.cloudfront.net\/ibutamorenmk677\/2024\/05\/28061627\/product-img-1.jpg\" \/>\n\t<meta property=\"og:image:width\" content=\"1226\" \/>\n\t<meta property=\"og:image:height\" content=\"1226\" \/>\n\t<meta property=\"og:image:type\" content=\"image\/jpeg\" \/>\n<meta name=\"twitter:card\" content=\"summary_large_image\" \/>\n<meta name=\"twitter:label1\" content=\"Est. reading time\" \/>\n\t<meta name=\"twitter:data1\" content=\"1 minute\" \/>\n<script type=\"application\/ld+json\" class=\"yoast-schema-graph\">{\"@context\":\"https:\/\/schema.org\",\"@graph\":[{\"@type\":\"WebPage\",\"@id\":\"https:\/\/ibutamorenmk677.com\/de\/product\/ibutamoren-mk677-a\/\",\"url\":\"https:\/\/ibutamorenmk677.com\/de\/product\/ibutamoren-mk677-a\/\",\"name\":\"IBUTAMOREN MK677 - Biaxol Supplements\",\"isPartOf\":{\"@id\":\"https:\/\/ibutamorenmk677.com\/de\/#website\"},\"primaryImageOfPage\":{\"@id\":\"https:\/\/ibutamorenmk677.com\/de\/product\/ibutamoren-mk677-a\/#primaryimage\"},\"image\":{\"@id\":\"https:\/\/ibutamorenmk677.com\/de\/product\/ibutamoren-mk677-a\/#primaryimage\"},\"thumbnailUrl\":\"https:\/\/dnz6u1dpzfvwo.cloudfront.net\/ibutamorenmk677\/2024\/05\/28061627\/product-img-1.jpg\",\"datePublished\":\"2024-05-10T13:39:31+00:00\",\"dateModified\":\"2024-10-02T11:01:23+00:00\",\"breadcrumb\":{\"@id\":\"https:\/\/ibutamorenmk677.com\/de\/product\/ibutamoren-mk677-a\/#breadcrumb\"},\"inLanguage\":\"de-DE\",\"potentialAction\":[{\"@type\":\"ReadAction\",\"target\":[\"https:\/\/ibutamorenmk677.com\/de\/product\/ibutamoren-mk677-a\/\"]}]},{\"@type\":\"ImageObject\",\"inLanguage\":\"de-DE\",\"@id\":\"https:\/\/ibutamorenmk677.com\/de\/product\/ibutamoren-mk677-a\/#primaryimage\",\"url\":\"https:\/\/dnz6u1dpzfvwo.cloudfront.net\/ibutamorenmk677\/2024\/05\/28061627\/product-img-1.jpg\",\"contentUrl\":\"https:\/\/dnz6u1dpzfvwo.cloudfront.net\/ibutamorenmk677\/2024\/05\/28061627\/product-img-1.jpg\",\"width\":1226,\"height\":1226},{\"@type\":\"BreadcrumbList\",\"@id\":\"https:\/\/ibutamorenmk677.com\/de\/product\/ibutamoren-mk677-a\/#breadcrumb\",\"itemListElement\":[{\"@type\":\"ListItem\",\"position\":1,\"name\":\"Home\",\"item\":\"https:\/\/ibutamorenmk677.com\/de\/\"},{\"@type\":\"ListItem\",\"position\":2,\"name\":\"IBUTAMOREN MK677\"}]},{\"@type\":\"WebSite\",\"@id\":\"https:\/\/ibutamorenmk677.com\/de\/#website\",\"url\":\"https:\/\/ibutamorenmk677.com\/de\/\",\"name\":\"Biaxol Supplements\",\"description\":\"\",\"potentialAction\":[{\"@type\":\"SearchAction\",\"target\":{\"@type\":\"EntryPoint\",\"urlTemplate\":\"https:\/\/ibutamorenmk677.com\/de\/?s={search_term_string}\"},\"query-input\":{\"@type\":\"PropertyValueSpecification\",\"valueRequired\":true,\"valueName\":\"search_term_string\"}}],\"inLanguage\":\"de-DE\"}]}<\/script>\n<!-- \/ Yoast SEO plugin. -->","yoast_head_json":{"title":"IBUTAMOREN MK677 - Biaxol Supplements","robots":{"index":"index","follow":"follow","max-snippet":"max-snippet:-1","max-image-preview":"max-image-preview:large","max-video-preview":"max-video-preview:-1"},"canonical":"https:\/\/ibutamorenmk677.com\/de\/product\/ibutamoren-mk677-a\/","og_locale":"de_DE","og_type":"article","og_title":"IBUTAMOREN MK677 - Biaxol Supplements","og_description":"Ibutamoren (MK677) steigert das Wachstumshormon, was zu mehr Muskelmasse, st\u00e4rkeren Knochen, besserem Schlaf, ges\u00fcnderen Haaren und N\u00e4geln und schnellerer Erholung f\u00fchrt.","og_url":"https:\/\/ibutamorenmk677.com\/de\/product\/ibutamoren-mk677-a\/","og_site_name":"Biaxol Supplements","article_modified_time":"2024-10-02T11:01:23+00:00","og_image":[{"width":1226,"height":1226,"url":"https:\/\/dnz6u1dpzfvwo.cloudfront.net\/ibutamorenmk677\/2024\/05\/28061627\/product-img-1.jpg","type":"image\/jpeg"}],"twitter_card":"summary_large_image","twitter_misc":{"Est. reading time":"1 minute"},"schema":{"@context":"https:\/\/schema.org","@graph":[{"@type":"WebPage","@id":"https:\/\/ibutamorenmk677.com\/de\/product\/ibutamoren-mk677-a\/","url":"https:\/\/ibutamorenmk677.com\/de\/product\/ibutamoren-mk677-a\/","name":"IBUTAMOREN MK677 - Biaxol Supplements","isPartOf":{"@id":"https:\/\/ibutamorenmk677.com\/de\/#website"},"primaryImageOfPage":{"@id":"https:\/\/ibutamorenmk677.com\/de\/product\/ibutamoren-mk677-a\/#primaryimage"},"image":{"@id":"https:\/\/ibutamorenmk677.com\/de\/product\/ibutamoren-mk677-a\/#primaryimage"},"thumbnailUrl":"https:\/\/dnz6u1dpzfvwo.cloudfront.net\/ibutamorenmk677\/2024\/05\/28061627\/product-img-1.jpg","datePublished":"2024-05-10T13:39:31+00:00","dateModified":"2024-10-02T11:01:23+00:00","breadcrumb":{"@id":"https:\/\/ibutamorenmk677.com\/de\/product\/ibutamoren-mk677-a\/#breadcrumb"},"inLanguage":"de-DE","potentialAction":[{"@type":"ReadAction","target":["https:\/\/ibutamorenmk677.com\/de\/product\/ibutamoren-mk677-a\/"]}]},{"@type":"ImageObject","inLanguage":"de-DE","@id":"https:\/\/ibutamorenmk677.com\/de\/product\/ibutamoren-mk677-a\/#primaryimage","url":"https:\/\/dnz6u1dpzfvwo.cloudfront.net\/ibutamorenmk677\/2024\/05\/28061627\/product-img-1.jpg","contentUrl":"https:\/\/dnz6u1dpzfvwo.cloudfront.net\/ibutamorenmk677\/2024\/05\/28061627\/product-img-1.jpg","width":1226,"height":1226},{"@type":"BreadcrumbList","@id":"https:\/\/ibutamorenmk677.com\/de\/product\/ibutamoren-mk677-a\/#breadcrumb","itemListElement":[{"@type":"ListItem","position":1,"name":"Home","item":"https:\/\/ibutamorenmk677.com\/de\/"},{"@type":"ListItem","position":2,"name":"IBUTAMOREN MK677"}]},{"@type":"WebSite","@id":"https:\/\/ibutamorenmk677.com\/de\/#website","url":"https:\/\/ibutamorenmk677.com\/de\/","name":"Biaxol Supplements","description":"","potentialAction":[{"@type":"SearchAction","target":{"@type":"EntryPoint","urlTemplate":"https:\/\/ibutamorenmk677.com\/de\/?s={search_term_string}"},"query-input":{"@type":"PropertyValueSpecification","valueRequired":true,"valueName":"search_term_string"}}],"inLanguage":"de-DE"}]}},"_links":{"self":[{"href":"https:\/\/ibutamorenmk677.com\/de\/wp-json\/wp\/v2\/product\/958","targetHints":{"allow":["GET"]}}],"collection":[{"href":"https:\/\/ibutamorenmk677.com\/de\/wp-json\/wp\/v2\/product"}],"about":[{"href":"https:\/\/ibutamorenmk677.com\/de\/wp-json\/wp\/v2\/types\/product"}],"replies":[{"embeddable":true,"href":"https:\/\/ibutamorenmk677.com\/de\/wp-json\/wp\/v2\/comments?post=958"}],"wp:featuredmedia":[{"embeddable":true,"href":"https:\/\/ibutamorenmk677.com\/de\/wp-json\/wp\/v2\/media\/812"}],"wp:attachment":[{"href":"https:\/\/ibutamorenmk677.com\/de\/wp-json\/wp\/v2\/media?parent=958"}],"wp:term":[{"taxonomy":"product_cat","embeddable":true,"href":"https:\/\/ibutamorenmk677.com\/de\/wp-json\/wp\/v2\/product_cat?post=958"},{"taxonomy":"product_tag","embeddable":true,"href":"https:\/\/ibutamorenmk677.com\/de\/wp-json\/wp\/v2\/product_tag?post=958"}],"curies":[{"name":"wp","href":"https:\/\/api.w.org\/{rel}","templated":true}]}}