{"id":1124,"date":"2024-06-14T10:59:58","date_gmt":"2024-06-14T10:59:58","guid":{"rendered":"https:\/\/ibutamorenmk677.com\/politica-de-devoluciones\/"},"modified":"2025-04-10T15:08:45","modified_gmt":"2025-04-10T15:08:45","slug":"politica-de-devoluciones","status":"publish","type":"page","link":"https:\/\/ibutamorenmk677.com\/es\/politica-de-devoluciones\/","title":{"rendered":"Pol\u00edtica de devoluciones"},"content":{"rendered":"\n<p><strong>Satisfacci\u00f3n garantizada<\/strong><br\/>En BIAXOL, tu satisfacci\u00f3n es nuestra m\u00e1xima prioridad. Respaldamos la calidad de nuestros productos y nuestro objetivo es ofrecer una experiencia perfecta. Consulta nuestra pol\u00edtica de devoluciones detallada a continuaci\u00f3n:<\/p>\n\n<p><strong>Pol\u00edtica de devoluciones<\/strong><br\/>No se admiten devoluciones: BIAXOL no ofrece reembolsos en las compras realizadas a trav\u00e9s de Biaxol.com, excepto en los casos en que se produzca un error en el env\u00edo o se demuestre que la pureza del producto no cumple las especificaciones que figuran en nuestro sitio.<br\/>Condiciones de devoluci\u00f3n: Los reembolsos s\u00f3lo se efectuar\u00e1n tras devolvernos los art\u00edculos a cargo del comprador. Debido a la naturaleza de nuestros productos de investigaci\u00f3n, no podemos determinar las condiciones a las que son sometidos una vez que salen de nuestras instalaciones.<br\/>Productos que faltan: Si falta alg\u00fan producto en tu pedido, ponte en contacto con nosotros inmediatamente.  Tras verificar tu reclamaci\u00f3n, te enviaremos el\/los producto(s) que falte(n).<\/p>\n\n<p><strong>Pedidos no entregados<\/strong><br\/>Perdido en tr\u00e1nsito: Si tu pedido se pierde durante el tr\u00e1nsito, te enviaremos un reemplazo seg\u00fan los criterios del servicio de mensajer\u00eda para art\u00edculos perdidos, tal y como se indica en tu informaci\u00f3n de seguimiento.<br\/>Marcado como Entregado: Si el seguimiento de tu pedido indica &#8220;Entregado&#8221; pero no lo has recibido, compru\u00e9balo primero en tu oficina de correos local. Si a\u00fan no lo has recibido, ponte en contacto con nosotros en biaxol.com.<br\/><strong><br\/><\/strong><strong>Cargo por devoluci\u00f3n de pedidos devueltos<\/strong><br\/>Informaci\u00f3n incorrecta: Si tu pedido es devuelto debido a una informaci\u00f3n de entrega incorrecta o insuficiente proporcionada por ti, o si los art\u00edculos no se pueden entregar por causas ajenas a Biaxol.com, podemos cobrar una tarifa de devoluci\u00f3n igual al coste de la nueva entrega.<br\/>Recogida puntual: Aseg\u00farate de que proporcionas la informaci\u00f3n postal correcta y recoge tus art\u00edculos en tu oficina de correos local a tiempo para evitar gastos de reenv\u00edo.<br\/>Entrega por terceros: Todas las entregas son gestionadas por terceros y est\u00e1n sujetas a sus t\u00e9rminos y condiciones. Aunque nos esforzamos por entregar tu pedido con prontitud, no podemos garantizar plazos de entrega o niveles de servicio espec\u00edficos.<\/p>\n\n<p><strong>Paquetes perdidos o robados<\/strong><br\/>Responsabilidad: No nos hacemos responsables de los paquetes perdidos o robados despu\u00e9s de que la informaci\u00f3n de seguimiento confirme que la entrega se ha realizado correctamente. Los afiliados son responsables de sus pedidos desde el momento en que el paquete se marca como &#8220;enviado&#8221; hasta que se entrega.<\/p>\n\n<p><strong>Descargo de responsabilidad<\/strong><br\/>S\u00f3lo para uso en investigaci\u00f3n: Todos los productos BIAXOL son s\u00f3lo para fines de investigaci\u00f3n y no est\u00e1n destinados a tratar, curar o prevenir ninguna enfermedad. Est\u00e1n destinados exclusivamente al uso en laboratorio y a la investigaci\u00f3n personal. Los compradores deben tener al menos 18 a\u00f1os de edad para adquirir productos BIAXOL.<br\/>Prop\u00f3sito de la informaci\u00f3n: Toda la informaci\u00f3n sobre los productos BIAXOL, el sitio web y las comunicaciones tienen \u00fanicamente fines informativos y educativos y no sustituyen el consejo m\u00e9dico de los profesionales.<\/p>\n\n<p><strong>Env\u00edos incautados y aduanas (pedidos internacionales)<\/strong><br\/>Env\u00edos incautados: Si un env\u00edo es confiscado, ofreceremos un reenv\u00edo gratuito por una sola vez. Si el art\u00edculo vuelve a ser confiscado, no reembolsaremos el pedido, pero podemos ofrecer un reenv\u00edo o cr\u00e9dito en la tienda.<br\/>Tasas de aduana: Es posible que se cobren impuestos de importaci\u00f3n, aranceles y tasas aduaneras relacionadas al llegar al destino final. Estos cargos son responsabilidad del comprador y no ser\u00e1n cubiertos por BIAXOL.<br\/>Retrasos aduaneros: No nos hacemos responsables de los retrasos causados por las aduanas de tu pa\u00eds.   Para m\u00e1s detalles sobre los cargos, ponte en contacto con tu oficina de aduanas local.<\/p>\n\n<p><strong>Cancelar o modificar un pedido<\/strong><br\/>Modificaci\u00f3n: Para modificar tu pedido, env\u00edanos un correo electr\u00f3nico lo antes posible despu\u00e9s de realizarlo. S\u00f3lo podemos modificar tu pedido si a\u00fan no ha sido enviado.<br\/>Cancelaci\u00f3n: Nuestro equipo te ayudar\u00e1 con la cancelaci\u00f3n del pedido y emitir\u00e1 un reembolso en forma de futuros cr\u00e9ditos en la tienda. <\/p>\n\n<p>\n          <strong>Ten en cuenta que una vez que tu pedido ha salido de nuestras instalaciones, no tenemos control sobre ning\u00fan tipo de retraso, por lo que no podemos garantizar la hora exacta de llegada.<\/strong>\n        <\/p>\n","protected":false},"excerpt":{"rendered":"<p>Satisfacci\u00f3n garantizadaEn BIAXOL, tu satisfacci\u00f3n es nuestra m\u00e1xima prioridad. Respaldamos la calidad de nuestros productos y nuestro objetivo es ofrecer una experiencia perfecta. Consulta nuestra pol\u00edtica de devoluciones detallada a continuaci\u00f3n: Pol\u00edtica de devolucionesNo se admiten devoluciones: BIAXOL no ofrece reembolsos en las compras realizadas a trav\u00e9s de Biaxol.com, excepto en los casos en que [&hellip;]<\/p>\n","protected":false},"author":1,"featured_media":0,"parent":0,"menu_order":0,"comment_status":"closed","ping_status":"closed","template":"","meta":{"_acf_changed":false,"footnotes":""},"class_list":["post-1124","page","type-page","status-publish","hentry"],"acf":[],"yoast_head":"<!-- This site is optimized with the Yoast SEO plugin v23.9 - https:\/\/yoast.com\/wordpress\/plugins\/seo\/ -->\n<title>Pol\u00edtica de devoluciones - Biaxol Supplements<\/title>\n<meta name=\"robots\" content=\"index, follow, max-snippet:-1, max-image-preview:large, max-video-preview:-1\" \/>\n<link rel=\"canonical\" href=\"https:\/\/ibutamorenmk677.com\/es\/politica-de-devoluciones\/\" \/>\n<meta property=\"og:locale\" content=\"es_ES\" \/>\n<meta property=\"og:type\" content=\"article\" \/>\n<meta property=\"og:title\" content=\"Pol\u00edtica de devoluciones - Biaxol Supplements\" \/>\n<meta property=\"og:description\" content=\"Satisfacci\u00f3n garantizadaEn BIAXOL, tu satisfacci\u00f3n es nuestra m\u00e1xima prioridad. Respaldamos la calidad de nuestros productos y nuestro objetivo es ofrecer una experiencia perfecta. Consulta nuestra pol\u00edtica de devoluciones detallada a continuaci\u00f3n: Pol\u00edtica de devolucionesNo se admiten devoluciones: BIAXOL no ofrece reembolsos en las compras realizadas a trav\u00e9s de Biaxol.com, excepto en los casos en que [&hellip;]\" \/>\n<meta property=\"og:url\" content=\"https:\/\/ibutamorenmk677.com\/es\/politica-de-devoluciones\/\" \/>\n<meta property=\"og:site_name\" content=\"Biaxol Supplements\" \/>\n<meta property=\"article:modified_time\" content=\"2025-04-10T15:08:45+00:00\" \/>\n<meta name=\"twitter:card\" content=\"summary_large_image\" \/>\n<meta name=\"twitter:label1\" content=\"Est. reading time\" \/>\n\t<meta name=\"twitter:data1\" content=\"4 minutes\" \/>\n<script type=\"application\/ld+json\" class=\"yoast-schema-graph\">{\"@context\":\"https:\/\/schema.org\",\"@graph\":[{\"@type\":\"WebPage\",\"@id\":\"https:\/\/ibutamorenmk677.com\/es\/politica-de-devoluciones\/\",\"url\":\"https:\/\/ibutamorenmk677.com\/es\/politica-de-devoluciones\/\",\"name\":\"Pol\u00edtica de devoluciones - Biaxol Supplements\",\"isPartOf\":{\"@id\":\"https:\/\/ibutamorenmk677.com\/es\/#website\"},\"datePublished\":\"2024-06-14T10:59:58+00:00\",\"dateModified\":\"2025-04-10T15:08:45+00:00\",\"breadcrumb\":{\"@id\":\"https:\/\/ibutamorenmk677.com\/es\/politica-de-devoluciones\/#breadcrumb\"},\"inLanguage\":\"es-ES\",\"potentialAction\":[{\"@type\":\"ReadAction\",\"target\":[\"https:\/\/ibutamorenmk677.com\/es\/politica-de-devoluciones\/\"]}]},{\"@type\":\"BreadcrumbList\",\"@id\":\"https:\/\/ibutamorenmk677.com\/es\/politica-de-devoluciones\/#breadcrumb\",\"itemListElement\":[{\"@type\":\"ListItem\",\"position\":1,\"name\":\"Home\",\"item\":\"https:\/\/ibutamorenmk677.com\/es\/\"},{\"@type\":\"ListItem\",\"position\":2,\"name\":\"Pol\u00edtica de devoluciones\"}]},{\"@type\":\"WebSite\",\"@id\":\"https:\/\/ibutamorenmk677.com\/es\/#website\",\"url\":\"https:\/\/ibutamorenmk677.com\/es\/\",\"name\":\"Biaxol Supplements\",\"description\":\"\",\"potentialAction\":[{\"@type\":\"SearchAction\",\"target\":{\"@type\":\"EntryPoint\",\"urlTemplate\":\"https:\/\/ibutamorenmk677.com\/es\/?s={search_term_string}\"},\"query-input\":{\"@type\":\"PropertyValueSpecification\",\"valueRequired\":true,\"valueName\":\"search_term_string\"}}],\"inLanguage\":\"es-ES\"}]}<\/script>\n<!-- \/ Yoast SEO plugin. -->","yoast_head_json":{"title":"Pol\u00edtica de devoluciones - Biaxol Supplements","robots":{"index":"index","follow":"follow","max-snippet":"max-snippet:-1","max-image-preview":"max-image-preview:large","max-video-preview":"max-video-preview:-1"},"canonical":"https:\/\/ibutamorenmk677.com\/es\/politica-de-devoluciones\/","og_locale":"es_ES","og_type":"article","og_title":"Pol\u00edtica de devoluciones - Biaxol Supplements","og_description":"Satisfacci\u00f3n garantizadaEn BIAXOL, tu satisfacci\u00f3n es nuestra m\u00e1xima prioridad. Respaldamos la calidad de nuestros productos y nuestro objetivo es ofrecer una experiencia perfecta. Consulta nuestra pol\u00edtica de devoluciones detallada a continuaci\u00f3n: Pol\u00edtica de devolucionesNo se admiten devoluciones: BIAXOL no ofrece reembolsos en las compras realizadas a trav\u00e9s de Biaxol.com, excepto en los casos en que [&hellip;]","og_url":"https:\/\/ibutamorenmk677.com\/es\/politica-de-devoluciones\/","og_site_name":"Biaxol Supplements","article_modified_time":"2025-04-10T15:08:45+00:00","twitter_card":"summary_large_image","twitter_misc":{"Est. reading time":"4 minutes"},"schema":{"@context":"https:\/\/schema.org","@graph":[{"@type":"WebPage","@id":"https:\/\/ibutamorenmk677.com\/es\/politica-de-devoluciones\/","url":"https:\/\/ibutamorenmk677.com\/es\/politica-de-devoluciones\/","name":"Pol\u00edtica de devoluciones - Biaxol Supplements","isPartOf":{"@id":"https:\/\/ibutamorenmk677.com\/es\/#website"},"datePublished":"2024-06-14T10:59:58+00:00","dateModified":"2025-04-10T15:08:45+00:00","breadcrumb":{"@id":"https:\/\/ibutamorenmk677.com\/es\/politica-de-devoluciones\/#breadcrumb"},"inLanguage":"es-ES","potentialAction":[{"@type":"ReadAction","target":["https:\/\/ibutamorenmk677.com\/es\/politica-de-devoluciones\/"]}]},{"@type":"BreadcrumbList","@id":"https:\/\/ibutamorenmk677.com\/es\/politica-de-devoluciones\/#breadcrumb","itemListElement":[{"@type":"ListItem","position":1,"name":"Home","item":"https:\/\/ibutamorenmk677.com\/es\/"},{"@type":"ListItem","position":2,"name":"Pol\u00edtica de devoluciones"}]},{"@type":"WebSite","@id":"https:\/\/ibutamorenmk677.com\/es\/#website","url":"https:\/\/ibutamorenmk677.com\/es\/","name":"Biaxol Supplements","description":"","potentialAction":[{"@type":"SearchAction","target":{"@type":"EntryPoint","urlTemplate":"https:\/\/ibutamorenmk677.com\/es\/?s={search_term_string}"},"query-input":{"@type":"PropertyValueSpecification","valueRequired":true,"valueName":"search_term_string"}}],"inLanguage":"es-ES"}]}},"_links":{"self":[{"href":"https:\/\/ibutamorenmk677.com\/es\/wp-json\/wp\/v2\/pages\/1124","targetHints":{"allow":["GET"]}}],"collection":[{"href":"https:\/\/ibutamorenmk677.com\/es\/wp-json\/wp\/v2\/pages"}],"about":[{"href":"https:\/\/ibutamorenmk677.com\/es\/wp-json\/wp\/v2\/types\/page"}],"author":[{"embeddable":true,"href":"https:\/\/ibutamorenmk677.com\/es\/wp-json\/wp\/v2\/users\/1"}],"replies":[{"embeddable":true,"href":"https:\/\/ibutamorenmk677.com\/es\/wp-json\/wp\/v2\/comments?post=1124"}],"version-history":[{"count":4,"href":"https:\/\/ibutamorenmk677.com\/es\/wp-json\/wp\/v2\/pages\/1124\/revisions"}],"predecessor-version":[{"id":2057,"href":"https:\/\/ibutamorenmk677.com\/es\/wp-json\/wp\/v2\/pages\/1124\/revisions\/2057"}],"wp:attachment":[{"href":"https:\/\/ibutamorenmk677.com\/es\/wp-json\/wp\/v2\/media?parent=1124"}],"curies":[{"name":"wp","href":"https:\/\/api.w.org\/{rel}","templated":true}]}}