{"id":1159,"date":"2024-06-26T12:22:15","date_gmt":"2024-06-26T12:22:15","guid":{"rendered":"https:\/\/ibutamorenmk677.com\/politica-de-entrega\/"},"modified":"2024-07-23T12:13:26","modified_gmt":"2024-07-23T12:13:26","slug":"politica-de-entrega","status":"publish","type":"page","link":"https:\/\/ibutamorenmk677.com\/es\/politica-de-entrega\/","title":{"rendered":"Pol\u00edtica de entrega"},"content":{"rendered":"\n<ol class=\"wp-block-list\">\n<li>Env\u00edo en la UE &#8211; 8 EUR. Env\u00edo fuera de la UE &#8211; 15 EUR.<\/li>\n\n\n\n<li>Todos los pedidos se env\u00edan en 24 horas si se realizan antes de nuestra hora l\u00edmite (excepto fines de semana y festivos).<\/li>\n\n\n\n<li>No podemos garantizar el env\u00edo en el mismo d\u00eda de los pedidos realizados despu\u00e9s de la fecha l\u00edmite.<\/li>\n\n\n\n<li>Los pedidos de la UE suelen entregarse en 2-5 d\u00edas laborables. Los plazos de entrega internacionales var\u00edan mucho, entre 5 y 14 d\u00edas laborables seg\u00fan el destino.<\/li>\n\n\n\n<li>Ten en cuenta que una vez que tu pedido ha salido de nuestras instalaciones, no tenemos control sobre ning\u00fan tipo de retraso, por lo que no podemos garantizar la hora exacta de llegada.<\/li>\n\n\n\n<li>Nuestro equipo de asistencia est\u00e1 disponible 24 horas al d\u00eda, 7 d\u00edas a la semana, por chat o correo electr\u00f3nico, si tienes alguna pregunta o duda sobre tu entrega.<\/li>\n\n\n\n<li>En la p\u00e1gina de Pago puedes elegir la funci\u00f3n de Protecci\u00f3n del Paquete (por 10 EUR m\u00e1s), que garantiza el reenv\u00edo gratuito de tu paquete si resulta da\u00f1ado, robado o se pierde durante el transporte.<\/li>\n<\/ol>\n","protected":false},"excerpt":{"rendered":"","protected":false},"author":1,"featured_media":0,"parent":0,"menu_order":0,"comment_status":"closed","ping_status":"closed","template":"","meta":{"_acf_changed":false,"footnotes":""},"class_list":["post-1159","page","type-page","status-publish","hentry"],"acf":[],"yoast_head":"<!-- This site is optimized with the Yoast SEO plugin v23.9 - https:\/\/yoast.com\/wordpress\/plugins\/seo\/ -->\n<title>Pol\u00edtica de entrega - Biaxol Supplements<\/title>\n<meta name=\"robots\" content=\"index, follow, max-snippet:-1, max-image-preview:large, max-video-preview:-1\" \/>\n<link rel=\"canonical\" href=\"https:\/\/ibutamorenmk677.com\/es\/politica-de-entrega\/\" \/>\n<meta property=\"og:locale\" content=\"es_ES\" \/>\n<meta property=\"og:type\" content=\"article\" \/>\n<meta property=\"og:title\" content=\"Pol\u00edtica de entrega - Biaxol Supplements\" \/>\n<meta property=\"og:url\" content=\"https:\/\/ibutamorenmk677.com\/es\/politica-de-entrega\/\" \/>\n<meta property=\"og:site_name\" content=\"Biaxol Supplements\" \/>\n<meta property=\"article:modified_time\" content=\"2024-07-23T12:13:26+00:00\" \/>\n<meta name=\"twitter:card\" content=\"summary_large_image\" \/>\n<meta name=\"twitter:label1\" content=\"Est. reading time\" \/>\n\t<meta name=\"twitter:data1\" content=\"1 minute\" \/>\n<script type=\"application\/ld+json\" class=\"yoast-schema-graph\">{\"@context\":\"https:\/\/schema.org\",\"@graph\":[{\"@type\":\"WebPage\",\"@id\":\"https:\/\/ibutamorenmk677.com\/es\/politica-de-entrega\/\",\"url\":\"https:\/\/ibutamorenmk677.com\/es\/politica-de-entrega\/\",\"name\":\"Pol\u00edtica de entrega - Biaxol Supplements\",\"isPartOf\":{\"@id\":\"https:\/\/ibutamorenmk677.com\/es\/#website\"},\"datePublished\":\"2024-06-26T12:22:15+00:00\",\"dateModified\":\"2024-07-23T12:13:26+00:00\",\"breadcrumb\":{\"@id\":\"https:\/\/ibutamorenmk677.com\/es\/politica-de-entrega\/#breadcrumb\"},\"inLanguage\":\"es-ES\",\"potentialAction\":[{\"@type\":\"ReadAction\",\"target\":[\"https:\/\/ibutamorenmk677.com\/es\/politica-de-entrega\/\"]}]},{\"@type\":\"BreadcrumbList\",\"@id\":\"https:\/\/ibutamorenmk677.com\/es\/politica-de-entrega\/#breadcrumb\",\"itemListElement\":[{\"@type\":\"ListItem\",\"position\":1,\"name\":\"Home\",\"item\":\"https:\/\/ibutamorenmk677.com\/es\/\"},{\"@type\":\"ListItem\",\"position\":2,\"name\":\"Pol\u00edtica de entrega\"}]},{\"@type\":\"WebSite\",\"@id\":\"https:\/\/ibutamorenmk677.com\/es\/#website\",\"url\":\"https:\/\/ibutamorenmk677.com\/es\/\",\"name\":\"Biaxol Supplements\",\"description\":\"\",\"potentialAction\":[{\"@type\":\"SearchAction\",\"target\":{\"@type\":\"EntryPoint\",\"urlTemplate\":\"https:\/\/ibutamorenmk677.com\/es\/?s={search_term_string}\"},\"query-input\":{\"@type\":\"PropertyValueSpecification\",\"valueRequired\":true,\"valueName\":\"search_term_string\"}}],\"inLanguage\":\"es-ES\"}]}<\/script>\n<!-- \/ Yoast SEO plugin. -->","yoast_head_json":{"title":"Pol\u00edtica de entrega - Biaxol Supplements","robots":{"index":"index","follow":"follow","max-snippet":"max-snippet:-1","max-image-preview":"max-image-preview:large","max-video-preview":"max-video-preview:-1"},"canonical":"https:\/\/ibutamorenmk677.com\/es\/politica-de-entrega\/","og_locale":"es_ES","og_type":"article","og_title":"Pol\u00edtica de entrega - Biaxol Supplements","og_url":"https:\/\/ibutamorenmk677.com\/es\/politica-de-entrega\/","og_site_name":"Biaxol Supplements","article_modified_time":"2024-07-23T12:13:26+00:00","twitter_card":"summary_large_image","twitter_misc":{"Est. reading time":"1 minute"},"schema":{"@context":"https:\/\/schema.org","@graph":[{"@type":"WebPage","@id":"https:\/\/ibutamorenmk677.com\/es\/politica-de-entrega\/","url":"https:\/\/ibutamorenmk677.com\/es\/politica-de-entrega\/","name":"Pol\u00edtica de entrega - Biaxol Supplements","isPartOf":{"@id":"https:\/\/ibutamorenmk677.com\/es\/#website"},"datePublished":"2024-06-26T12:22:15+00:00","dateModified":"2024-07-23T12:13:26+00:00","breadcrumb":{"@id":"https:\/\/ibutamorenmk677.com\/es\/politica-de-entrega\/#breadcrumb"},"inLanguage":"es-ES","potentialAction":[{"@type":"ReadAction","target":["https:\/\/ibutamorenmk677.com\/es\/politica-de-entrega\/"]}]},{"@type":"BreadcrumbList","@id":"https:\/\/ibutamorenmk677.com\/es\/politica-de-entrega\/#breadcrumb","itemListElement":[{"@type":"ListItem","position":1,"name":"Home","item":"https:\/\/ibutamorenmk677.com\/es\/"},{"@type":"ListItem","position":2,"name":"Pol\u00edtica de entrega"}]},{"@type":"WebSite","@id":"https:\/\/ibutamorenmk677.com\/es\/#website","url":"https:\/\/ibutamorenmk677.com\/es\/","name":"Biaxol Supplements","description":"","potentialAction":[{"@type":"SearchAction","target":{"@type":"EntryPoint","urlTemplate":"https:\/\/ibutamorenmk677.com\/es\/?s={search_term_string}"},"query-input":{"@type":"PropertyValueSpecification","valueRequired":true,"valueName":"search_term_string"}}],"inLanguage":"es-ES"}]}},"_links":{"self":[{"href":"https:\/\/ibutamorenmk677.com\/es\/wp-json\/wp\/v2\/pages\/1159","targetHints":{"allow":["GET"]}}],"collection":[{"href":"https:\/\/ibutamorenmk677.com\/es\/wp-json\/wp\/v2\/pages"}],"about":[{"href":"https:\/\/ibutamorenmk677.com\/es\/wp-json\/wp\/v2\/types\/page"}],"author":[{"embeddable":true,"href":"https:\/\/ibutamorenmk677.com\/es\/wp-json\/wp\/v2\/users\/1"}],"replies":[{"embeddable":true,"href":"https:\/\/ibutamorenmk677.com\/es\/wp-json\/wp\/v2\/comments?post=1159"}],"version-history":[{"count":6,"href":"https:\/\/ibutamorenmk677.com\/es\/wp-json\/wp\/v2\/pages\/1159\/revisions"}],"predecessor-version":[{"id":1235,"href":"https:\/\/ibutamorenmk677.com\/es\/wp-json\/wp\/v2\/pages\/1159\/revisions\/1235"}],"wp:attachment":[{"href":"https:\/\/ibutamorenmk677.com\/es\/wp-json\/wp\/v2\/media?parent=1159"}],"curies":[{"name":"wp","href":"https:\/\/api.w.org\/{rel}","templated":true}]}}