{"id":949,"date":"2024-05-10T13:39:31","date_gmt":"2024-05-10T13:39:31","guid":{"rendered":"https:\/\/ibutamorenmk677.com\/product\/ibutamoren-mk677-a\/"},"modified":"2024-10-02T11:01:26","modified_gmt":"2024-10-02T11:01:26","slug":"ibutamoren-mk677-a","status":"publish","type":"product","link":"https:\/\/ibutamorenmk677.com\/es\/producto\/ibutamoren-mk677-a\/","title":{"rendered":"IBUTAMOREN MK677"},"content":{"rendered":"<p>El ibutamoreno (MK677) es un potente secretagogo de la hormona del crecimiento y miembro de la familia de los moduladores selectivos de los receptores androg\u00e9nicos (SARM). Los SARM son conocidos por dirigirse y unirse selectivamente a los receptores de andr\u00f3genos en tejidos espec\u00edficos, como los m\u00fasculos y los huesos, evitando al mismo tiempo efectos secundarios no deseados en otros tejidos. Al aumentar los niveles de hormona del crecimiento y de IGF-1 de tu cuerpo, el ibutamoreno ofrece muchas ventajas, como un crecimiento muscular acelerado, una mayor p\u00e9rdida de grasa, un metabolismo y una recuperaci\u00f3n mejorados, unos huesos y articulaciones m\u00e1s fuertes, un pelo y unas u\u00f1as m\u00e1s sanos y un sistema inmunitario reforzado. Con Ibutamoren, puedes potenciar tu crecimiento muscular, maximizar tus bombeos en el gimnasio y experimentar tiempos de recuperaci\u00f3n m\u00e1s r\u00e1pidos, incluso despu\u00e9s de los entrenamientos m\u00e1s intensos. Espera una mayor vascularidad y un aumento de la fuerza en todo el cuerpo<\/p>\n","protected":false},"excerpt":{"rendered":"<p>El ibutamoreno (MK677) potencia la hormona del crecimiento, lo que produce un aumento de la masa muscular, huesos m\u00e1s fuertes, mejor sue\u00f1o, pelo y u\u00f1as m\u00e1s sanos y una recuperaci\u00f3n m\u00e1s r\u00e1pida.<\/p>\n","protected":false},"featured_media":814,"comment_status":"open","ping_status":"closed","template":"","meta":{"_acf_changed":false},"product_cat":[46],"product_tag":[],"class_list":{"0":"post-949","1":"product","2":"type-product","3":"status-publish","4":"has-post-thumbnail","6":"product_cat-sin-categorizar","8":"first","9":"instock","10":"sale","11":"shipping-taxable","12":"purchasable","13":"product-type-variable"},"acf":[],"yoast_head":"<!-- This site is optimized with the Yoast SEO plugin v23.9 - https:\/\/yoast.com\/wordpress\/plugins\/seo\/ -->\n<title>IBUTAMOREN MK677 - Biaxol Supplements<\/title>\n<meta name=\"robots\" content=\"index, follow, max-snippet:-1, max-image-preview:large, max-video-preview:-1\" \/>\n<link rel=\"canonical\" href=\"https:\/\/ibutamorenmk677.com\/es\/producto\/ibutamoren-mk677-a\/\" \/>\n<meta property=\"og:locale\" content=\"es_ES\" \/>\n<meta property=\"og:type\" content=\"article\" \/>\n<meta property=\"og:title\" content=\"IBUTAMOREN MK677 - Biaxol Supplements\" \/>\n<meta property=\"og:description\" content=\"El ibutamoreno (MK677) potencia la hormona del crecimiento, lo que produce un aumento de la masa muscular, huesos m\u00e1s fuertes, mejor sue\u00f1o, pelo y u\u00f1as m\u00e1s sanos y una recuperaci\u00f3n m\u00e1s r\u00e1pida.\" \/>\n<meta property=\"og:url\" content=\"https:\/\/ibutamorenmk677.com\/es\/producto\/ibutamoren-mk677-a\/\" \/>\n<meta property=\"og:site_name\" content=\"Biaxol Supplements\" \/>\n<meta property=\"article:modified_time\" content=\"2024-10-02T11:01:26+00:00\" \/>\n<meta property=\"og:image\" content=\"https:\/\/dnz6u1dpzfvwo.cloudfront.net\/ibutamorenmk677\/2024\/05\/28061627\/product-img-1.jpg\" \/>\n\t<meta property=\"og:image:width\" content=\"1226\" \/>\n\t<meta property=\"og:image:height\" content=\"1226\" \/>\n\t<meta property=\"og:image:type\" content=\"image\/jpeg\" \/>\n<meta name=\"twitter:card\" content=\"summary_large_image\" \/>\n<meta name=\"twitter:label1\" content=\"Est. reading time\" \/>\n\t<meta name=\"twitter:data1\" content=\"1 minute\" \/>\n<script type=\"application\/ld+json\" class=\"yoast-schema-graph\">{\"@context\":\"https:\/\/schema.org\",\"@graph\":[{\"@type\":\"WebPage\",\"@id\":\"https:\/\/ibutamorenmk677.com\/es\/producto\/ibutamoren-mk677-a\/\",\"url\":\"https:\/\/ibutamorenmk677.com\/es\/producto\/ibutamoren-mk677-a\/\",\"name\":\"IBUTAMOREN MK677 - Biaxol Supplements\",\"isPartOf\":{\"@id\":\"https:\/\/ibutamorenmk677.com\/es\/#website\"},\"primaryImageOfPage\":{\"@id\":\"https:\/\/ibutamorenmk677.com\/es\/producto\/ibutamoren-mk677-a\/#primaryimage\"},\"image\":{\"@id\":\"https:\/\/ibutamorenmk677.com\/es\/producto\/ibutamoren-mk677-a\/#primaryimage\"},\"thumbnailUrl\":\"https:\/\/dnz6u1dpzfvwo.cloudfront.net\/ibutamorenmk677\/2024\/05\/28061627\/product-img-1.jpg\",\"datePublished\":\"2024-05-10T13:39:31+00:00\",\"dateModified\":\"2024-10-02T11:01:26+00:00\",\"breadcrumb\":{\"@id\":\"https:\/\/ibutamorenmk677.com\/es\/producto\/ibutamoren-mk677-a\/#breadcrumb\"},\"inLanguage\":\"es-ES\",\"potentialAction\":[{\"@type\":\"ReadAction\",\"target\":[\"https:\/\/ibutamorenmk677.com\/es\/producto\/ibutamoren-mk677-a\/\"]}]},{\"@type\":\"ImageObject\",\"inLanguage\":\"es-ES\",\"@id\":\"https:\/\/ibutamorenmk677.com\/es\/producto\/ibutamoren-mk677-a\/#primaryimage\",\"url\":\"https:\/\/dnz6u1dpzfvwo.cloudfront.net\/ibutamorenmk677\/2024\/05\/28061627\/product-img-1.jpg\",\"contentUrl\":\"https:\/\/dnz6u1dpzfvwo.cloudfront.net\/ibutamorenmk677\/2024\/05\/28061627\/product-img-1.jpg\",\"width\":1226,\"height\":1226},{\"@type\":\"BreadcrumbList\",\"@id\":\"https:\/\/ibutamorenmk677.com\/es\/producto\/ibutamoren-mk677-a\/#breadcrumb\",\"itemListElement\":[{\"@type\":\"ListItem\",\"position\":1,\"name\":\"Home\",\"item\":\"https:\/\/ibutamorenmk677.com\/es\/\"},{\"@type\":\"ListItem\",\"position\":2,\"name\":\"IBUTAMOREN MK677\"}]},{\"@type\":\"WebSite\",\"@id\":\"https:\/\/ibutamorenmk677.com\/es\/#website\",\"url\":\"https:\/\/ibutamorenmk677.com\/es\/\",\"name\":\"Biaxol Supplements\",\"description\":\"\",\"potentialAction\":[{\"@type\":\"SearchAction\",\"target\":{\"@type\":\"EntryPoint\",\"urlTemplate\":\"https:\/\/ibutamorenmk677.com\/es\/?s={search_term_string}\"},\"query-input\":{\"@type\":\"PropertyValueSpecification\",\"valueRequired\":true,\"valueName\":\"search_term_string\"}}],\"inLanguage\":\"es-ES\"}]}<\/script>\n<!-- \/ Yoast SEO plugin. -->","yoast_head_json":{"title":"IBUTAMOREN MK677 - Biaxol Supplements","robots":{"index":"index","follow":"follow","max-snippet":"max-snippet:-1","max-image-preview":"max-image-preview:large","max-video-preview":"max-video-preview:-1"},"canonical":"https:\/\/ibutamorenmk677.com\/es\/producto\/ibutamoren-mk677-a\/","og_locale":"es_ES","og_type":"article","og_title":"IBUTAMOREN MK677 - Biaxol Supplements","og_description":"El ibutamoreno (MK677) potencia la hormona del crecimiento, lo que produce un aumento de la masa muscular, huesos m\u00e1s fuertes, mejor sue\u00f1o, pelo y u\u00f1as m\u00e1s sanos y una recuperaci\u00f3n m\u00e1s r\u00e1pida.","og_url":"https:\/\/ibutamorenmk677.com\/es\/producto\/ibutamoren-mk677-a\/","og_site_name":"Biaxol Supplements","article_modified_time":"2024-10-02T11:01:26+00:00","og_image":[{"width":1226,"height":1226,"url":"https:\/\/dnz6u1dpzfvwo.cloudfront.net\/ibutamorenmk677\/2024\/05\/28061627\/product-img-1.jpg","type":"image\/jpeg"}],"twitter_card":"summary_large_image","twitter_misc":{"Est. reading time":"1 minute"},"schema":{"@context":"https:\/\/schema.org","@graph":[{"@type":"WebPage","@id":"https:\/\/ibutamorenmk677.com\/es\/producto\/ibutamoren-mk677-a\/","url":"https:\/\/ibutamorenmk677.com\/es\/producto\/ibutamoren-mk677-a\/","name":"IBUTAMOREN MK677 - Biaxol Supplements","isPartOf":{"@id":"https:\/\/ibutamorenmk677.com\/es\/#website"},"primaryImageOfPage":{"@id":"https:\/\/ibutamorenmk677.com\/es\/producto\/ibutamoren-mk677-a\/#primaryimage"},"image":{"@id":"https:\/\/ibutamorenmk677.com\/es\/producto\/ibutamoren-mk677-a\/#primaryimage"},"thumbnailUrl":"https:\/\/dnz6u1dpzfvwo.cloudfront.net\/ibutamorenmk677\/2024\/05\/28061627\/product-img-1.jpg","datePublished":"2024-05-10T13:39:31+00:00","dateModified":"2024-10-02T11:01:26+00:00","breadcrumb":{"@id":"https:\/\/ibutamorenmk677.com\/es\/producto\/ibutamoren-mk677-a\/#breadcrumb"},"inLanguage":"es-ES","potentialAction":[{"@type":"ReadAction","target":["https:\/\/ibutamorenmk677.com\/es\/producto\/ibutamoren-mk677-a\/"]}]},{"@type":"ImageObject","inLanguage":"es-ES","@id":"https:\/\/ibutamorenmk677.com\/es\/producto\/ibutamoren-mk677-a\/#primaryimage","url":"https:\/\/dnz6u1dpzfvwo.cloudfront.net\/ibutamorenmk677\/2024\/05\/28061627\/product-img-1.jpg","contentUrl":"https:\/\/dnz6u1dpzfvwo.cloudfront.net\/ibutamorenmk677\/2024\/05\/28061627\/product-img-1.jpg","width":1226,"height":1226},{"@type":"BreadcrumbList","@id":"https:\/\/ibutamorenmk677.com\/es\/producto\/ibutamoren-mk677-a\/#breadcrumb","itemListElement":[{"@type":"ListItem","position":1,"name":"Home","item":"https:\/\/ibutamorenmk677.com\/es\/"},{"@type":"ListItem","position":2,"name":"IBUTAMOREN MK677"}]},{"@type":"WebSite","@id":"https:\/\/ibutamorenmk677.com\/es\/#website","url":"https:\/\/ibutamorenmk677.com\/es\/","name":"Biaxol Supplements","description":"","potentialAction":[{"@type":"SearchAction","target":{"@type":"EntryPoint","urlTemplate":"https:\/\/ibutamorenmk677.com\/es\/?s={search_term_string}"},"query-input":{"@type":"PropertyValueSpecification","valueRequired":true,"valueName":"search_term_string"}}],"inLanguage":"es-ES"}]}},"_links":{"self":[{"href":"https:\/\/ibutamorenmk677.com\/es\/wp-json\/wp\/v2\/product\/949","targetHints":{"allow":["GET"]}}],"collection":[{"href":"https:\/\/ibutamorenmk677.com\/es\/wp-json\/wp\/v2\/product"}],"about":[{"href":"https:\/\/ibutamorenmk677.com\/es\/wp-json\/wp\/v2\/types\/product"}],"replies":[{"embeddable":true,"href":"https:\/\/ibutamorenmk677.com\/es\/wp-json\/wp\/v2\/comments?post=949"}],"wp:featuredmedia":[{"embeddable":true,"href":"https:\/\/ibutamorenmk677.com\/es\/wp-json\/wp\/v2\/media\/814"}],"wp:attachment":[{"href":"https:\/\/ibutamorenmk677.com\/es\/wp-json\/wp\/v2\/media?parent=949"}],"wp:term":[{"taxonomy":"product_cat","embeddable":true,"href":"https:\/\/ibutamorenmk677.com\/es\/wp-json\/wp\/v2\/product_cat?post=949"},{"taxonomy":"product_tag","embeddable":true,"href":"https:\/\/ibutamorenmk677.com\/es\/wp-json\/wp\/v2\/product_tag?post=949"}],"curies":[{"name":"wp","href":"https:\/\/api.w.org\/{rel}","templated":true}]}}