{"id":1118,"date":"2024-06-14T10:59:58","date_gmt":"2024-06-14T10:59:58","guid":{"rendered":"https:\/\/ibutamorenmk677.com\/politique-de-remboursement\/"},"modified":"2025-04-10T15:08:44","modified_gmt":"2025-04-10T15:08:44","slug":"politique-de-remboursement","status":"publish","type":"page","link":"https:\/\/ibutamorenmk677.com\/fr\/politique-de-remboursement\/","title":{"rendered":"Politique de remboursement"},"content":{"rendered":"\n<p><strong>Satisfaction garantie<\/strong><br\/>Chez BIAXOL, votre satisfaction est notre priorit\u00e9. Nous nous portons garants de la qualit\u00e9 de nos produits et nous nous effor\u00e7ons de vous offrir une exp\u00e9rience sans faille. Veuillez consulter notre politique de remboursement d\u00e9taill\u00e9e ci-dessous :<\/p>\n\n<p><strong>Politique de remboursement<\/strong><br\/>Pas de remboursement : BIAXOL ne rembourse pas les achats effectu\u00e9s sur Biaxol.com, sauf en cas d&#8217;erreur d&#8217;exp\u00e9dition ou de preuve que la puret\u00e9 du produit ne correspond pas aux sp\u00e9cifications indiqu\u00e9es sur notre site.<br\/>Conditions de retour : Les remboursements ne seront effectu\u00e9s qu&#8217;apr\u00e8s le retour des articles aux frais de l&#8217;acheteur. En raison de la nature de nos produits de recherche, nous ne pouvons pas v\u00e9rifier les conditions auxquelles ils sont soumis une fois qu&#8217;ils ont quitt\u00e9 nos installations.<br\/>Produits manquants : Si un produit est manquant dans votre commande, contactez-nous imm\u00e9diatement.  Apr\u00e8s v\u00e9rification de votre demande, nous vous enverrons le(s) produit(s) manquant(s).<\/p>\n\n<p><strong>Commandes non livrables<\/strong><br\/>Perdue en cours de transport : Si votre commande est perdue pendant le transport, nous vous enverrons un produit de remplacement selon les crit\u00e8res du transporteur pour les articles perdus, comme indiqu\u00e9 dans vos informations de suivi.<br\/>Marked as Delivered : Si le suivi de votre commande indique &#8220;Livr\u00e9&#8221; mais que vous n&#8217;avez pas re\u00e7u votre commande, v\u00e9rifiez d&#8217;abord aupr\u00e8s de votre bureau de poste local. Si vous ne l&#8217;avez toujours pas re\u00e7u, contactez-nous \u00e0 biaxol.com.<br\/><strong><br\/><\/strong><strong>Frais de re-livraison pour les commandes retourn\u00e9es<\/strong><br\/>Informations incorrectes : Si votre commande est renvoy\u00e9e en raison d&#8217;informations de livraison incorrectes ou insuffisantes fournies par vous, ou si les marchandises ne peuvent \u00eatre livr\u00e9es sans que ce soit la faute de Biaxol.com, nous pouvons facturer des frais de r\u00e9exp\u00e9dition \u00e9gaux au co\u00fbt de la r\u00e9exp\u00e9dition.<br\/>Enl\u00e8vement en temps voulu : Assurez-vous de fournir des informations postales correctes et de retirer vos articles \u00e0 votre bureau de poste local en temps voulu afin d&#8217;\u00e9viter les frais de r\u00e9exp\u00e9dition.<br\/>Livraison par des tiers : Toutes les livraisons sont effectu\u00e9es par des tiers et sont soumises \u00e0 leurs conditions g\u00e9n\u00e9rales. Bien que nous nous efforcions de livrer votre commande rapidement, nous ne pouvons pas garantir des d\u00e9lais de livraison ou des niveaux de service sp\u00e9cifiques.<\/p>\n\n<p><strong>Colis perdus ou vol\u00e9s<\/strong><br\/>Responsabilit\u00e9 : Nous ne sommes pas responsables des colis perdus ou vol\u00e9s apr\u00e8s que les informations de suivi ont confirm\u00e9 la livraison. Les membres sont responsables de leurs commandes \u00e0 partir du moment o\u00f9 le colis est marqu\u00e9 comme &#8220;\u00e0 livrer&#8221; jusqu&#8217;\u00e0 sa livraison.<\/p>\n\n<p><strong>Avis de non-responsabilit\u00e9<\/strong><br\/>Utilisation \u00e0 des fins de recherche uniquement : Tous les produits BIAXOL sont destin\u00e9s \u00e0 la recherche uniquement et ne sont pas destin\u00e9s \u00e0 traiter, gu\u00e9rir ou pr\u00e9venir une maladie. Ils sont destin\u00e9s uniquement \u00e0 un usage en laboratoire et \u00e0 des fins de recherche personnelle. Les acheteurs doivent \u00eatre \u00e2g\u00e9s d&#8217;au moins 18 ans pour acheter des produits BIAXOL.<br\/>Informations Objectif : Toutes les informations sur les produits BIAXOL, le site Web et les communications sont fournies \u00e0 des fins d&#8217;information et d&#8217;\u00e9ducation uniquement et ne remplacent pas les conseils m\u00e9dicaux des professionnels.<\/p>\n\n<p><strong>Exp\u00e9ditions saisies et douanes (commandes internationales)<\/strong><br\/>Exp\u00e9ditions saisies : Si un envoi est saisi, nous vous proposerons une r\u00e9exp\u00e9dition gratuite une seule fois. Si l&#8217;article est \u00e0 nouveau saisi, nous ne rembourserons pas la commande mais nous pourrons vous proposer une r\u00e9exp\u00e9dition ou un cr\u00e9dit en magasin.<br\/>Frais de douane : Les taxes \u00e0 l&#8217;importation, les droits de douane et les frais de douane connexes peuvent \u00eatre factur\u00e9s \u00e0 l&#8217;arriv\u00e9e \u00e0 la destination finale. Ces frais sont \u00e0 la charge de l&#8217;acheteur et ne seront pas couverts par BIAXOL.<br\/>Retards douaniers : Nous ne sommes pas responsables des retards caus\u00e9s par les douanes de votre pays.   Pour plus de d\u00e9tails sur les frais, veuillez contacter votre bureau de douane local.<\/p>\n\n<p><strong>Annuler ou modifier une commande<\/strong><br\/>Modification : Pour modifier votre commande, envoyez-nous un courriel d\u00e8s que possible apr\u00e8s l&#8217;avoir pass\u00e9e. Nous ne pouvons modifier votre commande que si elle n&#8217;a pas encore \u00e9t\u00e9 exp\u00e9di\u00e9e.<br\/>Annulation : Notre \u00e9quipe vous aidera \u00e0 annuler votre commande et vous remboursera sous la forme d&#8217;un cr\u00e9dit d&#8217;achat. <\/p>\n\n<p>\n          <strong>Veuillez noter qu&#8217;une fois que votre commande a \u00e9t\u00e9 exp\u00e9di\u00e9e, nous n&#8217;avons aucun contr\u00f4le sur les retards, quels qu&#8217;ils soient, et nous ne pouvons donc pas garantir l&#8217;heure exacte d&#8217;arriv\u00e9e.<\/strong>\n        <\/p>\n","protected":false},"excerpt":{"rendered":"<p>Satisfaction garantieChez BIAXOL, votre satisfaction est notre priorit\u00e9. Nous nous portons garants de la qualit\u00e9 de nos produits et nous nous effor\u00e7ons de vous offrir une exp\u00e9rience sans faille. Veuillez consulter notre politique de remboursement d\u00e9taill\u00e9e ci-dessous : Politique de remboursementPas de remboursement : BIAXOL ne rembourse pas les achats effectu\u00e9s sur Biaxol.com, sauf en [&hellip;]<\/p>\n","protected":false},"author":1,"featured_media":0,"parent":0,"menu_order":0,"comment_status":"closed","ping_status":"closed","template":"","meta":{"_acf_changed":false,"footnotes":""},"class_list":["post-1118","page","type-page","status-publish","hentry"],"acf":[],"yoast_head":"<!-- This site is optimized with the Yoast SEO plugin v23.9 - https:\/\/yoast.com\/wordpress\/plugins\/seo\/ -->\n<title>Politique de remboursement - Biaxol Supplements<\/title>\n<meta name=\"robots\" content=\"index, follow, max-snippet:-1, max-image-preview:large, max-video-preview:-1\" \/>\n<link rel=\"canonical\" href=\"https:\/\/ibutamorenmk677.com\/fr\/politique-de-remboursement\/\" \/>\n<meta property=\"og:locale\" content=\"fr_FR\" \/>\n<meta property=\"og:type\" content=\"article\" \/>\n<meta property=\"og:title\" content=\"Politique de remboursement - Biaxol Supplements\" \/>\n<meta property=\"og:description\" content=\"Satisfaction garantieChez BIAXOL, votre satisfaction est notre priorit\u00e9. Nous nous portons garants de la qualit\u00e9 de nos produits et nous nous effor\u00e7ons de vous offrir une exp\u00e9rience sans faille. Veuillez consulter notre politique de remboursement d\u00e9taill\u00e9e ci-dessous : Politique de remboursementPas de remboursement : BIAXOL ne rembourse pas les achats effectu\u00e9s sur Biaxol.com, sauf en [&hellip;]\" \/>\n<meta property=\"og:url\" content=\"https:\/\/ibutamorenmk677.com\/fr\/politique-de-remboursement\/\" \/>\n<meta property=\"og:site_name\" content=\"Biaxol Supplements\" \/>\n<meta property=\"article:modified_time\" content=\"2025-04-10T15:08:44+00:00\" \/>\n<meta name=\"twitter:card\" content=\"summary_large_image\" \/>\n<meta name=\"twitter:label1\" content=\"Est. reading time\" \/>\n\t<meta name=\"twitter:data1\" content=\"4 minutes\" \/>\n<script type=\"application\/ld+json\" class=\"yoast-schema-graph\">{\"@context\":\"https:\/\/schema.org\",\"@graph\":[{\"@type\":\"WebPage\",\"@id\":\"https:\/\/ibutamorenmk677.com\/fr\/politique-de-remboursement\/\",\"url\":\"https:\/\/ibutamorenmk677.com\/fr\/politique-de-remboursement\/\",\"name\":\"Politique de remboursement - Biaxol Supplements\",\"isPartOf\":{\"@id\":\"https:\/\/ibutamorenmk677.com\/fr\/#website\"},\"datePublished\":\"2024-06-14T10:59:58+00:00\",\"dateModified\":\"2025-04-10T15:08:44+00:00\",\"breadcrumb\":{\"@id\":\"https:\/\/ibutamorenmk677.com\/fr\/politique-de-remboursement\/#breadcrumb\"},\"inLanguage\":\"fr-FR\",\"potentialAction\":[{\"@type\":\"ReadAction\",\"target\":[\"https:\/\/ibutamorenmk677.com\/fr\/politique-de-remboursement\/\"]}]},{\"@type\":\"BreadcrumbList\",\"@id\":\"https:\/\/ibutamorenmk677.com\/fr\/politique-de-remboursement\/#breadcrumb\",\"itemListElement\":[{\"@type\":\"ListItem\",\"position\":1,\"name\":\"Home\",\"item\":\"https:\/\/ibutamorenmk677.com\/fr\/\"},{\"@type\":\"ListItem\",\"position\":2,\"name\":\"Politique de remboursement\"}]},{\"@type\":\"WebSite\",\"@id\":\"https:\/\/ibutamorenmk677.com\/fr\/#website\",\"url\":\"https:\/\/ibutamorenmk677.com\/fr\/\",\"name\":\"Biaxol Supplements\",\"description\":\"\",\"potentialAction\":[{\"@type\":\"SearchAction\",\"target\":{\"@type\":\"EntryPoint\",\"urlTemplate\":\"https:\/\/ibutamorenmk677.com\/fr\/?s={search_term_string}\"},\"query-input\":{\"@type\":\"PropertyValueSpecification\",\"valueRequired\":true,\"valueName\":\"search_term_string\"}}],\"inLanguage\":\"fr-FR\"}]}<\/script>\n<!-- \/ Yoast SEO plugin. -->","yoast_head_json":{"title":"Politique de remboursement - Biaxol Supplements","robots":{"index":"index","follow":"follow","max-snippet":"max-snippet:-1","max-image-preview":"max-image-preview:large","max-video-preview":"max-video-preview:-1"},"canonical":"https:\/\/ibutamorenmk677.com\/fr\/politique-de-remboursement\/","og_locale":"fr_FR","og_type":"article","og_title":"Politique de remboursement - Biaxol Supplements","og_description":"Satisfaction garantieChez BIAXOL, votre satisfaction est notre priorit\u00e9. Nous nous portons garants de la qualit\u00e9 de nos produits et nous nous effor\u00e7ons de vous offrir une exp\u00e9rience sans faille. Veuillez consulter notre politique de remboursement d\u00e9taill\u00e9e ci-dessous : Politique de remboursementPas de remboursement : BIAXOL ne rembourse pas les achats effectu\u00e9s sur Biaxol.com, sauf en [&hellip;]","og_url":"https:\/\/ibutamorenmk677.com\/fr\/politique-de-remboursement\/","og_site_name":"Biaxol Supplements","article_modified_time":"2025-04-10T15:08:44+00:00","twitter_card":"summary_large_image","twitter_misc":{"Est. reading time":"4 minutes"},"schema":{"@context":"https:\/\/schema.org","@graph":[{"@type":"WebPage","@id":"https:\/\/ibutamorenmk677.com\/fr\/politique-de-remboursement\/","url":"https:\/\/ibutamorenmk677.com\/fr\/politique-de-remboursement\/","name":"Politique de remboursement - Biaxol Supplements","isPartOf":{"@id":"https:\/\/ibutamorenmk677.com\/fr\/#website"},"datePublished":"2024-06-14T10:59:58+00:00","dateModified":"2025-04-10T15:08:44+00:00","breadcrumb":{"@id":"https:\/\/ibutamorenmk677.com\/fr\/politique-de-remboursement\/#breadcrumb"},"inLanguage":"fr-FR","potentialAction":[{"@type":"ReadAction","target":["https:\/\/ibutamorenmk677.com\/fr\/politique-de-remboursement\/"]}]},{"@type":"BreadcrumbList","@id":"https:\/\/ibutamorenmk677.com\/fr\/politique-de-remboursement\/#breadcrumb","itemListElement":[{"@type":"ListItem","position":1,"name":"Home","item":"https:\/\/ibutamorenmk677.com\/fr\/"},{"@type":"ListItem","position":2,"name":"Politique de remboursement"}]},{"@type":"WebSite","@id":"https:\/\/ibutamorenmk677.com\/fr\/#website","url":"https:\/\/ibutamorenmk677.com\/fr\/","name":"Biaxol Supplements","description":"","potentialAction":[{"@type":"SearchAction","target":{"@type":"EntryPoint","urlTemplate":"https:\/\/ibutamorenmk677.com\/fr\/?s={search_term_string}"},"query-input":{"@type":"PropertyValueSpecification","valueRequired":true,"valueName":"search_term_string"}}],"inLanguage":"fr-FR"}]}},"_links":{"self":[{"href":"https:\/\/ibutamorenmk677.com\/fr\/wp-json\/wp\/v2\/pages\/1118","targetHints":{"allow":["GET"]}}],"collection":[{"href":"https:\/\/ibutamorenmk677.com\/fr\/wp-json\/wp\/v2\/pages"}],"about":[{"href":"https:\/\/ibutamorenmk677.com\/fr\/wp-json\/wp\/v2\/types\/page"}],"author":[{"embeddable":true,"href":"https:\/\/ibutamorenmk677.com\/fr\/wp-json\/wp\/v2\/users\/1"}],"replies":[{"embeddable":true,"href":"https:\/\/ibutamorenmk677.com\/fr\/wp-json\/wp\/v2\/comments?post=1118"}],"version-history":[{"count":4,"href":"https:\/\/ibutamorenmk677.com\/fr\/wp-json\/wp\/v2\/pages\/1118\/revisions"}],"predecessor-version":[{"id":2055,"href":"https:\/\/ibutamorenmk677.com\/fr\/wp-json\/wp\/v2\/pages\/1118\/revisions\/2055"}],"wp:attachment":[{"href":"https:\/\/ibutamorenmk677.com\/fr\/wp-json\/wp\/v2\/media?parent=1118"}],"curies":[{"name":"wp","href":"https:\/\/api.w.org\/{rel}","templated":true}]}}