{"id":1162,"date":"2024-06-26T12:22:15","date_gmt":"2024-06-26T12:22:15","guid":{"rendered":"https:\/\/ibutamorenmk677.com\/politique-de-livraison\/"},"modified":"2024-07-23T12:13:23","modified_gmt":"2024-07-23T12:13:23","slug":"politique-de-livraison","status":"publish","type":"page","link":"https:\/\/ibutamorenmk677.com\/fr\/politique-de-livraison\/","title":{"rendered":"Politique de livraison"},"content":{"rendered":"\n<ol class=\"wp-block-list\">\n<li>Exp\u00e9dition dans l&#8217;UE &#8211; 8 EUR.\nExp\u00e9dition en dehors de l&#8217;UE &#8211; 15 EUR. <\/li>\n\n\n\n<li>Toutes les commandes sont exp\u00e9di\u00e9es dans les 24 heures lorsqu&#8217;elles sont pass\u00e9es avant notre heure limite (\u00e0 l&#8217;exclusion des week-ends et des jours f\u00e9ri\u00e9s).<\/li>\n\n\n\n<li>Nous ne pouvons pas garantir l&#8217;exp\u00e9dition le jour m\u00eame des commandes pass\u00e9es apr\u00e8s la date limite.<\/li>\n\n\n\n<li>Les commandes de l&#8217;UE sont g\u00e9n\u00e9ralement livr\u00e9es dans un d\u00e9lai de 2 \u00e0 5 jours ouvrables. Les d\u00e9lais de livraison internationaux varient consid\u00e9rablement entre 5 et 14 jours ouvrables en fonction de la destination.<\/li>\n\n\n\n<li>Veuillez noter qu&#8217;une fois que votre commande a \u00e9t\u00e9 exp\u00e9di\u00e9e, nous n&#8217;avons aucun contr\u00f4le sur les retards, quels qu&#8217;ils soient, et nous ne pouvons donc pas garantir l&#8217;heure exacte d&#8217;arriv\u00e9e.<\/li>\n\n\n\n<li>Notre \u00e9quipe d&#8217;assistance est disponible 24 heures sur 24, 7 jours sur 7, par chat ou par courrier \u00e9lectronique, si vous avez des questions ou des inqui\u00e9tudes concernant votre livraison.<\/li>\n\n\n\n<li>Sur la page de paiement, vous pouvez choisir la fonction de protection des colis (pour un suppl\u00e9ment de 10 EUR), qui garantit la r\u00e9exp\u00e9dition gratuite de votre colis s&#8217;il est endommag\u00e9, vol\u00e9 ou perdu pendant le transport.<\/li>\n<\/ol>\n","protected":false},"excerpt":{"rendered":"","protected":false},"author":1,"featured_media":0,"parent":0,"menu_order":0,"comment_status":"closed","ping_status":"closed","template":"","meta":{"_acf_changed":false,"footnotes":""},"class_list":["post-1162","page","type-page","status-publish","hentry"],"acf":[],"yoast_head":"<!-- This site is optimized with the Yoast SEO plugin v23.9 - https:\/\/yoast.com\/wordpress\/plugins\/seo\/ -->\n<title>Politique de livraison - Biaxol Supplements<\/title>\n<meta name=\"robots\" content=\"index, follow, max-snippet:-1, max-image-preview:large, max-video-preview:-1\" \/>\n<link rel=\"canonical\" href=\"https:\/\/ibutamorenmk677.com\/fr\/politique-de-livraison\/\" \/>\n<meta property=\"og:locale\" content=\"fr_FR\" \/>\n<meta property=\"og:type\" content=\"article\" \/>\n<meta property=\"og:title\" content=\"Politique de livraison - Biaxol Supplements\" \/>\n<meta property=\"og:url\" content=\"https:\/\/ibutamorenmk677.com\/fr\/politique-de-livraison\/\" \/>\n<meta property=\"og:site_name\" content=\"Biaxol Supplements\" \/>\n<meta property=\"article:modified_time\" content=\"2024-07-23T12:13:23+00:00\" \/>\n<meta name=\"twitter:card\" content=\"summary_large_image\" \/>\n<meta name=\"twitter:label1\" content=\"Est. reading time\" \/>\n\t<meta name=\"twitter:data1\" content=\"1 minute\" \/>\n<script type=\"application\/ld+json\" class=\"yoast-schema-graph\">{\"@context\":\"https:\/\/schema.org\",\"@graph\":[{\"@type\":\"WebPage\",\"@id\":\"https:\/\/ibutamorenmk677.com\/fr\/politique-de-livraison\/\",\"url\":\"https:\/\/ibutamorenmk677.com\/fr\/politique-de-livraison\/\",\"name\":\"Politique de livraison - Biaxol Supplements\",\"isPartOf\":{\"@id\":\"https:\/\/ibutamorenmk677.com\/fr\/#website\"},\"datePublished\":\"2024-06-26T12:22:15+00:00\",\"dateModified\":\"2024-07-23T12:13:23+00:00\",\"breadcrumb\":{\"@id\":\"https:\/\/ibutamorenmk677.com\/fr\/politique-de-livraison\/#breadcrumb\"},\"inLanguage\":\"fr-FR\",\"potentialAction\":[{\"@type\":\"ReadAction\",\"target\":[\"https:\/\/ibutamorenmk677.com\/fr\/politique-de-livraison\/\"]}]},{\"@type\":\"BreadcrumbList\",\"@id\":\"https:\/\/ibutamorenmk677.com\/fr\/politique-de-livraison\/#breadcrumb\",\"itemListElement\":[{\"@type\":\"ListItem\",\"position\":1,\"name\":\"Home\",\"item\":\"https:\/\/ibutamorenmk677.com\/fr\/\"},{\"@type\":\"ListItem\",\"position\":2,\"name\":\"Politique de livraison\"}]},{\"@type\":\"WebSite\",\"@id\":\"https:\/\/ibutamorenmk677.com\/fr\/#website\",\"url\":\"https:\/\/ibutamorenmk677.com\/fr\/\",\"name\":\"Biaxol Supplements\",\"description\":\"\",\"potentialAction\":[{\"@type\":\"SearchAction\",\"target\":{\"@type\":\"EntryPoint\",\"urlTemplate\":\"https:\/\/ibutamorenmk677.com\/fr\/?s={search_term_string}\"},\"query-input\":{\"@type\":\"PropertyValueSpecification\",\"valueRequired\":true,\"valueName\":\"search_term_string\"}}],\"inLanguage\":\"fr-FR\"}]}<\/script>\n<!-- \/ Yoast SEO plugin. -->","yoast_head_json":{"title":"Politique de livraison - Biaxol Supplements","robots":{"index":"index","follow":"follow","max-snippet":"max-snippet:-1","max-image-preview":"max-image-preview:large","max-video-preview":"max-video-preview:-1"},"canonical":"https:\/\/ibutamorenmk677.com\/fr\/politique-de-livraison\/","og_locale":"fr_FR","og_type":"article","og_title":"Politique de livraison - Biaxol Supplements","og_url":"https:\/\/ibutamorenmk677.com\/fr\/politique-de-livraison\/","og_site_name":"Biaxol Supplements","article_modified_time":"2024-07-23T12:13:23+00:00","twitter_card":"summary_large_image","twitter_misc":{"Est. reading time":"1 minute"},"schema":{"@context":"https:\/\/schema.org","@graph":[{"@type":"WebPage","@id":"https:\/\/ibutamorenmk677.com\/fr\/politique-de-livraison\/","url":"https:\/\/ibutamorenmk677.com\/fr\/politique-de-livraison\/","name":"Politique de livraison - Biaxol Supplements","isPartOf":{"@id":"https:\/\/ibutamorenmk677.com\/fr\/#website"},"datePublished":"2024-06-26T12:22:15+00:00","dateModified":"2024-07-23T12:13:23+00:00","breadcrumb":{"@id":"https:\/\/ibutamorenmk677.com\/fr\/politique-de-livraison\/#breadcrumb"},"inLanguage":"fr-FR","potentialAction":[{"@type":"ReadAction","target":["https:\/\/ibutamorenmk677.com\/fr\/politique-de-livraison\/"]}]},{"@type":"BreadcrumbList","@id":"https:\/\/ibutamorenmk677.com\/fr\/politique-de-livraison\/#breadcrumb","itemListElement":[{"@type":"ListItem","position":1,"name":"Home","item":"https:\/\/ibutamorenmk677.com\/fr\/"},{"@type":"ListItem","position":2,"name":"Politique de livraison"}]},{"@type":"WebSite","@id":"https:\/\/ibutamorenmk677.com\/fr\/#website","url":"https:\/\/ibutamorenmk677.com\/fr\/","name":"Biaxol Supplements","description":"","potentialAction":[{"@type":"SearchAction","target":{"@type":"EntryPoint","urlTemplate":"https:\/\/ibutamorenmk677.com\/fr\/?s={search_term_string}"},"query-input":{"@type":"PropertyValueSpecification","valueRequired":true,"valueName":"search_term_string"}}],"inLanguage":"fr-FR"}]}},"_links":{"self":[{"href":"https:\/\/ibutamorenmk677.com\/fr\/wp-json\/wp\/v2\/pages\/1162","targetHints":{"allow":["GET"]}}],"collection":[{"href":"https:\/\/ibutamorenmk677.com\/fr\/wp-json\/wp\/v2\/pages"}],"about":[{"href":"https:\/\/ibutamorenmk677.com\/fr\/wp-json\/wp\/v2\/types\/page"}],"author":[{"embeddable":true,"href":"https:\/\/ibutamorenmk677.com\/fr\/wp-json\/wp\/v2\/users\/1"}],"replies":[{"embeddable":true,"href":"https:\/\/ibutamorenmk677.com\/fr\/wp-json\/wp\/v2\/comments?post=1162"}],"version-history":[{"count":4,"href":"https:\/\/ibutamorenmk677.com\/fr\/wp-json\/wp\/v2\/pages\/1162\/revisions"}],"predecessor-version":[{"id":1228,"href":"https:\/\/ibutamorenmk677.com\/fr\/wp-json\/wp\/v2\/pages\/1162\/revisions\/1228"}],"wp:attachment":[{"href":"https:\/\/ibutamorenmk677.com\/fr\/wp-json\/wp\/v2\/media?parent=1162"}],"curies":[{"name":"wp","href":"https:\/\/api.w.org\/{rel}","templated":true}]}}