{"id":899,"date":"2024-05-14T11:52:30","date_gmt":"2024-05-14T11:52:30","guid":{"rendered":"https:\/\/ibutamorenmk677.com\/politique-de-confidentialite\/"},"modified":"2024-06-19T12:25:20","modified_gmt":"2024-06-19T12:25:20","slug":"politique-de-confidentialite","status":"publish","type":"page","link":"https:\/\/ibutamorenmk677.com\/fr\/politique-de-confidentialite\/","title":{"rendered":"Politique de confidentialit\u00e9"},"content":{"rendered":"<p>Pour chaque commande que vous nous passez, nous traitons les informations personnelles suivantes.<\/p>\n<p>&#8211; Pr\u00e9nom et nom<\/p>\n<p>&#8211; Adresse de livraison (rue, num\u00e9ro de rue, code postal et ville)<\/p>\n<p>&#8211; [Optional] adresse de facturation (rue, num\u00e9ro de rue, code postal et ville)<\/p>\n<p>&#8211; Num\u00e9ro de t\u00e9l\u00e9phone<\/p>\n<p>&#8211; [Optional] date de naissance<\/p>\n<p>-Adresse \u00e9lectronique<\/p>\n<p>Nous traitons ces informations personnelles afin de traiter votre commande et de pouvoir r\u00e9pondre \u00e0 d&#8217;\u00e9ventuelles questions concernant votre commande. Les motifs du traitement sont l&#8217;accord que nous avons conclu avec vous et le respect de nos obligations l\u00e9gales. Il s&#8217;agit de nos obligations administratives l\u00e9gales.<\/p>\n<h2 class=\"wp-block-heading\">SECTION 2 &#8211; QUELLES DONN\u00c9ES PERSONNELLES TRAITONS-NOUS SI VOUS CR\u00c9EZ UN COMPTE ?<\/h2>\n<p>Pour simplifier la commande, vous pouvez \u00e9galement choisir de cr\u00e9er un compte. Si vous cr\u00e9ez un compte et saisissez les donn\u00e9es pertinentes, nous traiterons les donn\u00e9es personnelles suivantes :<\/p>\n<p>&#8211; Pr\u00e9nom et nom<br \/>\n-[Optional] date de naissance<br \/>\n-Adresses saisies dans le carnet d&#8217;adresses<br \/>\n&#8211; Aper\u00e7u de vos commandes<br \/>\n&#8211; Commentaires<br \/>\n&#8211; Vos favoris<br \/>\n&#8211; Num\u00e9ro de t\u00e9l\u00e9phone<br \/>\n&#8211; Adresse \u00e9lectronique<\/p>\n<p>Nous utilisons ces informations personnelles pour traiter vos commandes et pour r\u00e9pondre aux questions concernant votre commande. Nous utilisons vos favoris, l&#8217;aper\u00e7u de vos commandes et vos commentaires pour mieux conna\u00eetre les produits que vous pr\u00e9f\u00e9rez. Les motifs de traitement que nous utilisons sont la mise en \u0153uvre de l&#8217;accord que nous avons conclu avec vous, le respect de nos obligations l\u00e9gales et notre int\u00e9r\u00eat l\u00e9gitime \u00e0 mieux conna\u00eetre les pr\u00e9f\u00e9rences de nos clients en mati\u00e8re de produits. Cela nous permet d&#8217;adapter la gamme de produits que nous vendons aux pr\u00e9f\u00e9rences de nos clients.<\/p>\n<h2 class=\"wp-block-heading\">SECTION 3 &#8211; QUELLES SONT LES DONN\u00c9ES PERSONNELLES QUE NOUS TRAITONS LORSQUE VOUS NAVIGUEZ SUR LE SITE WEB ?<\/h2>\n<p>Lorsque vous visitez notre site web et que vous naviguez, nous traitons les informations suivantes :<\/p>\n<p>&#8211; Votre localisation approximative bas\u00e9e sur une partie de votre adresse IP<\/p>\n<p>&#8211; ce que vous faites sur notre site web, par exemple ce sur quoi vous cliquez<\/p>\n<p>&#8211; des informations agr\u00e9g\u00e9es telles que des informations sur le &#8220;flux de clics&#8221;, c&#8217;est-\u00e0-dire les points d&#8217;entr\u00e9e et de sortie (y compris les URL ou domaines de r\u00e9f\u00e9rence)<\/p>\n<p>&#8211; Votre type de navigateur Internet et le type d&#8217;appareil que vous utilisez pour visiter notre site Internet.<\/p>\n<p>Nous traitons ces donn\u00e9es sur la base de notre int\u00e9r\u00eat l\u00e9gitime \u00e0 am\u00e9liorer notre site web et \u00e0 mieux conna\u00eetre les pr\u00e9f\u00e9rences de nos clients en mati\u00e8re de produits.<\/p>\n<h2 class=\"wp-block-heading\">SECTION 4 &#8211; QUELLES DONN\u00c9ES PERSONNELLES TRAITONS-NOUS LORSQUE NOUS VOUS ENVOYONS NOS LETTRES D&#8217;INFORMATION ?<\/h2>\n<p>Nous souhaitons utiliser la lettre d&#8217;information pour vous informer des nouveaut\u00e9s, des promotions et des offres sp\u00e9ciales. Si vous vous inscrivez \u00e0 notre lettre d&#8217;information, nous traitons les informations suivantes :<\/p>\n<p>&#8211; Adresse \u00e9lectronique<\/p>\n<p>&#8211; O\u00f9 vous cliquez dans la lettre d&#8217;information<\/p>\n<p>Nous utilisons votre adresse \u00e9lectronique pour envoyer le bulletin d&#8217;information si vous nous en avez donn\u00e9 l&#8217;autorisation expresse. Vous pouvez vous d\u00e9sabonner de la lettre d&#8217;information en cliquant sur le lien de d\u00e9sabonnement dans la lettre d&#8217;information ou en retirant l&#8217;autorisation dans votre compte \u00e0 tout moment. Nous utilisons votre comportement de clic pour d\u00e9terminer quelles parties de la lettre d&#8217;information vous int\u00e9ressent. Nous utilisons ces informations pour compiler notre offre de produits sur le site. Nous traitons vos clics en fonction de notre int\u00e9r\u00eat l\u00e9gitime \u00e0 mieux conna\u00eetre les pr\u00e9f\u00e9rences de nos clients en mati\u00e8re de produits.<\/p>\n<h2 class=\"wp-block-heading\">SECTION 5 &#8211; QUELLES DONN\u00c9ES PERSONNELLES TRAITONS-NOUS LORSQUE VOUS CONTACTEZ NOTRE SERVICE CLIENT\u00c8LE ?<\/h2>\n<p>Notre service client\u00e8le est l\u00e0 pour r\u00e9pondre \u00e0 vos questions et r\u00e9soudre vos probl\u00e8mes. Vous pouvez nous contacter par e-mail ou par formulaire web. Nous pouvons vous aider plus efficacement en conservant vos donn\u00e9es. Pour ce faire, nous traitons les informations personnelles suivantes :<\/p>\n<p>&#8211; Nom<\/p>\n<p>&#8211; Adresse \u00e9lectronique<\/p>\n<p>&#8211; Num\u00e9ro de t\u00e9l\u00e9phone<\/p>\n<p>&#8211; Adresse IP<\/p>\n<p>&#8211; Critiques de produits<\/p>\n<p>Nous aimons recueillir des avis sur nos produits ou nos services. C&#8217;est pourquoi nous traitons au minimum les informations personnelles suivantes :<\/p>\n<p>&#8211; Nom<\/p>\n<p>&#8211; Adresse \u00e9lectronique<\/p>\n<h2 class=\"wp-block-heading\">SECTION 6 &#8211; PARTAGE DES INFORMATIONS PERSONNELLES AVEC DES TIERS<\/h2>\n<p>Biaxol Supplements ne vendra pas vos informations personnelles \u00e0 des tiers et ne mettra ces donn\u00e9es \u00e0 la disposition de tiers que s&#8217;ils sont activement impliqu\u00e9s dans l&#8217;ex\u00e9cution de votre commande ou \u00e0 des fins commerciales en rapport avec la commercialisation de nos produits. Les membres de notre personnel et les tiers mandat\u00e9s par nous sont tenus de respecter la confidentialit\u00e9 de vos donn\u00e9es.<\/p>\n<p>Plus pr\u00e9cis\u00e9ment, nous pouvons partager vos informations personnelles de la mani\u00e8re suivante :<\/p>\n<p>Pour vous fournir des services ou des informations<\/p>\n<p>Nous pouvons divulguer vos informations personnelles \u00e0 des prestataires de services tiers afin qu&#8217;ils nous fournissent des services tels que le traitement des paiements, l&#8217;h\u00e9bergement de sites web, des services professionnels, y compris des services de technologie de l&#8217;information et l&#8217;infrastructure connexe, le service \u00e0 la client\u00e8le, la livraison d&#8217;e-mails, l&#8217;audit et d&#8217;autres services similaires n\u00e9cessaires au site et aux services que vous demandez. Nous pouvons \u00e9galement divulguer des informations personnelles collect\u00e9es par le biais de cookies de tiers int\u00e9gr\u00e9s au site web, lorsque vous donnez votre accord pour l&#8217;utilisation de ces cookies.<\/p>\n<p>Respect de la loi<\/p>\n<p>Nous pouvons utiliser ou divulguer vos informations personnelles si nous le jugeons n\u00e9cessaire ou appropri\u00e9 : (1) en vertu de la loi applicable, y compris les lois en dehors de votre pays de r\u00e9sidence ; (2) pour r\u00e9pondre aux demandes des autorit\u00e9s publiques et gouvernementales, y compris les autorit\u00e9s publiques et gouvernementales en dehors de votre pays de r\u00e9sidence ; (3) pour se conformer aux citations \u00e0 compara\u00eetre et autres proc\u00e9dures l\u00e9gales ; (4) pour exercer les recours disponibles ou limiter les dommages que nous pourrions subir ; (5) pour prot\u00e9ger nos op\u00e9rations ou celles de l&#8217;une de nos soci\u00e9t\u00e9s affili\u00e9es ; (6) pour prot\u00e9ger les droits, la vie priv\u00e9e, la s\u00e9curit\u00e9 ou la propri\u00e9t\u00e9 de la Soci\u00e9t\u00e9 ou d&#8217;autres personnes ; et (7) pour faire respecter nos conditions g\u00e9n\u00e9rales.<br \/>\nTransactions ou \u00e9v\u00e9nements d&#8217;entreprise<br \/>\nNous pouvons divulguer vos informations \u00e0 un tiers dans le cadre d&#8217;une r\u00e9organisation d&#8217;entreprise, d&#8217;une fusion, d&#8217;une vente, d&#8217;une coentreprise, d&#8217;une cession, d&#8217;un transfert ou d&#8217;une autre disposition de tout ou partie de notre activit\u00e9, de nos actifs ou de nos actions, y compris dans le cadre d&#8217;une faillite ou d&#8217;une proc\u00e9dure similaire.<\/p>\n<h2 class=\"wp-block-heading\">SECTION 7 &#8211; COOKIES<\/h2>\n<p>Qu&#8217;est-ce qu&#8217;un biscuit ?<\/p>\n<p>Les cookies sont de petits fichiers texte contenant une cha\u00eene de caract\u00e8res qui peuvent \u00eatre plac\u00e9s sur votre ordinateur ou votre appareil mobile et qui identifient de mani\u00e8re unique votre navigateur ou votre appareil. \u00c0 quoi servent les cookies ?<\/p>\n<p>Les cookies permettent \u00e0 un site ou \u00e0 un service de savoir si votre ordinateur ou votre appareil a d\u00e9j\u00e0 visit\u00e9 ce site ou ce service. Les cookies peuvent ensuite \u00eatre utilis\u00e9s pour comprendre comment le site ou le service est utilis\u00e9, pour vous aider \u00e0 naviguer efficacement entre les pages, pour m\u00e9moriser vos pr\u00e9f\u00e9rences et, d&#8217;une mani\u00e8re g\u00e9n\u00e9rale, pour am\u00e9liorer votre exp\u00e9rience de navigation. Les cookies peuvent \u00e9galement contribuer \u00e0 faire en sorte que le marketing que vous voyez en ligne soit plus pertinent pour vous et vos int\u00e9r\u00eats.<\/p>\n<p>Quels types de cookies le site utilise-t-il ?<\/p>\n<p>Il existe g\u00e9n\u00e9ralement quatre cat\u00e9gories de cookies : &#8220;strictement n\u00e9cessaire&#8221;, &#8220;performance&#8221;, &#8220;fonctionnalit\u00e9&#8221; et &#8220;ciblage&#8221;. Le site utilise r\u00e9guli\u00e8rement les quatre cat\u00e9gories de cookies sur le service. Vous trouverez ci-dessous plus d&#8217;informations sur chaque cat\u00e9gorie de cookies.<\/p>\n<p>&#8211; Cookies strictement n\u00e9cessaires. Ces cookies sont essentiels, car ils vous permettent de vous d\u00e9placer dans le service et d&#8217;utiliser ses fonctionnalit\u00e9s, telles que l&#8217;acc\u00e8s aux zones connect\u00e9es ou s\u00e9curis\u00e9es.<\/p>\n<p>&#8211; Cookies de performance. Ces cookies collectent des informations sur la mani\u00e8re dont vous avez utilis\u00e9 le service, par exemple des informations li\u00e9es au nom d&#8217;utilisateur unique que vous avez fourni, afin de r\u00e9duire la charge sur notre infrastructure dorsale. Ces cookies peuvent \u00e9galement \u00eatre utilis\u00e9s pour nous permettre de savoir que vous vous \u00eates connect\u00e9 afin que nous puissions vous proposer un contenu plus frais que celui d&#8217;un utilisateur qui ne s&#8217;est jamais connect\u00e9. Nous utilisons \u00e9galement des cookies pour suivre l&#8217;utilisation globale du service et exp\u00e9rimenter de nouvelles fonctionnalit\u00e9s et modifications du service. Les informations recueillies sont utilis\u00e9es pour am\u00e9liorer le fonctionnement du service.<\/p>\n<p>&#8211; Cookies de fonctionnalit\u00e9. Ces cookies nous permettent de nous souvenir de la fa\u00e7on dont vous \u00eates connect\u00e9, si vous avez choisi de ne plus voir de publicit\u00e9s, si vous avez modifi\u00e9 un article sur le service alors que vous \u00e9tiez d\u00e9connect\u00e9, quand vous vous \u00eates connect\u00e9 ou d\u00e9connect\u00e9, l&#8217;\u00e9tat ou l&#8217;historique des outils du service que vous avez utilis\u00e9s. Ces cookies nous permettent \u00e9galement d&#8217;adapter le service afin de vous offrir des fonctionnalit\u00e9s et un contenu am\u00e9lior\u00e9s et de nous souvenir de la mani\u00e8re dont vous avez personnalis\u00e9 le service d&#8217;autres fa\u00e7ons, comme la personnalisation des barres d&#8217;outils que nous proposons dans la colonne de droite de chaque page. Les informations recueillies par ces cookies peuvent \u00eatre anonymes et ne sont pas utilis\u00e9es pour suivre votre activit\u00e9 de navigation sur d&#8217;autres sites ou services.<\/p>\n<p>&#8211; Cookies de ciblage. Site, nos partenaires publicitaires ou d&#8217;autres partenaires tiers peuvent utiliser ces types de cookies pour vous proposer des publicit\u00e9s adapt\u00e9es \u00e0 vos centres d&#8217;int\u00e9r\u00eat. Ces cookies peuvent se souvenir que votre appareil a visit\u00e9 un site ou un service, et peuvent \u00e9galement \u00eatre en mesure de suivre l&#8217;activit\u00e9 de navigation de votre appareil sur d&#8217;autres sites ou services que le Site. Ces informations peuvent \u00eatre partag\u00e9es avec des organisations ext\u00e9rieures au site, telles que des annonceurs et\/ou des r\u00e9seaux publicitaires pour diffuser la publicit\u00e9 et aider \u00e0 mesurer l&#8217;efficacit\u00e9 d&#8217;une campagne publicitaire, ou d&#8217;autres partenaires commerciaux dans le but de fournir des statistiques globales sur l&#8217;utilisation du service et des tests globaux du service.<\/p>\n<p>Combien de temps les cookies resteront-ils sur mon appareil ?<\/p>\n<p>La dur\u00e9e de conservation d&#8217;un cookie sur votre ordinateur ou votre appareil mobile varie selon qu&#8217;il s&#8217;agit d&#8217;un cookie &#8220;persistant&#8221; ou d&#8217;un cookie &#8220;de session&#8221;. Les cookies de session ne restent sur votre appareil que jusqu&#8217;\u00e0 ce que vous arr\u00eatiez de naviguer. Les cookies persistants restent sur votre ordinateur ou votre appareil mobile jusqu&#8217;\u00e0 ce qu&#8217;ils expirent ou soient supprim\u00e9s.<\/p>\n<p>Cookies de premi\u00e8re et de tierce partie<\/p>\n<p>Les cookies de premi\u00e8re partie sont des cookies qui appartiennent au Site, les cookies de tierce partie sont des cookies qu&#8217;une autre partie place sur votre appareil par l&#8217;interm\u00e9diaire de notre Service. Des cookies tiers peuvent \u00eatre plac\u00e9s sur votre appareil par une personne fournissant un service pour le Site, par exemple pour nous aider \u00e0 comprendre comment notre service est utilis\u00e9. Des cookies tiers peuvent \u00e9galement \u00eatre plac\u00e9s sur votre appareil par nos partenaires commerciaux afin qu&#8217;ils puissent les utiliser pour vous proposer des produits et services ailleurs sur Internet.<\/p>\n<h2 class=\"wp-block-heading\">SECTION 8 &#8211; \u00c2GE DU CONSENTEMENT<\/h2>\n<p>En utilisant ce site, vous d\u00e9clarez que vous avez au moins l&#8217;\u00e2ge de la majorit\u00e9 dans votre \u00c9tat ou province de r\u00e9sidence, ou que vous avez l&#8217;\u00e2ge de la majorit\u00e9 dans votre \u00c9tat ou province de r\u00e9sidence et que vous nous avez donn\u00e9 votre consentement pour permettre \u00e0 toute personne mineure \u00e0 votre charge d&#8217;utiliser ce site.<\/p>\n<h2 class=\"wp-block-heading\">SECTION 9 &#8211; MODIFICATIONS DE LA PR\u00c9SENTE POLITIQUE DE CONFIDENTIALIT\u00c9<\/h2>\n<p>Nous nous r\u00e9servons le droit de modifier cette politique de confidentialit\u00e9 \u00e0 tout moment, veuillez donc la consulter r\u00e9guli\u00e8rement. Les modifications et clarifications prendront effet imm\u00e9diatement apr\u00e8s leur publication sur le site web. Si nous apportons des modifications importantes \u00e0 cette politique, nous vous informerons ici qu&#8217;elle a \u00e9t\u00e9 mise \u00e0 jour, afin que vous sachiez quelles informations nous recueillons, comment nous les utilisons et dans quelles circonstances, le cas \u00e9ch\u00e9ant, nous les utilisons et\/ou les divulguons. Si notre magasin est acquis ou fusionn\u00e9 avec une autre soci\u00e9t\u00e9, vos informations peuvent \u00eatre transf\u00e9r\u00e9es aux nouveaux propri\u00e9taires afin que nous puissions continuer \u00e0 vous vendre des produits.<\/p>\n<h2 class=\"wp-block-heading\">SECTION 10 &#8211; S\u00c9CURIT\u00c9<\/h2>\n<p>Pour prot\u00e9ger vos informations personnelles, nous prenons des pr\u00e9cautions raisonnables et suivons les meilleures pratiques du secteur pour nous assurer qu&#8217;elles ne sont pas perdues, mal utilis\u00e9es, consult\u00e9es, divulgu\u00e9es, modifi\u00e9es ou d\u00e9truites de mani\u00e8re inappropri\u00e9e. Si vous nous fournissez des informations relatives \u00e0 votre carte de cr\u00e9dit, celles-ci sont crypt\u00e9es \u00e0 l&#8217;aide de la technologie SSL (Secure Socket Layer) et stock\u00e9es avec un cryptage AES-256. Bien qu&#8217;aucune m\u00e9thode de transmission sur Internet ou de stockage \u00e9lectronique ne soit s\u00fbre \u00e0 100 %, nous respectons toutes les exigences de la norme PCI-DSS et appliquons d&#8217;autres normes industrielles g\u00e9n\u00e9ralement accept\u00e9es.<\/p>\n<h2 class=\"wp-block-heading\">QUESTIONS ET INFORMATIONS DE CONTACT<\/h2>\n<p>Si vous souhaitez : acc\u00e9der, corriger, modifier ou supprimer toute information personnelle que nous d\u00e9tenons \u00e0 votre sujet, d\u00e9poser une plainte, ou simplement obtenir plus d&#8217;informations, contactez notre responsable de la protection de la vie priv\u00e9e \u00e0 l&#8217;adresse suivante ou par courrier \u00e9lectronique \u00e0 l&#8217;adresse office@biaxol.com.<\/p>\n","protected":false},"excerpt":{"rendered":"<p>Pour chaque commande que vous nous passez, nous traitons les informations personnelles suivantes. &#8211; Pr\u00e9nom et nom &#8211; Adresse de livraison (rue, num\u00e9ro de rue, code postal et ville) &#8211; [Optional] adresse de facturation (rue, num\u00e9ro de rue, code postal et ville) &#8211; Num\u00e9ro de t\u00e9l\u00e9phone &#8211; [Optional] date de naissance -Adresse \u00e9lectronique Nous traitons [&hellip;]<\/p>\n","protected":false},"author":1,"featured_media":0,"parent":0,"menu_order":0,"comment_status":"closed","ping_status":"closed","template":"","meta":{"_acf_changed":false,"footnotes":""},"class_list":["post-899","page","type-page","status-publish","hentry"],"acf":[],"yoast_head":"<!-- This site is optimized with the Yoast SEO plugin v23.9 - https:\/\/yoast.com\/wordpress\/plugins\/seo\/ -->\n<title>Politique de confidentialit\u00e9 - Biaxol Supplements<\/title>\n<meta name=\"robots\" content=\"index, follow, max-snippet:-1, max-image-preview:large, max-video-preview:-1\" \/>\n<link rel=\"canonical\" href=\"https:\/\/ibutamorenmk677.com\/fr\/politique-de-confidentialite\/\" \/>\n<meta property=\"og:locale\" content=\"fr_FR\" \/>\n<meta property=\"og:type\" content=\"article\" \/>\n<meta property=\"og:title\" content=\"Politique de confidentialit\u00e9 - Biaxol Supplements\" \/>\n<meta property=\"og:description\" content=\"Pour chaque commande que vous nous passez, nous traitons les informations personnelles suivantes. &#8211; Pr\u00e9nom et nom &#8211; Adresse de livraison (rue, num\u00e9ro de rue, code postal et ville) &#8211; [Optional] adresse de facturation (rue, num\u00e9ro de rue, code postal et ville) &#8211; Num\u00e9ro de t\u00e9l\u00e9phone &#8211; [Optional] date de naissance -Adresse \u00e9lectronique Nous traitons [&hellip;]\" \/>\n<meta property=\"og:url\" content=\"https:\/\/ibutamorenmk677.com\/fr\/politique-de-confidentialite\/\" \/>\n<meta property=\"og:site_name\" content=\"Biaxol Supplements\" \/>\n<meta property=\"article:modified_time\" content=\"2024-06-19T12:25:20+00:00\" \/>\n<meta name=\"twitter:card\" content=\"summary_large_image\" \/>\n<meta name=\"twitter:label1\" content=\"Est. reading time\" \/>\n\t<meta name=\"twitter:data1\" content=\"11 minutes\" \/>\n<script type=\"application\/ld+json\" class=\"yoast-schema-graph\">{\"@context\":\"https:\/\/schema.org\",\"@graph\":[{\"@type\":\"WebPage\",\"@id\":\"https:\/\/ibutamorenmk677.com\/fr\/politique-de-confidentialite\/\",\"url\":\"https:\/\/ibutamorenmk677.com\/fr\/politique-de-confidentialite\/\",\"name\":\"Politique de confidentialit\u00e9 - Biaxol Supplements\",\"isPartOf\":{\"@id\":\"https:\/\/ibutamorenmk677.com\/fr\/#website\"},\"datePublished\":\"2024-05-14T11:52:30+00:00\",\"dateModified\":\"2024-06-19T12:25:20+00:00\",\"breadcrumb\":{\"@id\":\"https:\/\/ibutamorenmk677.com\/fr\/politique-de-confidentialite\/#breadcrumb\"},\"inLanguage\":\"fr-FR\",\"potentialAction\":[{\"@type\":\"ReadAction\",\"target\":[\"https:\/\/ibutamorenmk677.com\/fr\/politique-de-confidentialite\/\"]}]},{\"@type\":\"BreadcrumbList\",\"@id\":\"https:\/\/ibutamorenmk677.com\/fr\/politique-de-confidentialite\/#breadcrumb\",\"itemListElement\":[{\"@type\":\"ListItem\",\"position\":1,\"name\":\"Home\",\"item\":\"https:\/\/ibutamorenmk677.com\/fr\/\"},{\"@type\":\"ListItem\",\"position\":2,\"name\":\"Politique de confidentialit\u00e9\"}]},{\"@type\":\"WebSite\",\"@id\":\"https:\/\/ibutamorenmk677.com\/fr\/#website\",\"url\":\"https:\/\/ibutamorenmk677.com\/fr\/\",\"name\":\"Biaxol Supplements\",\"description\":\"\",\"potentialAction\":[{\"@type\":\"SearchAction\",\"target\":{\"@type\":\"EntryPoint\",\"urlTemplate\":\"https:\/\/ibutamorenmk677.com\/fr\/?s={search_term_string}\"},\"query-input\":{\"@type\":\"PropertyValueSpecification\",\"valueRequired\":true,\"valueName\":\"search_term_string\"}}],\"inLanguage\":\"fr-FR\"}]}<\/script>\n<!-- \/ Yoast SEO plugin. -->","yoast_head_json":{"title":"Politique de confidentialit\u00e9 - Biaxol Supplements","robots":{"index":"index","follow":"follow","max-snippet":"max-snippet:-1","max-image-preview":"max-image-preview:large","max-video-preview":"max-video-preview:-1"},"canonical":"https:\/\/ibutamorenmk677.com\/fr\/politique-de-confidentialite\/","og_locale":"fr_FR","og_type":"article","og_title":"Politique de confidentialit\u00e9 - Biaxol Supplements","og_description":"Pour chaque commande que vous nous passez, nous traitons les informations personnelles suivantes. &#8211; Pr\u00e9nom et nom &#8211; Adresse de livraison (rue, num\u00e9ro de rue, code postal et ville) &#8211; [Optional] adresse de facturation (rue, num\u00e9ro de rue, code postal et ville) &#8211; Num\u00e9ro de t\u00e9l\u00e9phone &#8211; [Optional] date de naissance -Adresse \u00e9lectronique Nous traitons [&hellip;]","og_url":"https:\/\/ibutamorenmk677.com\/fr\/politique-de-confidentialite\/","og_site_name":"Biaxol Supplements","article_modified_time":"2024-06-19T12:25:20+00:00","twitter_card":"summary_large_image","twitter_misc":{"Est. reading time":"11 minutes"},"schema":{"@context":"https:\/\/schema.org","@graph":[{"@type":"WebPage","@id":"https:\/\/ibutamorenmk677.com\/fr\/politique-de-confidentialite\/","url":"https:\/\/ibutamorenmk677.com\/fr\/politique-de-confidentialite\/","name":"Politique de confidentialit\u00e9 - Biaxol Supplements","isPartOf":{"@id":"https:\/\/ibutamorenmk677.com\/fr\/#website"},"datePublished":"2024-05-14T11:52:30+00:00","dateModified":"2024-06-19T12:25:20+00:00","breadcrumb":{"@id":"https:\/\/ibutamorenmk677.com\/fr\/politique-de-confidentialite\/#breadcrumb"},"inLanguage":"fr-FR","potentialAction":[{"@type":"ReadAction","target":["https:\/\/ibutamorenmk677.com\/fr\/politique-de-confidentialite\/"]}]},{"@type":"BreadcrumbList","@id":"https:\/\/ibutamorenmk677.com\/fr\/politique-de-confidentialite\/#breadcrumb","itemListElement":[{"@type":"ListItem","position":1,"name":"Home","item":"https:\/\/ibutamorenmk677.com\/fr\/"},{"@type":"ListItem","position":2,"name":"Politique de confidentialit\u00e9"}]},{"@type":"WebSite","@id":"https:\/\/ibutamorenmk677.com\/fr\/#website","url":"https:\/\/ibutamorenmk677.com\/fr\/","name":"Biaxol Supplements","description":"","potentialAction":[{"@type":"SearchAction","target":{"@type":"EntryPoint","urlTemplate":"https:\/\/ibutamorenmk677.com\/fr\/?s={search_term_string}"},"query-input":{"@type":"PropertyValueSpecification","valueRequired":true,"valueName":"search_term_string"}}],"inLanguage":"fr-FR"}]}},"_links":{"self":[{"href":"https:\/\/ibutamorenmk677.com\/fr\/wp-json\/wp\/v2\/pages\/899","targetHints":{"allow":["GET"]}}],"collection":[{"href":"https:\/\/ibutamorenmk677.com\/fr\/wp-json\/wp\/v2\/pages"}],"about":[{"href":"https:\/\/ibutamorenmk677.com\/fr\/wp-json\/wp\/v2\/types\/page"}],"author":[{"embeddable":true,"href":"https:\/\/ibutamorenmk677.com\/fr\/wp-json\/wp\/v2\/users\/1"}],"replies":[{"embeddable":true,"href":"https:\/\/ibutamorenmk677.com\/fr\/wp-json\/wp\/v2\/comments?post=899"}],"version-history":[{"count":2,"href":"https:\/\/ibutamorenmk677.com\/fr\/wp-json\/wp\/v2\/pages\/899\/revisions"}],"predecessor-version":[{"id":1128,"href":"https:\/\/ibutamorenmk677.com\/fr\/wp-json\/wp\/v2\/pages\/899\/revisions\/1128"}],"wp:attachment":[{"href":"https:\/\/ibutamorenmk677.com\/fr\/wp-json\/wp\/v2\/media?parent=899"}],"curies":[{"name":"wp","href":"https:\/\/api.w.org\/{rel}","templated":true}]}}