{"id":1410,"date":"2024-10-02T11:06:35","date_gmt":"2024-10-02T11:06:35","guid":{"rendered":"https:\/\/ibutamorenmk677.com\/?post_type=product&#038;p=1410"},"modified":"2024-10-02T11:08:08","modified_gmt":"2024-10-02T11:08:08","slug":"ibutamoren-mk677-copy-2","status":"publish","type":"product","link":"https:\/\/ibutamorenmk677.com\/fr\/produit\/ibutamoren-mk677-copy-2\/","title":{"rendered":"IBUTAMOREN MK677"},"content":{"rendered":"<p>L&#8217;ibutamoren (MK677) est un puissant s\u00e9cr\u00e9tagogue de l&#8217;hormone de croissance et un membre de la famille des modulateurs s\u00e9lectifs des r\u00e9cepteurs aux androg\u00e8nes (SARM). Les SARM sont connus pour cibler et lier s\u00e9lectivement les r\u00e9cepteurs androg\u00e8nes dans des tissus sp\u00e9cifiques, tels que les muscles et les os, tout en \u00e9vitant les effets secondaires ind\u00e9sirables dans d&#8217;autres tissus. En augmentant les niveaux d&#8217;hormone de croissance et d&#8217;IGF-1 de votre corps, l&#8217;ibutamoren offre de nombreux avantages, notamment une croissance musculaire acc\u00e9l\u00e9r\u00e9e, une perte de graisse accrue, un m\u00e9tabolisme et une r\u00e9cup\u00e9ration am\u00e9lior\u00e9s, des os et des articulations plus solides, des cheveux et des ongles plus sains, et un syst\u00e8me immunitaire renforc\u00e9. Avec Ibutamoren, vous pouvez acc\u00e9l\u00e9rer votre croissance musculaire, maximiser vos pompes dans la salle de sport et b\u00e9n\u00e9ficier de temps de r\u00e9cup\u00e9ration plus rapides, m\u00eame apr\u00e8s les entra\u00eenements les plus intenses. Attendez-vous \u00e0 une meilleure vascularisation, \u00e0 un minimum d&#8217;effets secondaires, \u00e0 une augmentation de la force dans tout le corps et \u00e0 des r\u00e9sultats rapides qui vous permettront de rester motiv\u00e9 et sur la bonne voie.<\/p>\n","protected":false},"excerpt":{"rendered":"<p>L&#8217;ibutamoren (MK677) stimule l&#8217;hormone de croissance, ce qui entra\u00eene une augmentation de la masse musculaire, des os plus solides, un meilleur sommeil, des cheveux et des ongles plus sains et une r\u00e9cup\u00e9ration plus rapide.<\/p>\n","protected":false},"featured_media":811,"comment_status":"open","ping_status":"closed","template":"","meta":{"_acf_changed":false},"product_cat":[43],"product_tag":[],"class_list":{"0":"post-1410","1":"product","2":"type-product","3":"status-publish","4":"has-post-thumbnail","6":"product_cat-non-classifiee","8":"first","9":"instock","10":"sale","11":"shipping-taxable","12":"purchasable","13":"product-type-variable"},"acf":[],"yoast_head":"<!-- This site is optimized with the Yoast SEO plugin v23.9 - https:\/\/yoast.com\/wordpress\/plugins\/seo\/ -->\n<title>IBUTAMOREN MK677 - Biaxol Supplements<\/title>\n<meta name=\"robots\" content=\"index, follow, max-snippet:-1, max-image-preview:large, max-video-preview:-1\" \/>\n<link rel=\"canonical\" href=\"https:\/\/ibutamorenmk677.com\/fr\/produit\/ibutamoren-mk677-copy-2\/\" \/>\n<meta property=\"og:locale\" content=\"fr_FR\" \/>\n<meta property=\"og:type\" content=\"article\" \/>\n<meta property=\"og:title\" content=\"IBUTAMOREN MK677 - Biaxol Supplements\" \/>\n<meta property=\"og:description\" content=\"L&#039;ibutamoren (MK677) stimule l&#039;hormone de croissance, ce qui entra\u00eene une augmentation de la masse musculaire, des os plus solides, un meilleur sommeil, des cheveux et des ongles plus sains et une r\u00e9cup\u00e9ration plus rapide.\" \/>\n<meta property=\"og:url\" content=\"https:\/\/ibutamorenmk677.com\/fr\/produit\/ibutamoren-mk677-copy-2\/\" \/>\n<meta property=\"og:site_name\" content=\"Biaxol Supplements\" \/>\n<meta property=\"article:modified_time\" content=\"2024-10-02T11:08:08+00:00\" \/>\n<meta property=\"og:image\" content=\"https:\/\/dnz6u1dpzfvwo.cloudfront.net\/ibutamorenmk677\/2024\/05\/28061627\/product-img-1.jpg\" \/>\n\t<meta property=\"og:image:width\" content=\"1226\" \/>\n\t<meta property=\"og:image:height\" content=\"1226\" \/>\n\t<meta property=\"og:image:type\" content=\"image\/jpeg\" \/>\n<meta name=\"twitter:card\" content=\"summary_large_image\" \/>\n<meta name=\"twitter:label1\" content=\"Est. reading time\" \/>\n\t<meta name=\"twitter:data1\" content=\"1 minute\" \/>\n<script type=\"application\/ld+json\" class=\"yoast-schema-graph\">{\"@context\":\"https:\/\/schema.org\",\"@graph\":[{\"@type\":\"WebPage\",\"@id\":\"https:\/\/ibutamorenmk677.com\/fr\/produit\/ibutamoren-mk677-copy-2\/\",\"url\":\"https:\/\/ibutamorenmk677.com\/fr\/produit\/ibutamoren-mk677-copy-2\/\",\"name\":\"IBUTAMOREN MK677 - Biaxol Supplements\",\"isPartOf\":{\"@id\":\"https:\/\/ibutamorenmk677.com\/fr\/#website\"},\"primaryImageOfPage\":{\"@id\":\"https:\/\/ibutamorenmk677.com\/fr\/produit\/ibutamoren-mk677-copy-2\/#primaryimage\"},\"image\":{\"@id\":\"https:\/\/ibutamorenmk677.com\/fr\/produit\/ibutamoren-mk677-copy-2\/#primaryimage\"},\"thumbnailUrl\":\"https:\/\/dnz6u1dpzfvwo.cloudfront.net\/ibutamorenmk677\/2024\/05\/28061627\/product-img-1.jpg\",\"datePublished\":\"2024-10-02T11:06:35+00:00\",\"dateModified\":\"2024-10-02T11:08:08+00:00\",\"breadcrumb\":{\"@id\":\"https:\/\/ibutamorenmk677.com\/fr\/produit\/ibutamoren-mk677-copy-2\/#breadcrumb\"},\"inLanguage\":\"fr-FR\",\"potentialAction\":[{\"@type\":\"ReadAction\",\"target\":[\"https:\/\/ibutamorenmk677.com\/fr\/produit\/ibutamoren-mk677-copy-2\/\"]}]},{\"@type\":\"ImageObject\",\"inLanguage\":\"fr-FR\",\"@id\":\"https:\/\/ibutamorenmk677.com\/fr\/produit\/ibutamoren-mk677-copy-2\/#primaryimage\",\"url\":\"https:\/\/dnz6u1dpzfvwo.cloudfront.net\/ibutamorenmk677\/2024\/05\/28061627\/product-img-1.jpg\",\"contentUrl\":\"https:\/\/dnz6u1dpzfvwo.cloudfront.net\/ibutamorenmk677\/2024\/05\/28061627\/product-img-1.jpg\",\"width\":1226,\"height\":1226},{\"@type\":\"BreadcrumbList\",\"@id\":\"https:\/\/ibutamorenmk677.com\/fr\/produit\/ibutamoren-mk677-copy-2\/#breadcrumb\",\"itemListElement\":[{\"@type\":\"ListItem\",\"position\":1,\"name\":\"Home\",\"item\":\"https:\/\/ibutamorenmk677.com\/fr\/\"},{\"@type\":\"ListItem\",\"position\":2,\"name\":\"IBUTAMOREN MK677\"}]},{\"@type\":\"WebSite\",\"@id\":\"https:\/\/ibutamorenmk677.com\/fr\/#website\",\"url\":\"https:\/\/ibutamorenmk677.com\/fr\/\",\"name\":\"Biaxol Supplements\",\"description\":\"\",\"potentialAction\":[{\"@type\":\"SearchAction\",\"target\":{\"@type\":\"EntryPoint\",\"urlTemplate\":\"https:\/\/ibutamorenmk677.com\/fr\/?s={search_term_string}\"},\"query-input\":{\"@type\":\"PropertyValueSpecification\",\"valueRequired\":true,\"valueName\":\"search_term_string\"}}],\"inLanguage\":\"fr-FR\"}]}<\/script>\n<!-- \/ Yoast SEO plugin. -->","yoast_head_json":{"title":"IBUTAMOREN MK677 - Biaxol Supplements","robots":{"index":"index","follow":"follow","max-snippet":"max-snippet:-1","max-image-preview":"max-image-preview:large","max-video-preview":"max-video-preview:-1"},"canonical":"https:\/\/ibutamorenmk677.com\/fr\/produit\/ibutamoren-mk677-copy-2\/","og_locale":"fr_FR","og_type":"article","og_title":"IBUTAMOREN MK677 - Biaxol Supplements","og_description":"L'ibutamoren (MK677) stimule l'hormone de croissance, ce qui entra\u00eene une augmentation de la masse musculaire, des os plus solides, un meilleur sommeil, des cheveux et des ongles plus sains et une r\u00e9cup\u00e9ration plus rapide.","og_url":"https:\/\/ibutamorenmk677.com\/fr\/produit\/ibutamoren-mk677-copy-2\/","og_site_name":"Biaxol Supplements","article_modified_time":"2024-10-02T11:08:08+00:00","og_image":[{"width":1226,"height":1226,"url":"https:\/\/dnz6u1dpzfvwo.cloudfront.net\/ibutamorenmk677\/2024\/05\/28061627\/product-img-1.jpg","type":"image\/jpeg"}],"twitter_card":"summary_large_image","twitter_misc":{"Est. reading time":"1 minute"},"schema":{"@context":"https:\/\/schema.org","@graph":[{"@type":"WebPage","@id":"https:\/\/ibutamorenmk677.com\/fr\/produit\/ibutamoren-mk677-copy-2\/","url":"https:\/\/ibutamorenmk677.com\/fr\/produit\/ibutamoren-mk677-copy-2\/","name":"IBUTAMOREN MK677 - Biaxol Supplements","isPartOf":{"@id":"https:\/\/ibutamorenmk677.com\/fr\/#website"},"primaryImageOfPage":{"@id":"https:\/\/ibutamorenmk677.com\/fr\/produit\/ibutamoren-mk677-copy-2\/#primaryimage"},"image":{"@id":"https:\/\/ibutamorenmk677.com\/fr\/produit\/ibutamoren-mk677-copy-2\/#primaryimage"},"thumbnailUrl":"https:\/\/dnz6u1dpzfvwo.cloudfront.net\/ibutamorenmk677\/2024\/05\/28061627\/product-img-1.jpg","datePublished":"2024-10-02T11:06:35+00:00","dateModified":"2024-10-02T11:08:08+00:00","breadcrumb":{"@id":"https:\/\/ibutamorenmk677.com\/fr\/produit\/ibutamoren-mk677-copy-2\/#breadcrumb"},"inLanguage":"fr-FR","potentialAction":[{"@type":"ReadAction","target":["https:\/\/ibutamorenmk677.com\/fr\/produit\/ibutamoren-mk677-copy-2\/"]}]},{"@type":"ImageObject","inLanguage":"fr-FR","@id":"https:\/\/ibutamorenmk677.com\/fr\/produit\/ibutamoren-mk677-copy-2\/#primaryimage","url":"https:\/\/dnz6u1dpzfvwo.cloudfront.net\/ibutamorenmk677\/2024\/05\/28061627\/product-img-1.jpg","contentUrl":"https:\/\/dnz6u1dpzfvwo.cloudfront.net\/ibutamorenmk677\/2024\/05\/28061627\/product-img-1.jpg","width":1226,"height":1226},{"@type":"BreadcrumbList","@id":"https:\/\/ibutamorenmk677.com\/fr\/produit\/ibutamoren-mk677-copy-2\/#breadcrumb","itemListElement":[{"@type":"ListItem","position":1,"name":"Home","item":"https:\/\/ibutamorenmk677.com\/fr\/"},{"@type":"ListItem","position":2,"name":"IBUTAMOREN MK677"}]},{"@type":"WebSite","@id":"https:\/\/ibutamorenmk677.com\/fr\/#website","url":"https:\/\/ibutamorenmk677.com\/fr\/","name":"Biaxol Supplements","description":"","potentialAction":[{"@type":"SearchAction","target":{"@type":"EntryPoint","urlTemplate":"https:\/\/ibutamorenmk677.com\/fr\/?s={search_term_string}"},"query-input":{"@type":"PropertyValueSpecification","valueRequired":true,"valueName":"search_term_string"}}],"inLanguage":"fr-FR"}]}},"_links":{"self":[{"href":"https:\/\/ibutamorenmk677.com\/fr\/wp-json\/wp\/v2\/product\/1410","targetHints":{"allow":["GET"]}}],"collection":[{"href":"https:\/\/ibutamorenmk677.com\/fr\/wp-json\/wp\/v2\/product"}],"about":[{"href":"https:\/\/ibutamorenmk677.com\/fr\/wp-json\/wp\/v2\/types\/product"}],"replies":[{"embeddable":true,"href":"https:\/\/ibutamorenmk677.com\/fr\/wp-json\/wp\/v2\/comments?post=1410"}],"wp:featuredmedia":[{"embeddable":true,"href":"https:\/\/ibutamorenmk677.com\/fr\/wp-json\/wp\/v2\/media\/811"}],"wp:attachment":[{"href":"https:\/\/ibutamorenmk677.com\/fr\/wp-json\/wp\/v2\/media?parent=1410"}],"wp:term":[{"taxonomy":"product_cat","embeddable":true,"href":"https:\/\/ibutamorenmk677.com\/fr\/wp-json\/wp\/v2\/product_cat?post=1410"},{"taxonomy":"product_tag","embeddable":true,"href":"https:\/\/ibutamorenmk677.com\/fr\/wp-json\/wp\/v2\/product_tag?post=1410"}],"curies":[{"name":"wp","href":"https:\/\/api.w.org\/{rel}","templated":true}]}}