{"id":1122,"date":"2024-06-14T10:59:58","date_gmt":"2024-06-14T10:59:58","guid":{"rendered":"https:\/\/ibutamorenmk677.com\/politica-di-rimborso\/"},"modified":"2025-04-10T15:08:46","modified_gmt":"2025-04-10T15:08:46","slug":"politica-di-rimborso","status":"publish","type":"page","link":"https:\/\/ibutamorenmk677.com\/it\/politica-di-rimborso\/","title":{"rendered":"Politica di rimborso"},"content":{"rendered":"\n<p><strong>Soddisfazione garantita<\/strong><br\/>In BIAXOL, la tua soddisfazione \u00e8 la nostra massima priorit\u00e0. Sosteniamo la qualit\u00e0 dei nostri prodotti e puntiamo a fornire un&#8217;esperienza senza soluzione di continuit\u00e0. Consulta la nostra politica di rimborso dettagliata qui di seguito:<\/p>\n\n<p><strong>Politica di rimborso<\/strong><br\/>Nessun rimborso: BIAXOL non offre rimborsi per gli acquisti effettuati tramite Biaxol.com, tranne nei casi in cui si verifichi un errore nella spedizione o si dimostri che la purezza del prodotto non \u00e8 conforme alle specifiche elencate sul nostro sito.<br\/>Condizioni di restituzione: I rimborsi saranno effettuati solo dopo la restituzione degli articoli a spese dell&#8217;acquirente. A causa della natura dei nostri prodotti di ricerca, non possiamo accertare le condizioni a cui sono stati sottoposti una volta usciti dalla nostra struttura.<br\/>Prodotti mancanti: Se un prodotto manca dal tuo ordine, contattaci immediatamente.  Dopo aver verificato la tua richiesta, ti invieremo i prodotti mancanti.<\/p>\n\n<p><strong>Ordini non consegnabili<\/strong><br\/>Perso durante il trasporto: Se il tuo ordine viene smarrito durante il trasporto, invieremo una sostituzione in base ai criteri del corriere per gli articoli smarriti, come indicato nelle informazioni di tracciamento.<br\/>Segnato come consegnato: Se la tracciabilit\u00e0 dell&#8217;ordine indica &#8220;Consegnato&#8221; ma non hai ancora ricevuto l&#8217;ordine, verifica prima con l&#8217;ufficio postale locale. Se non l&#8217;hai ancora ricevuto, contattaci all&#8217;indirizzo biaxol.com.<br\/><strong><br\/><\/strong><strong>Spese di riconsegna per ordini restituiti<\/strong><br\/>Informazioni errate: Se il tuo ordine viene restituito a causa di informazioni di consegna errate o insufficienti da te fornite, o se la merce non \u00e8 consegnabile senza colpa di Biaxol.com, potremmo addebitare un costo di riconsegna pari al costo della riconsegna.<br\/>Ritiro tempestivo: Assicurati di fornire informazioni postali corrette e di ritirare gli articoli presso l&#8217;ufficio postale locale in modo tempestivo per evitare costi di riconsegna.<br\/>Consegna da parte di terzi: Tutte le consegne sono gestite da terzi e sono soggette ai loro termini e condizioni. Sebbene ci impegniamo a consegnare il tuo ordine in tempi brevi, non possiamo garantire tempi di consegna o livelli di servizio specifici.<\/p>\n\n<p><strong>Pacchetti smarriti o rubati<\/strong><br\/>Responsabilit\u00e0: Non siamo responsabili per i pacchi smarriti o rubati dopo che le informazioni di tracciamento hanno confermato l&#8217;avvenuta consegna. I membri sono responsabili dei loro ordini dal momento in cui il pacco viene contrassegnato come &#8220;in consegna&#8221; fino alla consegna.<\/p>\n\n<p><strong>Disclaimer<\/strong><br\/>Solo per uso di ricerca: Tutti i prodotti BIAXOL sono solo a scopo di ricerca e non sono destinati a trattare, curare o prevenire alcuna malattia. Sono destinati esclusivamente a un uso di laboratorio e di ricerca personale. Gli acquirenti devono avere almeno 18 anni per acquistare i prodotti BIAXOL.<br\/>Scopo dell&#8217;informazione: tutte le informazioni sui prodotti BIAXOL, sul sito web e sulle comunicazioni hanno uno scopo puramente informativo ed educativo e non sostituiscono la consulenza medica di un professionista.<\/p>\n\n<p><strong>Spedizioni sequestrate e dogana (ordini internazionali)<\/strong><br\/>Spedizioni sequestrate: Se una spedizione viene sequestrata, offriamo una rispedizione gratuita per una sola volta. Se l&#8217;articolo viene nuovamente sequestrato, non rimborseremo l&#8217;ordine ma potremo offrire una rispedizione o un credito di negozio.<br\/>Tasse doganali: Le tasse di importazione, i dazi e le relative spese doganali possono essere addebitate all&#8217;arrivo a destinazione. Queste spese sono a carico dell&#8217;acquirente e non sono coperte da BIAXOL.<br\/>Ritardi doganali: Non siamo responsabili dei ritardi causati dalla dogana del tuo paese.   Per maggiori dettagli sulle spese, contatta l&#8217;ufficio doganale locale.<\/p>\n\n<p><strong>Annullare o modificare un ordine<\/strong><br\/>Modifica: Per modificare il tuo ordine, inviaci un&#8217;e-mail il prima possibile dopo averlo effettuato. Possiamo modificare il tuo ordine solo se non \u00e8 ancora stato spedito.<br\/>Cancellazione: Il nostro team ti assister\u00e0 nella cancellazione dell&#8217;ordine ed emetter\u00e0 un rimborso sotto forma di crediti futuri per il negozio. <\/p>\n\n<p>\n          <strong>Tieni presente che una volta che il tuo ordine \u00e8 stato spedito dalla nostra struttura, non abbiamo alcun controllo su eventuali ritardi, quindi non possiamo garantire l&#8217;ora esatta di arrivo.<\/strong>\n        <\/p>\n","protected":false},"excerpt":{"rendered":"<p>Soddisfazione garantitaIn BIAXOL, la tua soddisfazione \u00e8 la nostra massima priorit\u00e0. Sosteniamo la qualit\u00e0 dei nostri prodotti e puntiamo a fornire un&#8217;esperienza senza soluzione di continuit\u00e0. Consulta la nostra politica di rimborso dettagliata qui di seguito: Politica di rimborsoNessun rimborso: BIAXOL non offre rimborsi per gli acquisti effettuati tramite Biaxol.com, tranne nei casi in cui [&hellip;]<\/p>\n","protected":false},"author":1,"featured_media":0,"parent":0,"menu_order":0,"comment_status":"closed","ping_status":"closed","template":"","meta":{"_acf_changed":false,"footnotes":""},"class_list":["post-1122","page","type-page","status-publish","hentry"],"acf":[],"yoast_head":"<!-- This site is optimized with the Yoast SEO plugin v23.9 - https:\/\/yoast.com\/wordpress\/plugins\/seo\/ -->\n<title>Politica di rimborso - Biaxol Supplements<\/title>\n<meta name=\"robots\" content=\"index, follow, max-snippet:-1, max-image-preview:large, max-video-preview:-1\" \/>\n<link rel=\"canonical\" href=\"https:\/\/ibutamorenmk677.com\/it\/politica-di-rimborso\/\" \/>\n<meta property=\"og:locale\" content=\"it_IT\" \/>\n<meta property=\"og:type\" content=\"article\" \/>\n<meta property=\"og:title\" content=\"Politica di rimborso - Biaxol Supplements\" \/>\n<meta property=\"og:description\" content=\"Soddisfazione garantitaIn BIAXOL, la tua soddisfazione \u00e8 la nostra massima priorit\u00e0. Sosteniamo la qualit\u00e0 dei nostri prodotti e puntiamo a fornire un&#8217;esperienza senza soluzione di continuit\u00e0. Consulta la nostra politica di rimborso dettagliata qui di seguito: Politica di rimborsoNessun rimborso: BIAXOL non offre rimborsi per gli acquisti effettuati tramite Biaxol.com, tranne nei casi in cui [&hellip;]\" \/>\n<meta property=\"og:url\" content=\"https:\/\/ibutamorenmk677.com\/it\/politica-di-rimborso\/\" \/>\n<meta property=\"og:site_name\" content=\"Biaxol Supplements\" \/>\n<meta property=\"article:modified_time\" content=\"2025-04-10T15:08:46+00:00\" \/>\n<meta name=\"twitter:card\" content=\"summary_large_image\" \/>\n<meta name=\"twitter:label1\" content=\"Est. reading time\" \/>\n\t<meta name=\"twitter:data1\" content=\"3 minutes\" \/>\n<script type=\"application\/ld+json\" class=\"yoast-schema-graph\">{\"@context\":\"https:\/\/schema.org\",\"@graph\":[{\"@type\":\"WebPage\",\"@id\":\"https:\/\/ibutamorenmk677.com\/it\/politica-di-rimborso\/\",\"url\":\"https:\/\/ibutamorenmk677.com\/it\/politica-di-rimborso\/\",\"name\":\"Politica di rimborso - Biaxol Supplements\",\"isPartOf\":{\"@id\":\"https:\/\/ibutamorenmk677.com\/it\/#website\"},\"datePublished\":\"2024-06-14T10:59:58+00:00\",\"dateModified\":\"2025-04-10T15:08:46+00:00\",\"breadcrumb\":{\"@id\":\"https:\/\/ibutamorenmk677.com\/it\/politica-di-rimborso\/#breadcrumb\"},\"inLanguage\":\"it-IT\",\"potentialAction\":[{\"@type\":\"ReadAction\",\"target\":[\"https:\/\/ibutamorenmk677.com\/it\/politica-di-rimborso\/\"]}]},{\"@type\":\"BreadcrumbList\",\"@id\":\"https:\/\/ibutamorenmk677.com\/it\/politica-di-rimborso\/#breadcrumb\",\"itemListElement\":[{\"@type\":\"ListItem\",\"position\":1,\"name\":\"Home\",\"item\":\"https:\/\/ibutamorenmk677.com\/it\/\"},{\"@type\":\"ListItem\",\"position\":2,\"name\":\"Politica di rimborso\"}]},{\"@type\":\"WebSite\",\"@id\":\"https:\/\/ibutamorenmk677.com\/it\/#website\",\"url\":\"https:\/\/ibutamorenmk677.com\/it\/\",\"name\":\"Biaxol Supplements\",\"description\":\"\",\"potentialAction\":[{\"@type\":\"SearchAction\",\"target\":{\"@type\":\"EntryPoint\",\"urlTemplate\":\"https:\/\/ibutamorenmk677.com\/it\/?s={search_term_string}\"},\"query-input\":{\"@type\":\"PropertyValueSpecification\",\"valueRequired\":true,\"valueName\":\"search_term_string\"}}],\"inLanguage\":\"it-IT\"}]}<\/script>\n<!-- \/ Yoast SEO plugin. -->","yoast_head_json":{"title":"Politica di rimborso - Biaxol Supplements","robots":{"index":"index","follow":"follow","max-snippet":"max-snippet:-1","max-image-preview":"max-image-preview:large","max-video-preview":"max-video-preview:-1"},"canonical":"https:\/\/ibutamorenmk677.com\/it\/politica-di-rimborso\/","og_locale":"it_IT","og_type":"article","og_title":"Politica di rimborso - Biaxol Supplements","og_description":"Soddisfazione garantitaIn BIAXOL, la tua soddisfazione \u00e8 la nostra massima priorit\u00e0. Sosteniamo la qualit\u00e0 dei nostri prodotti e puntiamo a fornire un&#8217;esperienza senza soluzione di continuit\u00e0. Consulta la nostra politica di rimborso dettagliata qui di seguito: Politica di rimborsoNessun rimborso: BIAXOL non offre rimborsi per gli acquisti effettuati tramite Biaxol.com, tranne nei casi in cui [&hellip;]","og_url":"https:\/\/ibutamorenmk677.com\/it\/politica-di-rimborso\/","og_site_name":"Biaxol Supplements","article_modified_time":"2025-04-10T15:08:46+00:00","twitter_card":"summary_large_image","twitter_misc":{"Est. reading time":"3 minutes"},"schema":{"@context":"https:\/\/schema.org","@graph":[{"@type":"WebPage","@id":"https:\/\/ibutamorenmk677.com\/it\/politica-di-rimborso\/","url":"https:\/\/ibutamorenmk677.com\/it\/politica-di-rimborso\/","name":"Politica di rimborso - Biaxol Supplements","isPartOf":{"@id":"https:\/\/ibutamorenmk677.com\/it\/#website"},"datePublished":"2024-06-14T10:59:58+00:00","dateModified":"2025-04-10T15:08:46+00:00","breadcrumb":{"@id":"https:\/\/ibutamorenmk677.com\/it\/politica-di-rimborso\/#breadcrumb"},"inLanguage":"it-IT","potentialAction":[{"@type":"ReadAction","target":["https:\/\/ibutamorenmk677.com\/it\/politica-di-rimborso\/"]}]},{"@type":"BreadcrumbList","@id":"https:\/\/ibutamorenmk677.com\/it\/politica-di-rimborso\/#breadcrumb","itemListElement":[{"@type":"ListItem","position":1,"name":"Home","item":"https:\/\/ibutamorenmk677.com\/it\/"},{"@type":"ListItem","position":2,"name":"Politica di rimborso"}]},{"@type":"WebSite","@id":"https:\/\/ibutamorenmk677.com\/it\/#website","url":"https:\/\/ibutamorenmk677.com\/it\/","name":"Biaxol Supplements","description":"","potentialAction":[{"@type":"SearchAction","target":{"@type":"EntryPoint","urlTemplate":"https:\/\/ibutamorenmk677.com\/it\/?s={search_term_string}"},"query-input":{"@type":"PropertyValueSpecification","valueRequired":true,"valueName":"search_term_string"}}],"inLanguage":"it-IT"}]}},"_links":{"self":[{"href":"https:\/\/ibutamorenmk677.com\/it\/wp-json\/wp\/v2\/pages\/1122","targetHints":{"allow":["GET"]}}],"collection":[{"href":"https:\/\/ibutamorenmk677.com\/it\/wp-json\/wp\/v2\/pages"}],"about":[{"href":"https:\/\/ibutamorenmk677.com\/it\/wp-json\/wp\/v2\/types\/page"}],"author":[{"embeddable":true,"href":"https:\/\/ibutamorenmk677.com\/it\/wp-json\/wp\/v2\/users\/1"}],"replies":[{"embeddable":true,"href":"https:\/\/ibutamorenmk677.com\/it\/wp-json\/wp\/v2\/comments?post=1122"}],"version-history":[{"count":2,"href":"https:\/\/ibutamorenmk677.com\/it\/wp-json\/wp\/v2\/pages\/1122\/revisions"}],"predecessor-version":[{"id":2058,"href":"https:\/\/ibutamorenmk677.com\/it\/wp-json\/wp\/v2\/pages\/1122\/revisions\/2058"}],"wp:attachment":[{"href":"https:\/\/ibutamorenmk677.com\/it\/wp-json\/wp\/v2\/media?parent=1122"}],"curies":[{"name":"wp","href":"https:\/\/api.w.org\/{rel}","templated":true}]}}