{"id":1414,"date":"2024-10-02T11:06:35","date_gmt":"2024-10-02T11:06:35","guid":{"rendered":"https:\/\/ibutamorenmk677.com\/?post_type=product&#038;p=1414"},"modified":"2024-10-02T11:08:10","modified_gmt":"2024-10-02T11:08:10","slug":"ibutamoren-mk677-copy-2","status":"publish","type":"product","link":"https:\/\/ibutamorenmk677.com\/it\/prodotto\/ibutamoren-mk677-copy-2\/","title":{"rendered":"IBUTAMOREN MK677"},"content":{"rendered":"<p>L&#8217;ibutamoren (MK677) \u00e8 un potente secretagogo dell&#8217;ormone della crescita e fa parte della famiglia dei modulatori selettivi del recettore degli androgeni (SARM). I SARM sono noti per essere in grado di colpire e legarsi selettivamente ai recettori degli androgeni in tessuti specifici, come i muscoli e le ossa, evitando effetti collaterali indesiderati in altri tessuti. Aumentando i livelli di ormone della crescita e di IGF-1, l&#8217;Ibutamoren offre molti benefici, tra cui una crescita muscolare accelerata, una maggiore perdita di grasso, un miglioramento del metabolismo e del recupero, ossa e articolazioni pi\u00f9 forti, capelli e unghie pi\u00f9 sani e un sistema immunitario potenziato. Con Ibutamoren puoi potenziare al massimo la crescita muscolare, massimizzare le pompe in palestra e accelerare i tempi di recupero, anche dopo gli allenamenti pi\u00f9 intensi. Aspettati una maggiore vascolarizzazione, effetti collaterali minimi o nulli, un aumento della forza in tutto il corpo e risultati rapidi che ti manterranno motivato e sulla buona strada.<\/p>\n","protected":false},"excerpt":{"rendered":"<p>L&#8217;ibutamoren (MK677) stimola l&#8217;ormone della crescita, portando a un aumento della massa muscolare, a ossa pi\u00f9 forti, a un sonno migliore, a capelli e unghie pi\u00f9 sani e a un recupero pi\u00f9 rapido.<\/p>\n","protected":false},"featured_media":813,"comment_status":"open","ping_status":"closed","template":"","meta":{"_acf_changed":false},"product_cat":[45],"product_tag":[],"class_list":{"0":"post-1414","1":"product","2":"type-product","3":"status-publish","4":"has-post-thumbnail","6":"product_cat-non-categorizzato","8":"first","9":"instock","10":"sale","11":"shipping-taxable","12":"purchasable","13":"product-type-variable"},"acf":[],"yoast_head":"<!-- This site is optimized with the Yoast SEO plugin v23.9 - https:\/\/yoast.com\/wordpress\/plugins\/seo\/ -->\n<title>IBUTAMOREN MK677 - Biaxol Supplements<\/title>\n<meta name=\"robots\" content=\"index, follow, max-snippet:-1, max-image-preview:large, max-video-preview:-1\" \/>\n<link rel=\"canonical\" href=\"https:\/\/ibutamorenmk677.com\/it\/prodotto\/ibutamoren-mk677-copy-2\/\" \/>\n<meta property=\"og:locale\" content=\"it_IT\" \/>\n<meta property=\"og:type\" content=\"article\" \/>\n<meta property=\"og:title\" content=\"IBUTAMOREN MK677 - Biaxol Supplements\" \/>\n<meta property=\"og:description\" content=\"L&#039;ibutamoren (MK677) stimola l&#039;ormone della crescita, portando a un aumento della massa muscolare, a ossa pi\u00f9 forti, a un sonno migliore, a capelli e unghie pi\u00f9 sani e a un recupero pi\u00f9 rapido.\" \/>\n<meta property=\"og:url\" content=\"https:\/\/ibutamorenmk677.com\/it\/prodotto\/ibutamoren-mk677-copy-2\/\" \/>\n<meta property=\"og:site_name\" content=\"Biaxol Supplements\" \/>\n<meta property=\"article:modified_time\" content=\"2024-10-02T11:08:10+00:00\" \/>\n<meta property=\"og:image\" content=\"https:\/\/dnz6u1dpzfvwo.cloudfront.net\/ibutamorenmk677\/2024\/05\/28061627\/product-img-1.jpg\" \/>\n\t<meta property=\"og:image:width\" content=\"1226\" \/>\n\t<meta property=\"og:image:height\" content=\"1226\" \/>\n\t<meta property=\"og:image:type\" content=\"image\/jpeg\" \/>\n<meta name=\"twitter:card\" content=\"summary_large_image\" \/>\n<meta name=\"twitter:label1\" content=\"Est. reading time\" \/>\n\t<meta name=\"twitter:data1\" content=\"1 minute\" \/>\n<script type=\"application\/ld+json\" class=\"yoast-schema-graph\">{\"@context\":\"https:\/\/schema.org\",\"@graph\":[{\"@type\":\"WebPage\",\"@id\":\"https:\/\/ibutamorenmk677.com\/it\/prodotto\/ibutamoren-mk677-copy-2\/\",\"url\":\"https:\/\/ibutamorenmk677.com\/it\/prodotto\/ibutamoren-mk677-copy-2\/\",\"name\":\"IBUTAMOREN MK677 - Biaxol Supplements\",\"isPartOf\":{\"@id\":\"https:\/\/ibutamorenmk677.com\/it\/#website\"},\"primaryImageOfPage\":{\"@id\":\"https:\/\/ibutamorenmk677.com\/it\/prodotto\/ibutamoren-mk677-copy-2\/#primaryimage\"},\"image\":{\"@id\":\"https:\/\/ibutamorenmk677.com\/it\/prodotto\/ibutamoren-mk677-copy-2\/#primaryimage\"},\"thumbnailUrl\":\"https:\/\/dnz6u1dpzfvwo.cloudfront.net\/ibutamorenmk677\/2024\/05\/28061627\/product-img-1.jpg\",\"datePublished\":\"2024-10-02T11:06:35+00:00\",\"dateModified\":\"2024-10-02T11:08:10+00:00\",\"breadcrumb\":{\"@id\":\"https:\/\/ibutamorenmk677.com\/it\/prodotto\/ibutamoren-mk677-copy-2\/#breadcrumb\"},\"inLanguage\":\"it-IT\",\"potentialAction\":[{\"@type\":\"ReadAction\",\"target\":[\"https:\/\/ibutamorenmk677.com\/it\/prodotto\/ibutamoren-mk677-copy-2\/\"]}]},{\"@type\":\"ImageObject\",\"inLanguage\":\"it-IT\",\"@id\":\"https:\/\/ibutamorenmk677.com\/it\/prodotto\/ibutamoren-mk677-copy-2\/#primaryimage\",\"url\":\"https:\/\/dnz6u1dpzfvwo.cloudfront.net\/ibutamorenmk677\/2024\/05\/28061627\/product-img-1.jpg\",\"contentUrl\":\"https:\/\/dnz6u1dpzfvwo.cloudfront.net\/ibutamorenmk677\/2024\/05\/28061627\/product-img-1.jpg\",\"width\":1226,\"height\":1226},{\"@type\":\"BreadcrumbList\",\"@id\":\"https:\/\/ibutamorenmk677.com\/it\/prodotto\/ibutamoren-mk677-copy-2\/#breadcrumb\",\"itemListElement\":[{\"@type\":\"ListItem\",\"position\":1,\"name\":\"Home\",\"item\":\"https:\/\/ibutamorenmk677.com\/it\/\"},{\"@type\":\"ListItem\",\"position\":2,\"name\":\"IBUTAMOREN MK677\"}]},{\"@type\":\"WebSite\",\"@id\":\"https:\/\/ibutamorenmk677.com\/it\/#website\",\"url\":\"https:\/\/ibutamorenmk677.com\/it\/\",\"name\":\"Biaxol Supplements\",\"description\":\"\",\"potentialAction\":[{\"@type\":\"SearchAction\",\"target\":{\"@type\":\"EntryPoint\",\"urlTemplate\":\"https:\/\/ibutamorenmk677.com\/it\/?s={search_term_string}\"},\"query-input\":{\"@type\":\"PropertyValueSpecification\",\"valueRequired\":true,\"valueName\":\"search_term_string\"}}],\"inLanguage\":\"it-IT\"}]}<\/script>\n<!-- \/ Yoast SEO plugin. -->","yoast_head_json":{"title":"IBUTAMOREN MK677 - Biaxol Supplements","robots":{"index":"index","follow":"follow","max-snippet":"max-snippet:-1","max-image-preview":"max-image-preview:large","max-video-preview":"max-video-preview:-1"},"canonical":"https:\/\/ibutamorenmk677.com\/it\/prodotto\/ibutamoren-mk677-copy-2\/","og_locale":"it_IT","og_type":"article","og_title":"IBUTAMOREN MK677 - Biaxol Supplements","og_description":"L'ibutamoren (MK677) stimola l'ormone della crescita, portando a un aumento della massa muscolare, a ossa pi\u00f9 forti, a un sonno migliore, a capelli e unghie pi\u00f9 sani e a un recupero pi\u00f9 rapido.","og_url":"https:\/\/ibutamorenmk677.com\/it\/prodotto\/ibutamoren-mk677-copy-2\/","og_site_name":"Biaxol Supplements","article_modified_time":"2024-10-02T11:08:10+00:00","og_image":[{"width":1226,"height":1226,"url":"https:\/\/dnz6u1dpzfvwo.cloudfront.net\/ibutamorenmk677\/2024\/05\/28061627\/product-img-1.jpg","type":"image\/jpeg"}],"twitter_card":"summary_large_image","twitter_misc":{"Est. reading time":"1 minute"},"schema":{"@context":"https:\/\/schema.org","@graph":[{"@type":"WebPage","@id":"https:\/\/ibutamorenmk677.com\/it\/prodotto\/ibutamoren-mk677-copy-2\/","url":"https:\/\/ibutamorenmk677.com\/it\/prodotto\/ibutamoren-mk677-copy-2\/","name":"IBUTAMOREN MK677 - Biaxol Supplements","isPartOf":{"@id":"https:\/\/ibutamorenmk677.com\/it\/#website"},"primaryImageOfPage":{"@id":"https:\/\/ibutamorenmk677.com\/it\/prodotto\/ibutamoren-mk677-copy-2\/#primaryimage"},"image":{"@id":"https:\/\/ibutamorenmk677.com\/it\/prodotto\/ibutamoren-mk677-copy-2\/#primaryimage"},"thumbnailUrl":"https:\/\/dnz6u1dpzfvwo.cloudfront.net\/ibutamorenmk677\/2024\/05\/28061627\/product-img-1.jpg","datePublished":"2024-10-02T11:06:35+00:00","dateModified":"2024-10-02T11:08:10+00:00","breadcrumb":{"@id":"https:\/\/ibutamorenmk677.com\/it\/prodotto\/ibutamoren-mk677-copy-2\/#breadcrumb"},"inLanguage":"it-IT","potentialAction":[{"@type":"ReadAction","target":["https:\/\/ibutamorenmk677.com\/it\/prodotto\/ibutamoren-mk677-copy-2\/"]}]},{"@type":"ImageObject","inLanguage":"it-IT","@id":"https:\/\/ibutamorenmk677.com\/it\/prodotto\/ibutamoren-mk677-copy-2\/#primaryimage","url":"https:\/\/dnz6u1dpzfvwo.cloudfront.net\/ibutamorenmk677\/2024\/05\/28061627\/product-img-1.jpg","contentUrl":"https:\/\/dnz6u1dpzfvwo.cloudfront.net\/ibutamorenmk677\/2024\/05\/28061627\/product-img-1.jpg","width":1226,"height":1226},{"@type":"BreadcrumbList","@id":"https:\/\/ibutamorenmk677.com\/it\/prodotto\/ibutamoren-mk677-copy-2\/#breadcrumb","itemListElement":[{"@type":"ListItem","position":1,"name":"Home","item":"https:\/\/ibutamorenmk677.com\/it\/"},{"@type":"ListItem","position":2,"name":"IBUTAMOREN MK677"}]},{"@type":"WebSite","@id":"https:\/\/ibutamorenmk677.com\/it\/#website","url":"https:\/\/ibutamorenmk677.com\/it\/","name":"Biaxol Supplements","description":"","potentialAction":[{"@type":"SearchAction","target":{"@type":"EntryPoint","urlTemplate":"https:\/\/ibutamorenmk677.com\/it\/?s={search_term_string}"},"query-input":{"@type":"PropertyValueSpecification","valueRequired":true,"valueName":"search_term_string"}}],"inLanguage":"it-IT"}]}},"_links":{"self":[{"href":"https:\/\/ibutamorenmk677.com\/it\/wp-json\/wp\/v2\/product\/1414","targetHints":{"allow":["GET"]}}],"collection":[{"href":"https:\/\/ibutamorenmk677.com\/it\/wp-json\/wp\/v2\/product"}],"about":[{"href":"https:\/\/ibutamorenmk677.com\/it\/wp-json\/wp\/v2\/types\/product"}],"replies":[{"embeddable":true,"href":"https:\/\/ibutamorenmk677.com\/it\/wp-json\/wp\/v2\/comments?post=1414"}],"wp:featuredmedia":[{"embeddable":true,"href":"https:\/\/ibutamorenmk677.com\/it\/wp-json\/wp\/v2\/media\/813"}],"wp:attachment":[{"href":"https:\/\/ibutamorenmk677.com\/it\/wp-json\/wp\/v2\/media?parent=1414"}],"wp:term":[{"taxonomy":"product_cat","embeddable":true,"href":"https:\/\/ibutamorenmk677.com\/it\/wp-json\/wp\/v2\/product_cat?post=1414"},{"taxonomy":"product_tag","embeddable":true,"href":"https:\/\/ibutamorenmk677.com\/it\/wp-json\/wp\/v2\/product_tag?post=1414"}],"curies":[{"name":"wp","href":"https:\/\/api.w.org\/{rel}","templated":true}]}}